{"id":796,"date":"2021-02-17T17:20:12","date_gmt":"2021-02-17T20:20:12","guid":{"rendered":"http:\/\/34.86.18.239\/?page_id=796"},"modified":"2021-03-22T14:46:15","modified_gmt":"2021-03-22T17:46:15","slug":"termos-de-uso","status":"publish","type":"page","link":"https:\/\/gboetrack.com\/es\/termos-de-uso\/","title":{"rendered":"Termos de uso"},"content":{"rendered":"<div class=\"row\"  id=\"row-2003885508\">\n\n\n\t<div id=\"col-660662790\" class=\"col medium-6 small-12 large-6\"  >\n\t\t\t\t<div class=\"col-inner\"  >\n\t\t\t\n\t\t\t\n\n\t<div class=\"img has-hover x md-x lg-x y md-y lg-y\" id=\"image_1847501678\">\n\t\t\t\t\t\t\t\t<div class=\"img-inner dark\" >\n\t\t\t<img loading=\"lazy\" decoding=\"async\" width=\"500\" height=\"124\" src=\"https:\/\/gboetrack.com\/wp-content\/uploads\/2021\/01\/logo-gbo-bio-one-etrack.png\" class=\"attachment-large size-large\" alt=\"logo Greiner Bio-One eTrack\" \/>\t\t\t\t\t\t\n\t\t\t\t\t<\/div>\n\t\t\t\t\t\t\t\t\n<style>\n#image_1847501678 {\n  width: 50%;\n}\n<\/style>\n\t<\/div>\n\t\n\n\n\t\t<\/div>\n\t\t\t\t\t<\/div>\n\n\t\n\n\t<div id=\"col-829443988\" class=\"col medium-6 small-12 large-6\"  >\n\t\t\t\t<div class=\"col-inner text-right\"  >\n\t\t\t\n\t\t\t\n\n\t<div class=\"img has-hover x md-x lg-x y md-y lg-y\" id=\"image_1917002737\">\n\t\t\t\t\t\t\t\t<div class=\"img-inner dark\" >\n\t\t\t<img loading=\"lazy\" decoding=\"async\" width=\"300\" height=\"153\" src=\"https:\/\/gboetrack.com\/wp-content\/uploads\/2021\/01\/logo-gbo-01.png\" class=\"attachment-large size-large\" alt=\"logo Greiner Bio-One Service Tech\" \/>\t\t\t\t\t\t\n\t\t\t\t\t<\/div>\n\t\t\t\t\t\t\t\t\n<style>\n#image_1917002737 {\n  width: 25%;\n}\n<\/style>\n\t<\/div>\n\t\n\n\n\t\t<\/div>\n\t\t\t\t\t<\/div>\n\n\t\n\n<\/div>\n\t<div id=\"text-2494555868\" class=\"text\">\n\t\t\n\n<p><strong>Greiner bio-one Service Tech Sistemas, Productos y Servicios para la Salud Ltda.<\/strong><\/p>\n\t\t\n<style>\n#text-2494555868 {\n  font-size: 1.5rem;\n  text-align: center;\n}\n<\/style>\n\t<\/div>\n\t\n<p><br \/>\nEl prop\u00f3sito de esta propuesta es establecer una alianza entre Greiner Service Tech y su empresa, fortaleciendo soluciones seguras, confiables e innovadoras.<\/p>\n<p>Pasados los 12 meses se puede renovar autom\u00e1ticamente el contrato y se verifican las condiciones promocionales, adem\u00e1s de la correcci\u00f3n por IGPM o rescisi\u00f3n sin cargo previa notificaci\u00f3n a trav\u00e9s de nuestra p\u00e1gina de destino.<\/p>\n<p>La tarifa de instalaci\u00f3n se cobrar\u00e1 solo en la primera suscripci\u00f3n anual.<\/p>\n<p>La garant\u00eda de los dispositivos es de 12 meses por defectos de fabricaci\u00f3n, fallas relacionadas con un uso incorrecto o da\u00f1os, no est\u00e1n cubiertos por la garant\u00eda.<\/p>\n<\/p>\n<p><strong>IMPORTANTE<\/strong>: Esta aplicaci\u00f3n solo est\u00e1 disponible para dispositivos m\u00f3viles, verifique su configuraci\u00f3n m\u00ednima y dispositivos validados en el listado informado en el sitio web, www.gboetrack.com.br.<\/p>\n<\/p>\n<p><strong>ACEPTAR:<\/strong>:<\/p>\n<p>Para esta propuesta, presentada anteriormente por Greiner Service Tech, el cliente ofrece la plena aceptaci\u00f3n y acuerdo de los t\u00e9rminos de esta negociaci\u00f3n comercial, teniendo como objetivo la formalizaci\u00f3n del contrato entre las partes.<\/p>\n<\/p>\n<p>Americana, domingo, 26 de abril de 2026","protected":false},"excerpt":{"rendered":"","protected":false},"author":2,"featured_media":0,"parent":0,"menu_order":0,"comment_status":"closed","ping_status":"closed","template":"","meta":{"footnotes":""},"class_list":["post-796","page","type-page","status-publish","hentry"],"aioseo_notices":[],"acf":[],"_links":{"self":[{"href":"https:\/\/gboetrack.com\/es\/wp-json\/wp\/v2\/pages\/796","targetHints":{"allow":["GET"]}}],"collection":[{"href":"https:\/\/gboetrack.com\/es\/wp-json\/wp\/v2\/pages"}],"about":[{"href":"https:\/\/gboetrack.com\/es\/wp-json\/wp\/v2\/types\/page"}],"author":[{"embeddable":true,"href":"https:\/\/gboetrack.com\/es\/wp-json\/wp\/v2\/users\/2"}],"replies":[{"embeddable":true,"href":"https:\/\/gboetrack.com\/es\/wp-json\/wp\/v2\/comments?post=796"}],"version-history":[{"count":0,"href":"https:\/\/gboetrack.com\/es\/wp-json\/wp\/v2\/pages\/796\/revisions"}],"wp:attachment":[{"href":"https:\/\/gboetrack.com\/es\/wp-json\/wp\/v2\/media?parent=796"}],"curies":[{"name":"wp","href":"https:\/\/api.w.org\/{rel}","templated":true}]}}