{"id":4058,"date":"2025-03-11T17:08:12","date_gmt":"2025-03-11T20:08:12","guid":{"rendered":"https:\/\/gboetrack.com\/?page_id=4058"},"modified":"2025-03-18T10:41:24","modified_gmt":"2025-03-18T13:41:24","slug":"videos-clientes-etrack","status":"publish","type":"page","link":"https:\/\/gboetrack.com\/es\/videos-clientes-etrack\/","title":{"rendered":"V\u00eddeos clientes eTrack"},"content":{"rendered":"<div class=\"row\"  id=\"row-1734444926\">\n\n\n\t<div id=\"col-1141183056\" class=\"col small-12 large-12\"  >\n\t\t\t\t<div class=\"col-inner\"  >\n\t\t\t\n\t\t\t\n\n<div class=\"container section-title-container\" ><h1 class=\"section-title section-title-center\"><b aria-hidden=\"true\"><\/b><span class=\"section-title-main\" style=\"color:#00a0d2;\">Hist\u00f3rias de sucesso que inspiram<\/span><b aria-hidden=\"true\"><\/b><\/h1><\/div>\n\n\t<div id=\"text-3599180990\" class=\"text\">\n\t\t\n\n<h3>Veja como nossos clientes transformaram seus resultados com o Greiner Bio-One eTrack<\/h3>\n\t\t\n<style>\n#text-3599180990 {\n  text-align: center;\n}\n<\/style>\n\t<\/div>\n\t\n\n\t\t<\/div>\n\t\t\t\t\t<\/div>\n\n\t\n\n<\/div>\n<div class=\"row\"  id=\"row-1265663258\">\n\n\n\t<div id=\"col-1256835576\" class=\"col small-12 large-12\"  >\n\t\t\t\t<div class=\"col-inner text-center\"  >\n\t\t\t\n\t\t\t\n\n\t<div class=\"img has-hover x md-x lg-x y md-y lg-y\" id=\"image_1159969052\">\n\t\t\t\t\t\t\t\t<div class=\"img-inner dark\" >\n\t\t\t<img loading=\"lazy\" decoding=\"async\" width=\"400\" height=\"188\" src=\"https:\/\/gboetrack.com\/wp-content\/uploads\/2025\/03\/logo-gramlab-1.png\" class=\"attachment-original size-original\" alt=\"logo gramlab\" srcset=\"https:\/\/gboetrack.com\/wp-content\/uploads\/2025\/03\/logo-gramlab-1.png 400w, https:\/\/gboetrack.com\/wp-content\/uploads\/2025\/03\/logo-gramlab-1-18x8.png 18w, https:\/\/gboetrack.com\/wp-content\/uploads\/2025\/03\/logo-gramlab-1-360x169.png 360w\" sizes=\"auto, (max-width: 400px) 100vw, 400px\" \/>\t\t\t\t\t\t\n\t\t\t\t\t<\/div>\n\t\t\t\t\t\t\t\t\n<style>\n#image_1159969052 {\n  width: 15%;\n}\n<\/style>\n\t<\/div>\n\t\n\n\n\t\t<\/div>\n\t\t\t\t\t<\/div>\n\n\t\n\n<\/div>\n<div class=\"row\"  id=\"row-541403362\">\n\n\n\t<div id=\"col-828828574\" class=\"col medium-3 small-12 large-3\"  >\n\t\t\t\t<div class=\"col-inner\"  >\n\t\t\t\n\t\t\t\n\n\n\t\t<\/div>\n\t\t\t\t\t<\/div>\n\n\t\n\n\t<div id=\"col-80537338\" class=\"col medium-6 small-12 large-6\"  >\n\t\t\t\t<div class=\"col-inner\"  >\n\t\t\t\n\t\t\t\n\n<div class=\"video video-fit mb\" style=\"padding-top:56.25%;\"><iframe loading=\"lazy\" title=\"V\u00eddeo Case e-Track - Gramlab\" width=\"1020\" height=\"765\" src=\"https:\/\/www.youtube.com\/embed\/hRYx7EcY4Lc?feature=oembed\" frameborder=\"0\" allow=\"accelerometer; autoplay; clipboard-write; encrypted-media; gyroscope; picture-in-picture; web-share\" referrerpolicy=\"strict-origin-when-cross-origin\" allowfullscreen><\/iframe><\/div>\n\n\t<div id=\"text-2981050593\" class=\"text\">\n\t\t\n\n<p>&#8220;O eTrack \u00e9 um sistema r\u00e1pido, pr\u00e1tico e f\u00e1cil que contempla todo o processo de rastreabilidade de insumos.&#8221;<\/p>\n<p><i>Jeane &#8211; Gestora da qualidade do Gram Laborat\u00f3rio<\/i><\/p>\n\n\t\t\n<style>\n#text-2981050593 {\n  text-align: center;\n}\n<\/style>\n\t<\/div>\n\t\n\n\t\t<\/div>\n\t\t\t\t\t<\/div>\n\n\t\n\n\t<div id=\"col-68212662\" class=\"col medium-3 small-12 large-3\"  >\n\t\t\t\t<div class=\"col-inner\"  >\n\t\t\t\n\t\t\t\n\n\n\t\t<\/div>\n\t\t\t\t\t<\/div>\n\n\t\n\n<\/div>\n\t<div id=\"gap-1996043474\" class=\"gap-element clearfix\" style=\"display:block; height:auto;\">\n\t\t\n<style>\n#gap-1996043474 {\n  padding-top: 25px;\n}\n<\/style>\n\t<\/div>\n\t\n\n<div class=\"text-center\"><div class=\"is-divider divider clearfix\" style=\"max-width:100%;height:1px;background-color:#d5d5d5;\"><\/div><\/div>\n\n\t<div id=\"gap-1940823129\" class=\"gap-element clearfix\" style=\"display:block; height:auto;\">\n\t\t\n<style>\n#gap-1940823129 {\n  padding-top: 25px;\n}\n<\/style>\n\t<\/div>\n\t\n\n<div class=\"row\"  id=\"row-45144844\">\n\n\n\t<div id=\"col-2120471867\" class=\"col small-12 large-12\"  >\n\t\t\t\t<div class=\"col-inner text-center\"  >\n\t\t\t\n\t\t\t\n\n\t<div class=\"img has-hover x md-x lg-x y md-y lg-y\" id=\"image_1754876059\">\n\t\t\t\t\t\t\t\t<div class=\"img-inner dark\" >\n\t\t\t<img loading=\"lazy\" decoding=\"async\" width=\"282\" height=\"92\" src=\"https:\/\/gboetrack.com\/wp-content\/uploads\/2025\/03\/logo-institutovida.png\" class=\"attachment-original size-original\" alt=\"logo instituto vida\" srcset=\"https:\/\/gboetrack.com\/wp-content\/uploads\/2025\/03\/logo-institutovida.png 282w, https:\/\/gboetrack.com\/wp-content\/uploads\/2025\/03\/logo-institutovida-280x92.png 280w, https:\/\/gboetrack.com\/wp-content\/uploads\/2025\/03\/logo-institutovida-18x6.png 18w\" sizes=\"auto, (max-width: 282px) 100vw, 282px\" \/>\t\t\t\t\t\t\n\t\t\t\t\t<\/div>\n\t\t\t\t\t\t\t\t\n<style>\n#image_1754876059 {\n  width: 20%;\n}\n<\/style>\n\t<\/div>\n\t\n\n\n\t\t<\/div>\n\t\t\t\t\t<\/div>\n\n\t\n\n<\/div>\n<div class=\"row\"  id=\"row-1319879000\">\n\n\n\t<div id=\"col-1887737827\" class=\"col medium-6 small-12 large-6\"  >\n\t\t\t\t<div class=\"col-inner\"  >\n\t\t\t\n\t\t\t\n\n<div class=\"video video-fit mb\" style=\"padding-top:57%;\"><p><iframe loading=\"lazy\" title=\"V\u00eddeo Case e-track -  Instituto Vida Marilia   1\" width=\"1020\" height=\"574\" src=\"https:\/\/www.youtube.com\/embed\/vz-HiFYYT3g?feature=oembed\" frameborder=\"0\" allow=\"accelerometer; autoplay; clipboard-write; encrypted-media; gyroscope; picture-in-picture; web-share\" referrerpolicy=\"strict-origin-when-cross-origin\" allowfullscreen><\/iframe><\/p>\n<\/div>\n\n\t<div id=\"text-2391722787\" class=\"text\">\n\t\t\n\n<p>&#8220;N\u00f3s conseguimos ter dados de indicadores muito precisos e r\u00e1pidos.&#8221;<\/p>\n<p><i>Dr. Marcelo Giglio &#8211; Gerente t\u00e9cnico e biom\u00e9dico do Instituto Vida<\/i><\/p>\n\t\t\n<style>\n#text-2391722787 {\n  text-align: center;\n}\n<\/style>\n\t<\/div>\n\t\n\n\t\t<\/div>\n\t\t\t\t\t<\/div>\n\n\t\n\n\t<div id=\"col-730016591\" class=\"col medium-6 small-12 large-6\"  >\n\t\t\t\t<div class=\"col-inner\"  >\n\t\t\t\n\t\t\t\n\n<div class=\"video video-fit mb\" style=\"padding-top:56.25%;\"><p><iframe loading=\"lazy\" title=\"V\u00eddeo Case e-Track - Instituto Vida Mar\u00edlia - Parte 2\" width=\"1020\" height=\"574\" src=\"https:\/\/www.youtube.com\/embed\/fc9Ousrhojs?feature=oembed\" frameborder=\"0\" allow=\"accelerometer; autoplay; clipboard-write; encrypted-media; gyroscope; picture-in-picture; web-share\" referrerpolicy=\"strict-origin-when-cross-origin\" allowfullscreen><\/iframe><\/p>\n<\/div>\n\n\t<div id=\"text-2910419657\" class=\"text\">\n\t\t\n\n<p>&#8220;N\u00f3s temos todo tipo de relat\u00f3rio de rastreabilidade atendendo as normas vigentes.&#8221;<\/p>\n<p><i>Dr. Renato &#8211; Diretor executivo e biom\u00e9dico do Instituto Vida<\/i><\/p>\n\t\t\n<style>\n#text-2910419657 {\n  text-align: center;\n}\n<\/style>\n\t<\/div>\n\t\n\n\t\t<\/div>\n\t\t\t\t\t<\/div>\n\n\t\n\n<\/div>\n\t<div id=\"gap-1588680650\" class=\"gap-element clearfix\" style=\"display:block; height:auto;\">\n\t\t\n<style>\n#gap-1588680650 {\n  padding-top: 40px;\n}\n<\/style>\n\t<\/div>\n\t\n\n<div class=\"row\"  id=\"row-954886554\">\n\n\n\t<div id=\"col-91067516\" class=\"col small-12 large-12\"  >\n\t\t\t\t<div class=\"col-inner text-center\"  >\n\t\t\t\n\t\t\t\n\n<a href=\"https:\/\/wa.me\/5519982040129?text=Quero%20saber%20mais%20sobre%20o%20Etrack.\" target=\"_blank\" class=\"button success\" rel=\"noopener\" style=\"border-radius:99px;\">\n\t\t<span>Conhe\u00e7a mais clientes que usam o Etrack<\/span>\n\t<i class=\"icon-angle-right\" aria-hidden=\"true\"><\/i><\/a>\n\n\n\n\t\t<\/div>\n\t\t\t\t\t<\/div>\n\n\t\n\n<\/div>\n\t<div id=\"gap-1542114841\" class=\"gap-element clearfix\" style=\"display:block; height:auto;\">\n\t\t\n<style>\n#gap-1542114841 {\n  padding-top: 40px;\n}\n<\/style>\n\t<\/div>\n\t\n\n<div class=\"row\"  id=\"row-628646262\">\n\n\n\t<div id=\"col-2066419561\" class=\"col medium-3 small-12 large-3\"  >\n\t\t\t\t<div class=\"col-inner text-center\"  >\n\t\t\t\n\t\t\t\n\n\n\t\t<\/div>\n\t\t\t\t\t<\/div>\n\n\t\n\n\t<div id=\"col-923178898\" class=\"col medium-6 small-12 large-6\"  >\n\t\t\t\t<div class=\"col-inner text-center\"  >\n\t\t\t\n\t\t\t\n\n\t<div id=\"text-2182870008\" class=\"text\">\n\t\t\n\n<h3>Para m\u00e1s informaci\u00f3n \u00a1cont\u00e1ctanos!<\/h3>\n\t\t\n<style>\n#text-2182870008 {\n  text-align: center;\n}\n<\/style>\n\t<\/div>\n\t\n\n<div class=\"wpcf7 no-js\" id=\"wpcf7-f3788-o1\" lang=\"pt-BR\" dir=\"ltr\" data-wpcf7-id=\"3788\">\n<div class=\"screen-reader-response\"><p role=\"status\" aria-live=\"polite\" aria-atomic=\"true\"><\/p> <ul><\/ul><\/div>\n<form action=\"\/es\/wp-json\/wp\/v2\/pages\/4058#wpcf7-f3788-o1\" method=\"post\" class=\"wpcf7-form init\" aria-label=\"Formul\u00e1rios de contato\" novalidate=\"novalidate\" data-status=\"init\" data-trp-original-action=\"\/es\/wp-json\/wp\/v2\/pages\/4058#wpcf7-f3788-o1\">\n<fieldset class=\"hidden-fields-container\"><input type=\"hidden\" name=\"_wpcf7\" value=\"3788\" \/><input type=\"hidden\" name=\"_wpcf7_version\" value=\"6.1.5\" \/><input type=\"hidden\" name=\"_wpcf7_locale\" value=\"pt_BR\" \/><input type=\"hidden\" name=\"_wpcf7_unit_tag\" value=\"wpcf7-f3788-o1\" \/><input type=\"hidden\" name=\"_wpcf7_container_post\" value=\"0\" \/><input type=\"hidden\" name=\"_wpcf7_posted_data_hash\" value=\"\" \/>\n<\/fieldset>\n<div class=\"form-flat\">\n\t<p><span class=\"wpcf7-form-control-wrap\" data-name=\"your-name\"><input size=\"40\" maxlength=\"400\" class=\"wpcf7-form-control wpcf7-text wpcf7-validates-as-required\" aria-required=\"true\" aria-invalid=\"false\" placeholder=\"Nombre\" value=\"\" type=\"text\" name=\"your-name\" \/><\/span><br \/>\n<span class=\"wpcf7-form-control-wrap\" data-name=\"your-tel\"><input size=\"40\" maxlength=\"400\" class=\"wpcf7-form-control wpcf7-tel wpcf7-validates-as-required wpcf7-text wpcf7-validates-as-tel\" aria-required=\"true\" aria-invalid=\"false\" placeholder=\"Tel\u00e9fono\" value=\"\" type=\"tel\" name=\"your-tel\" \/><\/span><br \/>\n<span class=\"wpcf7-form-control-wrap\" data-name=\"your-email\"><input size=\"40\" maxlength=\"400\" class=\"wpcf7-form-control wpcf7-email wpcf7-validates-as-required wpcf7-text wpcf7-validates-as-email\" aria-required=\"true\" aria-invalid=\"false\" placeholder=\"E-mail\" value=\"\" type=\"email\" name=\"your-email\" \/><\/span><br \/>\n<span class=\"wpcf7-form-control-wrap\" data-name=\"aceite\"><span class=\"wpcf7-form-control wpcf7-acceptance\"><span class=\"wpcf7-list-item\"><input type=\"checkbox\" name=\"aceite\" value=\"1\" aria-invalid=\"false\" \/><\/span><\/span><\/span><span style=\"color:#fff\">He le\u00eddo y acepto los t\u00e9rminos de la pol\u00edtica de privacidad. <\/span><a href=\"https:\/\/www.gbo.com\/pt-br\/privacidade\" target=\"_blank\" style=\"color:#009fe3;\"> Pol\u00edtica de privacidad <\/a><br \/>\n<span id=\"wpcf7-69d347fbe882c-wrapper\" class=\"wpcf7-form-control-wrap email-wrap\" style=\"display:none !important; visibility:hidden !important;\"><label for=\"wpcf7-69d347fbe882c-field\" class=\"hp-message\">Please leave this field empty.<\/label><input id=\"wpcf7-69d347fbe882c-field\"  class=\"wpcf7-form-control wpcf7-text\" type=\"text\" name=\"email\" value=\"\" size=\"40\" tabindex=\"-1\" autocomplete=\"new-password\" \/><\/span><br \/>\n<input class=\"wpcf7-form-control wpcf7-submit has-spinner button\" type=\"submit\" value=\"Enviar\" \/>\n\t<\/p>\n<\/div><p style=\"display: none !important;\" class=\"akismet-fields-container\" data-prefix=\"_wpcf7_ak_\"><label>&#916;<textarea name=\"_wpcf7_ak_hp_textarea\" cols=\"45\" rows=\"8\" maxlength=\"100\"><\/textarea><\/label><input type=\"hidden\" id=\"ak_js_1\" name=\"_wpcf7_ak_js\" value=\"7\"\/><script>document.getElementById( \"ak_js_1\" ).setAttribute( \"value\", ( new Date() ).getTime() );<\/script><\/p><div class=\"wpcf7-response-output\" aria-hidden=\"true\"><\/div>\n<input type=\"hidden\" name=\"trp-form-language\" value=\"es\"\/><\/form>\n<\/div>\n\n\n\n\t\t<\/div>\n\t\t\t\t\t<\/div>\n\n\t\n\n\t<div id=\"col-831645709\" class=\"col medium-3 small-12 large-3\"  >\n\t\t\t\t<div class=\"col-inner text-center\"  >\n\t\t\t\n\t\t\t\n\n\n\t\t<\/div>\n\t\t\t\t\t<\/div>\n\n\t\n\n<\/div>","protected":false},"excerpt":{"rendered":"","protected":false},"author":2,"featured_media":0,"parent":0,"menu_order":0,"comment_status":"closed","ping_status":"closed","template":"","meta":{"footnotes":""},"class_list":["post-4058","page","type-page","status-publish","hentry"],"aioseo_notices":[],"acf":[],"_links":{"self":[{"href":"https:\/\/gboetrack.com\/es\/wp-json\/wp\/v2\/pages\/4058","targetHints":{"allow":["GET"]}}],"collection":[{"href":"https:\/\/gboetrack.com\/es\/wp-json\/wp\/v2\/pages"}],"about":[{"href":"https:\/\/gboetrack.com\/es\/wp-json\/wp\/v2\/types\/page"}],"author":[{"embeddable":true,"href":"https:\/\/gboetrack.com\/es\/wp-json\/wp\/v2\/users\/2"}],"replies":[{"embeddable":true,"href":"https:\/\/gboetrack.com\/es\/wp-json\/wp\/v2\/comments?post=4058"}],"version-history":[{"count":39,"href":"https:\/\/gboetrack.com\/es\/wp-json\/wp\/v2\/pages\/4058\/revisions"}],"predecessor-version":[{"id":4148,"href":"https:\/\/gboetrack.com\/es\/wp-json\/wp\/v2\/pages\/4058\/revisions\/4148"}],"wp:attachment":[{"href":"https:\/\/gboetrack.com\/es\/wp-json\/wp\/v2\/media?parent=4058"}],"curies":[{"name":"wp","href":"https:\/\/api.w.org\/{rel}","templated":true}]}}