{"id":3034,"date":"2022-09-19T11:01:44","date_gmt":"2022-09-19T14:01:44","guid":{"rendered":"https:\/\/gboetrack.com\/?page_id=3034"},"modified":"2022-09-28T11:24:28","modified_gmt":"2022-09-28T14:24:28","slug":"etapa3-sbpc","status":"publish","type":"page","link":"https:\/\/gboetrack.com\/es\/etapa3-sbpc\/","title":{"rendered":"NewsLab SBPC"},"content":{"rendered":"<div class=\"row align-middle align-center\"  id=\"row-1792872233\">\n\n\n\t<div id=\"col-63110982\" class=\"col small-12 large-12\"  >\n\t\t\t\t<div class=\"col-inner text-center\"  >\n\t\t\t\n\t\t\t\n\n\t<div class=\"img has-hover hidden x md-x lg-x y md-y lg-y\" id=\"image_449473942\">\n\t\t\t\t\t\t\t\t<div class=\"img-inner dark\" >\n\t\t\t<img loading=\"lazy\" decoding=\"async\" width=\"500\" height=\"124\" src=\"https:\/\/gboetrack.com\/wp-content\/uploads\/2021\/01\/logo-gbo-bio-one-etrack.png\" class=\"attachment-large size-large\" alt=\"logo Greiner Bio-One eTrack\" \/>\t\t\t\t\t\t\n\t\t\t\t\t<\/div>\n\t\t\t\t\t\t\t\t\n<style>\n#image_449473942 {\n  width: 50%;\n}\n@media (min-width:550px) {\n  #image_449473942 {\n    width: 20%;\n  }\n}\n<\/style>\n\t<\/div>\n\t\n\n\n\t\t<\/div>\n\t\t\t\t\t<\/div>\n\n\t\n\n\n<style>\n#row-1792872233 > .col > .col-inner {\n  padding: 60px 0px 0px 0px;\n}\n<\/style>\n<\/div>\n\t<div id=\"text-2441049938\" class=\"text\">\n\t\t\n\n<h1>CA\u00c7A AO TESOURO<\/h1>\n\t\t\n<style>\n#text-2441049938 {\n  font-size: 1.75rem;\n  text-align: center;\n  color: #009fe3;\n}\n#text-2441049938 > * {\n  color: #009fe3;\n}\n<\/style>\n\t<\/div>\n\t\n<div class=\"row\"  id=\"row-1015460646\">\n\n\n\t<div id=\"col-66995635\" class=\"col small-12 large-12\"  >\n\t\t\t\t<div class=\"col-inner\"  >\n\t\t\t\n\t\t\t\n\n\t<div id=\"text-3233030660\" class=\"text\">\n\t\t\n\n<p>Parab\u00e9ns! Voc\u00ea desvendou o segundo enigma <\/p>\n<p>\u00c9 claro que a resposta \u00e9 <strong>NewsLab<\/strong>! Uma revista incr\u00edvel, cheia de novidades e onde voc\u00ea encontra atualidades do segmento de an\u00e1lises cl\u00ednicas e outros segmentos cient\u00edficos.<\/p>\n<p>Preparado para a pr\u00f3xima dica?<\/p>\n\n\t\t\n<style>\n#text-3233030660 {\n  font-size: 1.3rem;\n  text-align: center;\n}\n<\/style>\n\t<\/div>\n\t\n\n\t\t<\/div>\n\t\t\t\t\t<\/div>\n\n\t\n\n<\/div>\n<div class=\"row\"  id=\"row-116487764\">\n\n\n\t<div id=\"col-510209294\" class=\"col small-12 large-12\"  >\n\t\t\t\t<div class=\"col-inner text-center\"  >\n\t\t\t\n\t\t\t\n\n<a href=\"https:\/\/gboetrack.com\/es\/pista3-sbpc\/\" class=\"button primary\" style=\"border-radius:10px;\">\n\t\t<span>Ir para a pista 3<\/span>\n\t<\/a>\n\n\n\n\t\t<\/div>\n\t\t\t\t\t<\/div>\n\n\t\n\n<\/div>\n\t<div id=\"gap-816575957\" class=\"gap-element clearfix\" style=\"display:block; height:auto;\">\n\t\t\n<style>\n#gap-816575957 {\n  padding-top: 10px;\n}\n<\/style>\n\t<\/div>","protected":false},"excerpt":{"rendered":"","protected":false},"author":2,"featured_media":0,"parent":0,"menu_order":0,"comment_status":"closed","ping_status":"closed","template":"page-blank-landingpage.php","meta":{"footnotes":""},"class_list":["post-3034","page","type-page","status-publish","hentry"],"aioseo_notices":[],"acf":[],"_links":{"self":[{"href":"https:\/\/gboetrack.com\/es\/wp-json\/wp\/v2\/pages\/3034","targetHints":{"allow":["GET"]}}],"collection":[{"href":"https:\/\/gboetrack.com\/es\/wp-json\/wp\/v2\/pages"}],"about":[{"href":"https:\/\/gboetrack.com\/es\/wp-json\/wp\/v2\/types\/page"}],"author":[{"embeddable":true,"href":"https:\/\/gboetrack.com\/es\/wp-json\/wp\/v2\/users\/2"}],"replies":[{"embeddable":true,"href":"https:\/\/gboetrack.com\/es\/wp-json\/wp\/v2\/comments?post=3034"}],"version-history":[{"count":0,"href":"https:\/\/gboetrack.com\/es\/wp-json\/wp\/v2\/pages\/3034\/revisions"}],"wp:attachment":[{"href":"https:\/\/gboetrack.com\/es\/wp-json\/wp\/v2\/media?parent=3034"}],"curies":[{"name":"wp","href":"https:\/\/api.w.org\/{rel}","templated":true}]}}