{"id":3025,"date":"2022-09-19T10:59:13","date_gmt":"2022-09-19T13:59:13","guid":{"rendered":"https:\/\/gboetrack.com\/?page_id=3025"},"modified":"2022-10-05T15:55:36","modified_gmt":"2022-10-05T18:55:36","slug":"pista2-sbpc","status":"publish","type":"page","link":"https:\/\/gboetrack.com\/es\/pista2-sbpc\/","title":{"rendered":"Pista2-SBPC"},"content":{"rendered":"<div class=\"row align-middle align-center\"  id=\"row-381561500\">\n\n\n\t<div id=\"col-1993740952\" class=\"col medium-4 small-12 large-4\"  >\n\t\t\t\t<div class=\"col-inner text-center\"  >\n\t\t\t\n\t\t\t\n\n\t<div class=\"img has-hover x md-x lg-x y md-y lg-y\" id=\"image_442429489\">\n\t\t\t\t\t\t\t\t<div class=\"img-inner dark\" >\n\t\t\t<img loading=\"lazy\" decoding=\"async\" width=\"316\" height=\"250\" src=\"https:\/\/gboetrack.com\/wp-content\/uploads\/2022\/05\/luneta-tesouro.png\" class=\"attachment-large size-large\" alt=\"luneta ca\u00e7a ao tesouro\" srcset=\"https:\/\/gboetrack.com\/wp-content\/uploads\/2022\/05\/luneta-tesouro.png 316w, https:\/\/gboetrack.com\/wp-content\/uploads\/2022\/05\/luneta-tesouro-15x12.png 15w\" sizes=\"auto, (max-width: 316px) 100vw, 316px\" \/>\t\t\t\t\t\t\n\t\t\t\t\t<\/div>\n\t\t\t\t\t\t\t\t\n<style>\n#image_442429489 {\n  width: 50%;\n}\n<\/style>\n\t<\/div>\n\t\n\n\n\t\t<\/div>\n\t\t\t\t\t<\/div>\n\n\t\n\n<\/div>\n<div class=\"row\"  id=\"row-2060765811\">\n\n\n\t<div id=\"col-1469561299\" class=\"col small-12 large-12\"  >\n\t\t\t\t<div class=\"col-inner\"  >\n\t\t\t\n\t\t\t\n\n\t<div id=\"text-636714324\" class=\"text\">\n\t\t\n\n<h1 style=\"color: #009fe3\" ;=\"\">PISTA 2<\/h1>\n<p>Trago artigos cient\u00edficos de eminentes especialistas da \u00e1rea de biologia, citologia e anatomopatologia, infectologia, biologia molecular, gen\u00e9tica, entre tantas outras. <\/p>\n<p><strong>Trazemos muitas NEWS sobre LABorat\u00f3rios<\/strong>. <\/p>\n<p>Atrav\u00e9s do meio de comunica\u00e7\u00e3o mais moderno do mercado, publicamos informa\u00e7\u00f5es cient\u00edficas e t\u00e9cnicas sobre os novos produtos e equipamentos para as diversas \u00e1reas do diagn\u00f3stico.<\/p>\n<p>Venha conhecer mais sobre n\u00f3s e pegar a pr\u00f3xima pista do Ca\u00e7a ao Tesouro!<\/p>\n\n\t\t\n<style>\n#text-636714324 {\n  font-size: 1.3rem;\n  text-align: center;\n}\n<\/style>\n\t<\/div>\n\t\n\n\t\t<\/div>\n\t\t\t\t\t<\/div>\n\n\t\n\n<\/div>\n\t<div id=\"gap-989676717\" class=\"gap-element clearfix\" style=\"display:block; height:auto;\">\n\t\t\n<style>\n#gap-989676717 {\n  padding-top: 100px;\n}\n<\/style>\n\t<\/div>","protected":false},"excerpt":{"rendered":"","protected":false},"author":2,"featured_media":0,"parent":0,"menu_order":0,"comment_status":"closed","ping_status":"closed","template":"page-blank-landingpage.php","meta":{"footnotes":""},"class_list":["post-3025","page","type-page","status-publish","hentry"],"aioseo_notices":[],"acf":[],"_links":{"self":[{"href":"https:\/\/gboetrack.com\/es\/wp-json\/wp\/v2\/pages\/3025","targetHints":{"allow":["GET"]}}],"collection":[{"href":"https:\/\/gboetrack.com\/es\/wp-json\/wp\/v2\/pages"}],"about":[{"href":"https:\/\/gboetrack.com\/es\/wp-json\/wp\/v2\/types\/page"}],"author":[{"embeddable":true,"href":"https:\/\/gboetrack.com\/es\/wp-json\/wp\/v2\/users\/2"}],"replies":[{"embeddable":true,"href":"https:\/\/gboetrack.com\/es\/wp-json\/wp\/v2\/comments?post=3025"}],"version-history":[{"count":0,"href":"https:\/\/gboetrack.com\/es\/wp-json\/wp\/v2\/pages\/3025\/revisions"}],"wp:attachment":[{"href":"https:\/\/gboetrack.com\/es\/wp-json\/wp\/v2\/media?parent=3025"}],"curies":[{"name":"wp","href":"https:\/\/api.w.org\/{rel}","templated":true}]}}