{"id":3016,"date":"2022-09-19T10:56:41","date_gmt":"2022-09-19T13:56:41","guid":{"rendered":"https:\/\/gboetrack.com\/?page_id=3016"},"modified":"2022-09-30T14:15:44","modified_gmt":"2022-09-30T17:15:44","slug":"caca-ao-tesouro-final-sbpc","status":"publish","type":"page","link":"https:\/\/gboetrack.com\/es\/caca-ao-tesouro-final-sbpc\/","title":{"rendered":"Ca\u00e7a ao Tesouro SBPC &#8211; Final das etapas"},"content":{"rendered":"<div class=\"row align-middle align-center\"  id=\"row-682118689\">\n\n\n\t<div id=\"col-1998484942\" class=\"col small-12 large-12\"  >\n\t\t\t\t<div class=\"col-inner text-center\"  >\n\t\t\t\n\t\t\t\n\n\t<div class=\"img has-hover x md-x lg-x y md-y lg-y\" id=\"image_20353354\">\n\t\t\t\t\t\t\t\t<div class=\"img-inner dark\" >\n\t\t\t<img loading=\"lazy\" decoding=\"async\" width=\"500\" height=\"124\" src=\"https:\/\/gboetrack.com\/wp-content\/uploads\/2021\/01\/logo-gbo-bio-one-etrack.png\" class=\"attachment-large size-large\" alt=\"logo Greiner Bio-One eTrack\" \/>\t\t\t\t\t\t\n\t\t\t\t\t<\/div>\n\t\t\t\t\t\t\t\t\n<style>\n#image_20353354 {\n  width: 60%;\n}\n@media (min-width:550px) {\n  #image_20353354 {\n    width: 20%;\n  }\n}\n<\/style>\n\t<\/div>\n\t\n\n\n\t\t<\/div>\n\t\t\t\t\t<\/div>\n\n\t\n\n\n<style>\n#row-682118689 > .col > .col-inner {\n  padding: 60px 0px 0px 0px;\n}\n<\/style>\n<\/div>\n\t<div id=\"gap-1184532076\" class=\"gap-element clearfix\" style=\"display:block; height:auto;\">\n\t\t\n<style>\n#gap-1184532076 {\n  padding-top: 30px;\n}\n<\/style>\n\t<\/div>\n\t\n\n\t<div id=\"text-4238977054\" class=\"text\">\n\t\t\n\n<h1>CA\u00c7A AO TESOURO<\/h1>\n\t\t\n<style>\n#text-4238977054 {\n  font-size: 1.75rem;\n  text-align: center;\n  color: #009fe3;\n}\n#text-4238977054 > * {\n  color: #009fe3;\n}\n<\/style>\n\t<\/div>\n\t\n<div class=\"row\"  id=\"row-2094145764\">\n\n\n\t<div id=\"col-560876852\" class=\"col small-12 large-12\"  >\n\t\t\t\t<div class=\"col-inner\"  >\n\t\t\t\n\t\t\t\n\n\t<div id=\"text-987394920\" class=\"text\">\n\t\t\n\n<h1>Parab\u00e9ns<\/h1>\n<p>Voc\u00ea completou toda a din\u00e2mica do Ca\u00e7a ao Tesouro eTrack e <br \/>ganhou um kit de brindes exclusivos da Greiner Bio-One!<\/p>\n<p>Agradecemos a sua participa\u00e7\u00e3o!<\/p>\n<p>Conhe\u00e7a mais sobre as possibilidades e as vantagens do aplicativo<br \/> de rastreabilidade eTrack em nosso <a href=\"https:\/\/gboetrack.com\/es\/\">site<\/a> e se surpreenda com a tecnologia 4.0!<\/p>\n<div align=\"center\"><img src='https:\/\/contador.s12.com.br\/img-544DD0A403a1Y6y9-15.gif' border='0' alt='contador de visitas'><script type='text\/javascript' src='https:\/\/contador.s12.com.br\/ad.js?id=544DD0A403a1Y6y9'><\/script><\/div>\n<\/p>\n\n\t\t\n<style>\n#text-987394920 {\n  font-size: 1.3rem;\n  text-align: center;\n}\n<\/style>\n\t<\/div>\n\t\n\n\t\t<\/div>\n\t\t\t\t\t<\/div>\n\n\t\n\n<\/div>\n\t<div id=\"gap-1235795818\" class=\"gap-element clearfix\" style=\"display:block; height:auto;\">\n\t\t\n<style>\n#gap-1235795818 {\n  padding-top: 10px;\n}\n<\/style>\n\t<\/div>\n\t\n\n<div class=\"row\"  id=\"row-705531677\">\n\n\n\t<div id=\"col-170560162\" class=\"col small-12 large-12\"  >\n\t\t\t\t<div class=\"col-inner text-center\"  >\n\t\t\t\n\t\t\t\n\n\t<div id=\"gap-598426400\" class=\"gap-element clearfix\" style=\"display:block; height:auto;\">\n\t\t\n<style>\n#gap-598426400 {\n  padding-top: 100px;\n}\n<\/style>\n\t<\/div>\n\t\n\n\n\t\t<\/div>\n\t\t\t\t\t<\/div>\n\n\t\n\n<\/div>","protected":false},"excerpt":{"rendered":"","protected":false},"author":2,"featured_media":0,"parent":0,"menu_order":0,"comment_status":"closed","ping_status":"closed","template":"page-blank-landingpage.php","meta":{"footnotes":""},"class_list":["post-3016","page","type-page","status-publish","hentry"],"aioseo_notices":[],"acf":[],"_links":{"self":[{"href":"https:\/\/gboetrack.com\/es\/wp-json\/wp\/v2\/pages\/3016","targetHints":{"allow":["GET"]}}],"collection":[{"href":"https:\/\/gboetrack.com\/es\/wp-json\/wp\/v2\/pages"}],"about":[{"href":"https:\/\/gboetrack.com\/es\/wp-json\/wp\/v2\/types\/page"}],"author":[{"embeddable":true,"href":"https:\/\/gboetrack.com\/es\/wp-json\/wp\/v2\/users\/2"}],"replies":[{"embeddable":true,"href":"https:\/\/gboetrack.com\/es\/wp-json\/wp\/v2\/comments?post=3016"}],"version-history":[{"count":0,"href":"https:\/\/gboetrack.com\/es\/wp-json\/wp\/v2\/pages\/3016\/revisions"}],"wp:attachment":[{"href":"https:\/\/gboetrack.com\/es\/wp-json\/wp\/v2\/media?parent=3016"}],"curies":[{"name":"wp","href":"https:\/\/api.w.org\/{rel}","templated":true}]}}