{"id":3,"date":"2021-01-12T16:17:11","date_gmt":"2021-01-12T19:17:11","guid":{"rendered":"http:\/\/34.86.18.239\/?page_id=3"},"modified":"2021-03-18T08:49:50","modified_gmt":"2021-03-18T11:49:50","slug":"termos-de-uso-e-privacidade","status":"publish","type":"page","link":"https:\/\/gboetrack.com\/es\/termos-de-uso-e-privacidade\/","title":{"rendered":"Termos de uso e privacidade"},"content":{"rendered":"<p><strong>T\u00c9RMINOS DE USO Y POL\u00cdTICA DE PRIVACIDAD<\/strong><\/p>\n\n\n\n<p><strong>Greiner Bio-One eTrack<\/strong><\/p>\n\n\n\n<p>Greiner Bio-One Brasil Service Tech Sistemas, Produtos e Servi\u00e7os para Sa\u00fade Ltda., Persona jur\u00eddica de derecho privado, con domicilio social en Avenida Affonso Pansan, 1967 A - Vila Bertini - Americana \/ SP - CEP 13.473-620, registrada en el Registro Nacional de Personas Jur\u00eddicas del Ministerio de Hacienda bajo el n\u00famero 02.968.226 \/ 0001-06, tel\u00e9fono (19) 3113 9710 y correo electr\u00f3nico: <a href=\"mailto:gboetrack@gbo.com\">gboetrack@gbo.com<\/a>, presenta a continuaci\u00f3n sus T\u00e9rminos de Uso y Pol\u00edtica de Privacidad para reafirmar su compromiso con la seguridad y privacidad de la informaci\u00f3n recopilada de los usuarios de sus aplicaciones GBO eTrack.<\/p>\n\n\n\n<p class=\"translation-block\">Informamos que Greiner Bio-One Brasil Service Tech Sistemas, Produtos e Servi\u00e7os para Sa\u00fade Ltda. cuenta con una persona designada con quien se puede contactar a trav\u00e9s de la siguiente direcci\u00f3n de correo electr\u00f3nico: <a href=\"mailto:gboetrack@gbo.com\">gboetrack@gbo.com<\/a> y tel\u00e9fono: (19) 3113-9710.<\/p>\n\n\n\n<p><strong>Condiciones de uso de la aplicaci\u00f3n<\/strong><\/p>\n\n\n\n<p>A continuaci\u00f3n se describen las reglas aplicables al uso de la aplicaci\u00f3n GBO eTrack (\u201cAplicaci\u00f3n\u201d) puesta a disposici\u00f3n por Greiner Bio-One Brasil Service Tech Sistemas, Produtos e Servi\u00e7os para Sa\u00fade Ltda., Con sede en Avenida Affonso Pansan, 1967 A - Vila Bertini , Americana \/ SP, CNPJ \/ MF n\u00ba 02.968.226 \/ 0001-06 (en adelante \u201cGreiner\u201d) en dispositivos m\u00f3viles con sistemas Android e iOs.<\/p>\n\n\n\n<p>Al realizar el registro para utilizar la Aplicaci\u00f3n, el Usuario autoriza la recopilaci\u00f3n de datos anonimizados de su procedimiento con sus pacientes, con fines de pruebas biol\u00f3gicas, de acuerdo con las reglas y condiciones de estos T\u00e9rminos de Uso.<\/p>\n\n\n\n<p>App o aplicaci\u00f3n m\u00f3vil: es un software desarrollado para ser instalado en un dispositivo electr\u00f3nico m\u00f3vil, como un tel\u00e9fono celular, smartphone o tableta. Esta aplicaci\u00f3n se puede instalar en el dispositivo, si el dispositivo lo permite y siempre que el usuario la descargue a trav\u00e9s de una tienda en l\u00ednea, como Google Play o App Store. El usuario ahora autoriza expresamente la instalaci\u00f3n del software en sus dispositivos Smartphone y Tablets.<\/p>\n\n\n\n<p>La Aplicaci\u00f3n permite al Usuario tener acceso a informaci\u00f3n y contenido relacionado con la aplicaci\u00f3n GBO eTrack y, dentro de este contexto, interactuar con los materiales de recolecci\u00f3n de muestras de Greiner Bio-One, adem\u00e1s de tener acceso a otras funcionalidades proporcionadas por la Aplicaci\u00f3n.<\/p>\n\n\n\n<p>El registro de uso de la Aplicaci\u00f3n lo realiza el responsable responsable, designado por el laboratorio \/ hospital y en el primer acceso del Usuario, quien debe registrar una nueva contrase\u00f1a, y este cambio tambi\u00e9n est\u00e1 disponible en su perfil.<\/p>\n\n\n\n<p>El registro de usuario es \u00fanico, y el acceso, visualizaci\u00f3n y uso de la Aplicaci\u00f3n debe ser realizado \u00fanicamente por el Usuario de forma personal e intransferible. No se permite compartir con el usuario para el uso de esta Aplicaci\u00f3n.<\/p>\n\n\n\n<p>En el caso de menores de 18 a\u00f1os u otros que necesiten representaci\u00f3n de acuerdo con la ley, el registro deber\u00e1 realizarse con el consentimiento de los padres o representantes legales.<\/p>\n\n\n\n<p>Est\u00e1 prohibido realizar m\u00e1s de un registro por Usuario, as\u00ed como el Usuario utilizando el registro de otro usuario.<\/p>\n\n\n\n<p>Greiner podr\u00e1, sin previo aviso, bloquear y cancelar el acceso a la aplicaci\u00f3n cuando verifique que el Usuario ha realizado un acto o mantiene una conducta que (i) viola las leyes y regulaciones federales, estatales y \/ o municipales, (ii) contraviene las reglas de estos T\u00e9rminos de uso, o (iii) viole los principios de la moral y las buenas costumbres.<\/p>\n\n\n\n<p>Todas y cada una de las acciones tomadas por el Usuario durante el uso de la aplicaci\u00f3n ser\u00e1n de su exclusiva y total responsabilidad, y eximir\u00e1 e indemnizar\u00e1 a Greiner de cualquier reclamo, p\u00e9rdida, p\u00e9rdida y da\u00f1o causado a Greiner, como resultado de tales acciones o manifestaciones.<\/p>\n\n\n\n<p>El Usuario autoriza a Greiner oa los terceros que \u00e9ste indique, a utilizar, por tiempo indefinido, la informaci\u00f3n anonimizada facilitada en el momento del registro y durante el uso de la aplicaci\u00f3n, con fines estad\u00edsticos y env\u00edo de material publicitario, boletines, informes, etc.&nbsp;<em>newsletters<\/em>, informes, etc.<\/p>\n\n\n\n<p>Greiner se reserva el derecho de incluir, excluir o cambiar el contenido y la funcionalidad de la aplicaci\u00f3n, as\u00ed como suspenderla temporalmente, en cualquier momento, independientemente de previo aviso al Usuario. Asimismo, podr\u00e1 modificar estas Condiciones de Uso, cuya versi\u00f3n m\u00e1s reciente estar\u00e1 siempre disponible para su consulta en la propia aplicaci\u00f3n.<\/p>\n\n\n\n<p>El Usuario es el \u00fanico responsable de todo el contenido enviado o publicado por \u00e9l a trav\u00e9s de la Aplicaci\u00f3n. Al enviar el contenido, el Usuario garantiza que no viola ning\u00fan derecho de terceros o leyes aplicables y acepta mantener a Greiner exento de cualquier reclamo legal o extrajudicial de terceros. &nbsp;<\/p>\n\n\n\n<p>El Usuario autoriza a Greiner a utilizar los contenidos enviados por \u00e9l a trav\u00e9s de la Aplicaci\u00f3n, de forma gratuita, indefinida y en cualquier territorio o medio de Comunicaci\u00f3n.<\/p>\n\n\n\n<p>Greiner NIEGA TODA Y CUALQUIER RESPONSABILIDAD POR DA\u00d1OS Y P\u00c9RDIDAS DE CUALQUIER NATURALEZA QUE PUEDAN RESULTAR EN ACCESO, INTERCEPCI\u00d3N, ELIMINACI\u00d3N, CAMBIO, MODIFICACI\u00d3N O MANEJO, POR PARTE DE TERCEROS NO AUTORIZADOS, DATOS DEL USUARIO.<\/p>\n\n\n\n<p>La informaci\u00f3n solicitada al Usuario en el momento del registro ser\u00e1 utilizada por Greiner solo para los fines establecidos en estos T\u00e9rminos de Uso y bajo ninguna circunstancia dicha informaci\u00f3n ser\u00e1 cedida o compartida con terceros, excepto por orden judicial o autoridad competente.<\/p>\n\n\n\n<p>El Tribunal de Distrito de la ciudad de Americana, Estado de S\u00e3o Paulo, es elegido para resolver cualquier problema que surja de estos T\u00e9rminos de Uso, que se regir\u00e1 por la ley brasile\u00f1a.<\/p>\n\n\n\n<p>Las autorizaciones otorgadas por el Usuario, a trav\u00e9s de este t\u00e9rmino, podr\u00e1n, en cualquier momento, ser revocadas, previa notificaci\u00f3n y cesi\u00f3n de uso de la aplicaci\u00f3n.<\/p>\n\n\n\n<p>Pol\u00edtica de privacidad de la aplicaci\u00f3n<\/p>\n\n\n\n<p>El prop\u00f3sito de esta Pol\u00edtica de Privacidad es brindar informaci\u00f3n sobre los derechos del Usuario y del Visitante en los t\u00e9rminos de la Ley N \u00b0 13.709 del 14 de agosto de 2018 - Ley General de Protecci\u00f3n de Datos (\u201cLGPD\u201d).<\/p>\n\n\n\n<p><strong>1. Finalidad del tratamiento de datos personales<\/strong><\/p>\n\n\n\n<p>1.1. En Greiner Bio-One Brasil Service Tech, tratamos la informaci\u00f3n proporcionada por los interesados a:<\/p>\n\n\n\n<ul class=\"wp-block-list\"><li>Registrar el C\u00f3digo de art\u00edculo, lote y validez, utilizado en el proceso de recolecci\u00f3n de muestras para an\u00e1lisis cl\u00ednico;<\/li><li>Escanee el proceso de recopilaci\u00f3n de informaci\u00f3n sobre el material utilizado.<\/li><\/ul>\n\n\n\n<p><strong>2. Informaci\u00f3n recopilada<\/strong><\/p>\n\n\n\n<p>2.1 Greiner Bio-One Brasil Service Tech recopila los datos anonimizados completados por el Usuario, que es una declaraci\u00f3n espont\u00e1nea del Usuario, durante su registro (primer acceso);<\/p>\n\n\n\n<p>2.2. Tambi\u00e9n podr\u00e1n recopilar datos anonimizados del usuario y de terceros mantenidos en la aplicaci\u00f3n del usuario.<\/p>\n\n\n\n<p><strong>3. Recopilaci\u00f3n de datos<\/strong><\/p>\n\n\n\n<p>3.1. Los datos se registran a trav\u00e9s de una p\u00e1gina de acceso y se almacenan en Google Cloud, en un entorno seguro, sin uso de estos datos para ning\u00fan otro fin que no sea el regulado en esta Pol\u00edtica.<\/p>\n\n\n\n<p><strong>4. Periodo de conservaci\u00f3n de la informaci\u00f3n<\/strong><\/p>\n\n\n\n<p>4.1. Conservaremos los datos durante todo el plazo de la relaci\u00f3n contractual o por tiempo indefinido, si se autoriza. Asimismo, le informamos que sus datos y otros incluidos en el sistema pueden permanecer bloqueados en caso de acciones legales, administrativas y de otro tipo, por los plazos que legalmente determine cada normativa aplicable.<\/p>\n\n\n\n<p>4.2. Tambi\u00e9n veremos si, con el tiempo, podemos reducir los datos y otros datos personales que usamos y c\u00f3mo podemos hacerlo, y si podemos hacer que los datos personales sean an\u00f3nimos para que ya no puedan asociarse con un individuo. En ese caso, se pueden utilizar datos an\u00f3nimos sin previo aviso.<\/p>\n\n\n\n<p><strong>5. Legitimaci\u00f3n para el tratamiento de datos<\/strong><\/p>\n\n\n\n<p>5.1. La base legal para el procesamiento de datos en Brasil es la firma del contrato de prestaci\u00f3n del servicio, as\u00ed como la implementaci\u00f3n de medidas previas, con el fin de procesar, administrar o aplicar el prop\u00f3sito aqu\u00ed previsto.<\/p>\n\n\n\n<p>5.2. Tambi\u00e9n est\u00e1 el suministro de productos potenciales de otros servicios, que se da con la transferencia de datos al sector de servicios de marketing, con el fin de enviar comunicaciones comerciales, lo cual ya se realiza con autorizaci\u00f3n expresa. Esto se basa en el consentimiento verificado al cumplimentar el formulario de solicitud, pero en ning\u00fan caso la retirada de este consentimiento implica la no ejecuci\u00f3n condicional del contrato de intermediaci\u00f3n.<\/p>\n\n\n\n<p><strong>6. Recibir sus datos<\/strong><\/p>\n\n\n\n<p>6.1. Los datos ser\u00e1n enviados a otras entidades del grupo empresarial Greiner para fines administrativos internos, incluido el tratamiento de datos personales de clientes y empleados, as\u00ed como a otros cuando sea una obligaci\u00f3n legal (jueces, juzgados, fiscales, Secretar\u00eda de Seguridad P\u00fablica). , entre otros) otros).<\/p>\n\n\n\n<p>6.2. Los responsables del tratamiento tendr\u00e1n acceso a sus datos personales.<\/p>\n\n\n\n<p>6.3. Se pueden realizar transferencias internacionales de sus datos personales a otras empresas del grupo. Estas empresas pueden estar ubicadas fuera del pa\u00eds. Cuando no se establezca que tienen un nivel de protecci\u00f3n equivalente al de Brasil, Greiner Bio-One Brasil Service Tech adoptar\u00e1 las cl\u00e1usulas contractuales correspondientes, las cuales son aceptadas expresamente por el Usuario, por ser equivalentes.<\/p>\n\n\n\n<p>6.4. Greiner Bio-One Brasil Service Tech contrata su infraestructura virtual seg\u00fan un modelo de Google Cloud Platform.<\/p>\n\n\n\n<p>6.5. Datos del principal proveedor de tecnolog\u00eda para la operaci\u00f3n: cloud.google.com<\/p>\n\n\n\n<p>6.6. Greiner Bio-One Brasil Service Tech garantiza que las empresas que reciben datos personales tienen las mismas medidas de seguridad y han firmado contratos que regulan el procesamiento de datos personales.<\/p>\n\n\n\n<p><strong>7. Decisiones autom\u00e1ticas tomadas sobre datos personales<\/strong><\/p>\n\n\n\n<p>7.1. Greiner Bio-One Brasil Service Tech no toma decisiones autom\u00e1ticas para analizar ning\u00fan dato personal.<\/p>\n\n\n\n<p>7.2. En cualquier caso, el contratista podr\u00e1 solicitar aclaraciones en cualquier momento al contacto a trav\u00e9s del correo electr\u00f3nico: <a href=\"mailto:gboetrack@gbo.com\">gboetrack@gbo.com<\/a><\/p>\n\n\n\n<p><strong>8. Recopilaci\u00f3n de datos del usuario con terceros<\/strong><\/p>\n\n\n\n<p>8.1. No recibimos informaci\u00f3n sobre usuarios de terceros, salvo cualquier registro previo o datos que nos permitan identificarnos y nos fueron remitidos por la empresa que contrat\u00f3 nuestros servicios.<\/p>\n\n\n\n<p>8.2. En todo caso, el Usuario acord\u00f3 la divulgaci\u00f3n de su informaci\u00f3n con el fin de viabilizar los servicios que sustentan esta Pol\u00edtica de Privacidad, lo que tambi\u00e9n se justifica por el ejercicio regular del contrato con el cliente.<\/p>\n\n\n\n<p><strong>9. Sus derechos de protecci\u00f3n de datos<\/strong><\/p>\n\n\n\n<p>9.1. Informamos que el Usuario puede ejercitar los siguientes derechos:<\/p>\n\n\n\n<p>9.1.1. Derecho de acceso, en cualquier momento, a sus datos, para conocer qu\u00e9 datos personales se est\u00e1n tratando y los tratamientos que se llevan a cabo con ellos;<\/p>\n\n\n\n<p>9.1.2. Derecho a rectificar los datos personales inexactos;<\/p>\n\n\n\n<p>9.1.3. Suprimir el acceso a los datos personales siempre que sea posible;<\/p>\n\n\n\n<p>9.1.4. Derecho a solicitar la limitaci\u00f3n del tratamiento de los datos personales cuando se dude de la licitud o necesidad del tratamiento, en cuyo caso podremos conservar los datos para el ejercicio o la defensa de reclamaciones.<\/p>\n\n\n\n<p>9.1.5. Derecho a oponerse al tratamiento de sus datos personales, cuando, seg\u00fan la legislaci\u00f3n vigente, su inter\u00e9s sea leg\u00edtimo. Greiner Bio-One Brasil Service Tech dejar\u00e1 de tratar tus datos, salvo que tengas un inter\u00e9s convincente o leg\u00edtimo en la formulaci\u00f3n, ejercicio o defensa de reclamaciones.<\/p>\n\n\n\n<p>9.1.6. Derecho a la portabilidad de sus datos, que consiste en el derecho del interesado a recibir los datos personales que le conciernen que le proporcion\u00f3 a Greiner Bio-One Brasil Service Tech en formato estructurado, de uso com\u00fan y lectura mec\u00e1nica, y transmitirlos a otro encargado de tramitar sin impedimento al responsable de facilitarlos, siempre que se cumplan las condiciones previstas en el art\u00edculo 18, V, de la LGPD. Esto solo ocurrir\u00e1 con respecto a sus datos personales, y no a los datos de la empresa que contrata nuestros servicios.<\/p>\n\n\n\n<p>9.1.7. Derecho a retirar su consentimiento en cualquier momento, sin afectar los derechos derivados de la relaci\u00f3n entre Greiner Bio-One Brasil Service Tech y su cliente, quien autoriz\u00f3 su acceso, mediante expresi\u00f3n expresa, por los medios de comunicaci\u00f3n en estos t\u00e9rminos informados.<\/p>\n\n\n\n<p>9.2. Puede ejercer sus derechos enviando un correo electr\u00f3nico a: <a href=\"mailto:gboetrack@gbo.com\">gboetrack@gbo.com<\/a><\/p>\n\n\n\n<p>Es posible que sea necesario actualizar esta Pol\u00edtica de privacidad. Por tanto, es necesario revisar esta pol\u00edtica peri\u00f3dicamente y, si es posible, siempre que acceda al sitio web, con el fin de estar debidamente informado sobre el tipo de informaci\u00f3n recabada y su tratamiento. Puede encontrar la Pol\u00edtica de privacidad en la parte inferior del sitio web. Sin embargo, le notificaremos de cualquier cambio a esta pol\u00edtica de privacidad que afecte el procesamiento de sus datos personales.<\/p>\n\n\n\n<p>Cronolog\u00eda de las versiones aprobadas:<\/p>\n\n\n\n<figure class=\"wp-block-table\"><table><tbody><tr><td>Versi\u00f3n<\/td><td>Fecha<\/td><td>\u00c1rea de aprobaci\u00f3n<\/td><\/tr><tr><td>1.0<\/td><td>22.05.2020<\/td><td>Greiner Bio-One Brasil Service Tech<\/td><\/tr><\/tbody><\/table><\/figure>","protected":false},"excerpt":{"rendered":"<p>TERMOS DE USO E POL\u00cdTICA DE PRIVACIDADE Greiner Bio-One eTrack A Greiner Bio-One Brasil Service Tech Sistemas, Produtos e Servi\u00e7os para sa\u00fade Ltda., pessoa jur\u00eddica de direito privado, cuja sede social se encontra na Avenida Affonso Pansan, 1967 A \u2013 Vila Bertini \u2013 Americana\/SP \u2013 CEP 13.473-620, inscrita no Cadastro Nacional de Pessoas Jur\u00eddicas do [&#8230;]\n","protected":false},"author":1,"featured_media":0,"parent":0,"menu_order":0,"comment_status":"closed","ping_status":"closed","template":"","meta":{"footnotes":""},"class_list":["post-3","page","type-page","status-publish","hentry"],"aioseo_notices":[],"acf":[],"_links":{"self":[{"href":"https:\/\/gboetrack.com\/es\/wp-json\/wp\/v2\/pages\/3","targetHints":{"allow":["GET"]}}],"collection":[{"href":"https:\/\/gboetrack.com\/es\/wp-json\/wp\/v2\/pages"}],"about":[{"href":"https:\/\/gboetrack.com\/es\/wp-json\/wp\/v2\/types\/page"}],"author":[{"embeddable":true,"href":"https:\/\/gboetrack.com\/es\/wp-json\/wp\/v2\/users\/1"}],"replies":[{"embeddable":true,"href":"https:\/\/gboetrack.com\/es\/wp-json\/wp\/v2\/comments?post=3"}],"version-history":[{"count":0,"href":"https:\/\/gboetrack.com\/es\/wp-json\/wp\/v2\/pages\/3\/revisions"}],"wp:attachment":[{"href":"https:\/\/gboetrack.com\/es\/wp-json\/wp\/v2\/media?parent=3"}],"curies":[{"name":"wp","href":"https:\/\/api.w.org\/{rel}","templated":true}]}}