{"id":2541,"date":"2022-04-08T14:59:08","date_gmt":"2022-04-08T17:59:08","guid":{"rendered":"https:\/\/gboetrack.com\/?page_id=2541"},"modified":"2022-04-13T13:49:33","modified_gmt":"2022-04-13T16:49:33","slug":"instalacao-do-etrack-web","status":"publish","type":"page","link":"https:\/\/gboetrack.com\/es\/instalacao-do-etrack-web\/","title":{"rendered":"Instala\u00e7\u00e3o do eTrack Web"},"content":{"rendered":"<div class=\"row\"  id=\"row-62400002\">\n\n\n\t<div id=\"col-1861930180\" class=\"col small-12 large-12\"  >\n\t\t\t\t<div class=\"col-inner text-center\"  >\n\t\t\t\n\t\t\t\n\n\t<div class=\"img has-hover x md-x lg-x y md-y lg-y\" id=\"image_930066079\">\n\t\t\t\t\t\t\t\t<div class=\"img-inner dark\" >\n\t\t\t<img loading=\"lazy\" decoding=\"async\" width=\"500\" height=\"124\" src=\"https:\/\/gboetrack.com\/wp-content\/uploads\/2021\/01\/logo-gbo-bio-one-etrack.png\" class=\"attachment-large size-large\" alt=\"logo Greiner Bio-One eTrack\" \/>\t\t\t\t\t\t\n\t\t\t\t\t<\/div>\n\t\t\t\t\t\t\t\t\n<style>\n#image_930066079 {\n  width: 20%;\n}\n<\/style>\n\t<\/div>\n\t\n\n\n\t\t<\/div>\n\t\t\t\t\t<\/div>\n\n\t\n\n\t<div id=\"col-1430323703\" class=\"col small-12 large-12\"  >\n\t\t\t\t<div class=\"col-inner text-center\"  >\n\t\t\t\n\t\t\t\n\n<div class=\"row\"  id=\"row-767231493\">\n\n\n\t<div id=\"col-53621187\" class=\"col small-12 large-12\"  >\n\t\t\t\t<div class=\"col-inner\"  >\n\t\t\t\n\t\t\t\n\n<p class=\"lead\">Bienvenido al tutorial de instalaci\u00f3n de la versi\u00f3n web de Greiner Bio-One eTrack<\/p>\n<p class=\"translation-block\">Vea a continuaci\u00f3n c\u00f3mo instalarlo en su computadora usando los navegadores <strong>Google Chrome<\/strong> y <strong>Microsoft Edge<\/strong><\/p>\n<div class=\"is-divider divider clearfix\" style=\"max-width:100%;height:1px;background-color:rgb(0, 159, 227);\"><\/div>\n\n\n\t\t<\/div>\n\t\t\t\t\t<\/div>\n\n\t\n\n<\/div>\n\n\t\t<\/div>\n\t\t\t\t\t<\/div>\n\n\t\n\n<\/div>\n\t<div id=\"gap-569836102\" class=\"gap-element clearfix\" style=\"display:block; height:auto;\">\n\t\t\n<style>\n#gap-569836102 {\n  padding-top: 10px;\n}\n<\/style>\n\t<\/div>\n\t\n\n<div class=\"row\"  id=\"row-1405844235\">\n\n\n\t<div id=\"col-1456084191\" class=\"col medium-6 small-12 large-6\"  >\n\t\t\t\t<div class=\"col-inner text-center\"  >\n\t\t\t\n\t\t\t\n\n\t<div class=\"img has-hover x md-x lg-x y md-y lg-y\" id=\"image_1564597207\">\n\t\t\t\t\t\t\t\t<div class=\"img-inner dark\" >\n\t\t\t<img loading=\"lazy\" decoding=\"async\" width=\"64\" height=\"64\" src=\"https:\/\/gboetrack.com\/wp-content\/uploads\/2022\/04\/google_chrome_logo.png\" class=\"attachment-large size-large\" alt=\"google_chrome_logo\" srcset=\"https:\/\/gboetrack.com\/wp-content\/uploads\/2022\/04\/google_chrome_logo.png 64w, https:\/\/gboetrack.com\/wp-content\/uploads\/2022\/04\/google_chrome_logo-12x12.png 12w\" sizes=\"auto, (max-width: 64px) 100vw, 64px\" \/>\t\t\t\t\t\t\n\t\t\t\t\t<\/div>\n\t\t\t\t\t\t\t\t\n<style>\n#image_1564597207 {\n  width: 10%;\n}\n<\/style>\n\t<\/div>\n\t\n\n\t<div id=\"text-2674686241\" class=\"text\">\n\t\t\n\n<h2>Instalaci\u00f3n de eTrack Web usando el navegador Chrome<\/h2>\n<p style=\"padding-bottom: 30px;\" class=\"translation-block\">1 \u2013 Haga clic en el bot\u00f3n \"Acceder a Greiner Bio-One eTrack Web\" en la parte inferior de esta p\u00e1gina.<br>\n2 \u2013 En el navegador, haga clic en el icono que se muestra en la imagen de abajo y luego en <strong>Instalar<\/strong>.<br>\n3 \u2013 La aplicaci\u00f3n ahora estar\u00e1 lista para ser utilizada.<\/p>\n\n\t\t\n<style>\n#text-2674686241 {\n  font-size: 1.1rem;\n  text-align: center;\n}\n<\/style>\n\t<\/div>\n\t\n<div class=\"row\"  id=\"row-1878117475\">\n\n\n\t<div id=\"col-247149533\" class=\"col planoBronzeSilver small-12 large-12\"  >\n\t\t\t\t<div class=\"col-inner text-center\"  >\n\t\t\t\n\t\t\t\n\n\t<div class=\"img has-hover x md-x lg-x y md-y lg-y\" id=\"image_2083254594\">\n\t\t\t\t\t\t\t\t<div class=\"img-inner dark\" >\n\t\t\t<img loading=\"lazy\" decoding=\"async\" width=\"913\" height=\"350\" src=\"https:\/\/gboetrack.com\/wp-content\/uploads\/2022\/04\/instalar-etrack-web-chrome2.png\" class=\"attachment-large size-large\" alt=\"instalar-etrack-web-chrome2\" srcset=\"https:\/\/gboetrack.com\/wp-content\/uploads\/2022\/04\/instalar-etrack-web-chrome2.png 913w, https:\/\/gboetrack.com\/wp-content\/uploads\/2022\/04\/instalar-etrack-web-chrome2-800x307.png 800w, https:\/\/gboetrack.com\/wp-content\/uploads\/2022\/04\/instalar-etrack-web-chrome2-768x294.png 768w, https:\/\/gboetrack.com\/wp-content\/uploads\/2022\/04\/instalar-etrack-web-chrome2-18x7.png 18w, https:\/\/gboetrack.com\/wp-content\/uploads\/2022\/04\/instalar-etrack-web-chrome2-600x230.png 600w\" sizes=\"auto, (max-width: 913px) 100vw, 913px\" \/>\t\t\t\t\t\t\n\t\t\t\t\t<\/div>\n\t\t\t\t\t\t\t\t\n<style>\n#image_2083254594 {\n  width: 30%;\n}\n@media (min-width:550px) {\n  #image_2083254594 {\n    width: 100%;\n  }\n}\n<\/style>\n\t<\/div>\n\t\n\n\n\t\t<\/div>\n\t\t\t\t\t<\/div>\n\n\t\n\n<\/div>\n\n\t\t<\/div>\n\t\t\t\t\t<\/div>\n\n\t\n\n\t<div id=\"col-1701397452\" class=\"col medium-6 small-12 large-6\"  >\n\t\t\t\t<div class=\"col-inner text-center\"  >\n\t\t\t\n\t\t\t\n\n\t<div class=\"img has-hover x md-x lg-x y md-y lg-y\" id=\"image_123588315\">\n\t\t\t\t\t\t\t\t<div class=\"img-inner dark\" >\n\t\t\t<img loading=\"lazy\" decoding=\"async\" width=\"64\" height=\"64\" src=\"https:\/\/gboetrack.com\/wp-content\/uploads\/2022\/04\/Microsoft_Edge_logo.png\" class=\"attachment-large size-large\" alt=\"Microsoft_Edge_logo\" srcset=\"https:\/\/gboetrack.com\/wp-content\/uploads\/2022\/04\/Microsoft_Edge_logo.png 64w, https:\/\/gboetrack.com\/wp-content\/uploads\/2022\/04\/Microsoft_Edge_logo-12x12.png 12w\" sizes=\"auto, (max-width: 64px) 100vw, 64px\" \/>\t\t\t\t\t\t\n\t\t\t\t\t<\/div>\n\t\t\t\t\t\t\t\t\n<style>\n#image_123588315 {\n  width: 10%;\n}\n<\/style>\n\t<\/div>\n\t\n\n\t<div id=\"text-2150319538\" class=\"text\">\n\t\t\n\n<h2>Instalaci\u00f3n de eTrack Web usando el navegador Edge<\/h2>\n<p class=\"translation-block\">1 \u2013 Haga clic en el bot\u00f3n \"Acceder a Greiner Bio-One eTrack Web\" en la parte inferior de esta p\u00e1gina.<br>\n2 \u2013 En el navegador, haga clic en el icono que se muestra en la imagen de abajo y luego en <strong>Instalar<\/strong>.<br>\n3 \u2013 Seleccione los permisos deseados.<br>\n4 \u2013 La aplicaci\u00f3n ahora estar\u00e1 lista para ser utilizada.<\/p>\n\n\t\t\n<style>\n#text-2150319538 {\n  font-size: 1.1rem;\n  text-align: center;\n}\n<\/style>\n\t<\/div>\n\t\n<div class=\"row\"  id=\"row-1698016301\">\n\n\n\t<div id=\"col-1554270140\" class=\"col small-12 large-12\"  >\n\t\t\t\t<div class=\"col-inner text-center\"  >\n\t\t\t\n\t\t\t\n\n\t<div class=\"img has-hover x md-x lg-x y md-y lg-y\" id=\"image_1338934169\">\n\t\t\t\t\t\t\t\t<div class=\"img-inner dark\" >\n\t\t\t<img loading=\"lazy\" decoding=\"async\" width=\"751\" height=\"360\" src=\"https:\/\/gboetrack.com\/wp-content\/uploads\/2022\/04\/instalar-etrack-web-edge.png\" class=\"attachment-large size-large\" alt=\"instalar-etrack-web-edge\" srcset=\"https:\/\/gboetrack.com\/wp-content\/uploads\/2022\/04\/instalar-etrack-web-edge.png 751w, https:\/\/gboetrack.com\/wp-content\/uploads\/2022\/04\/instalar-etrack-web-edge-18x9.png 18w, https:\/\/gboetrack.com\/wp-content\/uploads\/2022\/04\/instalar-etrack-web-edge-600x288.png 600w\" sizes=\"auto, (max-width: 751px) 100vw, 751px\" \/>\t\t\t\t\t\t\n\t\t\t\t\t<\/div>\n\t\t\t\t\t\t\t\t\n<style>\n#image_1338934169 {\n  width: 30%;\n}\n@media (min-width:550px) {\n  #image_1338934169 {\n    width: 81%;\n  }\n}\n<\/style>\n\t<\/div>\n\t\n\n\n\t\t<\/div>\n\t\t\t\t\t<\/div>\n\n\t\n\n<\/div>\n\n\t\t<\/div>\n\t\t\t\t\t<\/div>\n\n\t\n\n<\/div>\n\t<div id=\"text-3247394106\" class=\"text\">\n\t\t\n\n<p class=\"lead\">Despu\u00e9s de la instalaci\u00f3n, siempre podr\u00e1 acceder a la aplicaci\u00f3n a trav\u00e9s del icono en el desktop<\/p>\n\t\t\n<style>\n#text-3247394106 {\n  text-align: center;\n}\n<\/style>\n\t<\/div>\n\t\n<div class=\"row\"  id=\"row-1632111205\">\n\n\n\t<div id=\"col-1347392594\" class=\"col small-12 large-12\"  >\n\t\t\t\t<div class=\"col-inner text-center\"  >\n\t\t\t\n\t\t\t\n\n\t<div class=\"img has-hover x md-x lg-x y md-y lg-y\" id=\"image_365913971\">\n\t\t\t\t\t\t\t\t<div class=\"img-inner dark\" >\n\t\t\t<img loading=\"lazy\" decoding=\"async\" width=\"124\" height=\"161\" src=\"https:\/\/gboetrack.com\/wp-content\/uploads\/2022\/04\/icone-etrack-web.png\" class=\"attachment-large size-large\" alt=\"icone-etrack-web\" srcset=\"https:\/\/gboetrack.com\/wp-content\/uploads\/2022\/04\/icone-etrack-web.png 124w, https:\/\/gboetrack.com\/wp-content\/uploads\/2022\/04\/icone-etrack-web-9x12.png 9w\" sizes=\"auto, (max-width: 124px) 100vw, 124px\" \/>\t\t\t\t\t\t\n\t\t\t\t\t<\/div>\n\t\t\t\t\t\t\t\t\n<style>\n#image_365913971 {\n  width: 10%;\n}\n<\/style>\n\t<\/div>\n\t\n\n\n\t\t<\/div>\n\t\t\t\t\t<\/div>\n\n\t\n\n<\/div>\n<div class=\"text-center\"><div class=\"is-divider divider clearfix\" style=\"max-width:50%;height:1px;background-color:rgb(0, 159, 227);\"><\/div><\/div>\n\n\t<div id=\"gap-1288868982\" class=\"gap-element clearfix\" style=\"display:block; height:auto;\">\n\t\t\n<style>\n#gap-1288868982 {\n  padding-top: 30px;\n}\n<\/style>\n\t<\/div>\n\t\n\n<div class=\"row\"  id=\"row-1525047693\">\n\n\n\t<div id=\"col-858491911\" class=\"col small-12 large-12\"  >\n\t\t\t\t<div class=\"col-inner text-center\"  >\n\t\t\t\n\t\t\t\n\n<a href=\"https:\/\/gboetrack.com\/es\/web\/\" target=\"_blank\" class=\"button primary lowercase\" rel=\"noopener\" style=\"border-radius:10px;padding:2pxx 0px 0px 0px;\">\n\t\t<span>Instalar Greiner Bio-One eTrack Web<\/span>\n\t<\/a>\n\n\n\n\t\t<\/div>\n\t\t\t\t\t<\/div>\n\n\t\n\n<\/div>","protected":false},"excerpt":{"rendered":"","protected":false},"author":2,"featured_media":0,"parent":0,"menu_order":0,"comment_status":"closed","ping_status":"closed","template":"","meta":{"footnotes":""},"class_list":["post-2541","page","type-page","status-publish","hentry"],"aioseo_notices":[],"acf":[],"_links":{"self":[{"href":"https:\/\/gboetrack.com\/es\/wp-json\/wp\/v2\/pages\/2541","targetHints":{"allow":["GET"]}}],"collection":[{"href":"https:\/\/gboetrack.com\/es\/wp-json\/wp\/v2\/pages"}],"about":[{"href":"https:\/\/gboetrack.com\/es\/wp-json\/wp\/v2\/types\/page"}],"author":[{"embeddable":true,"href":"https:\/\/gboetrack.com\/es\/wp-json\/wp\/v2\/users\/2"}],"replies":[{"embeddable":true,"href":"https:\/\/gboetrack.com\/es\/wp-json\/wp\/v2\/comments?post=2541"}],"version-history":[{"count":0,"href":"https:\/\/gboetrack.com\/es\/wp-json\/wp\/v2\/pages\/2541\/revisions"}],"wp:attachment":[{"href":"https:\/\/gboetrack.com\/es\/wp-json\/wp\/v2\/media?parent=2541"}],"curies":[{"name":"wp","href":"https:\/\/api.w.org\/{rel}","templated":true}]}}