{"id":1064,"date":"2021-03-24T09:17:01","date_gmt":"2021-03-24T12:17:01","guid":{"rendered":"https:\/\/gboetrack.com\/?page_id=1064"},"modified":"2021-11-22T17:26:09","modified_gmt":"2021-11-22T20:26:09","slug":"gerenciar-meu-plano","status":"publish","type":"page","link":"https:\/\/gboetrack.com\/es\/gerenciar-meu-plano\/","title":{"rendered":"Gesti\u00f3n del plan"},"content":{"rendered":"<div class=\"row\"  id=\"row-795205239\">\n\n\n\t<div id=\"col-530991015\" class=\"col small-12 large-12\"  >\n\t\t\t\t<div class=\"col-inner text-center\"  >\n\t\t\t\n\t\t\t\n\n\t<div class=\"img has-hover x md-x lg-x y md-y lg-y\" id=\"image_689070746\">\n\t\t\t\t\t\t\t\t<div class=\"img-inner dark\" >\n\t\t\t<img loading=\"lazy\" decoding=\"async\" width=\"500\" height=\"124\" src=\"https:\/\/gboetrack.com\/wp-content\/uploads\/2021\/01\/logo-gbo-bio-one-etrack.png\" class=\"attachment-large size-large\" alt=\"logo Greiner Bio-One eTrack\" \/>\t\t\t\t\t\t\n\t\t\t\t\t<\/div>\n\t\t\t\t\t\t\t\t\n<style>\n#image_689070746 {\n  width: 20%;\n}\n<\/style>\n\t<\/div>\n\t\n\n\n\t\t<\/div>\n\t\t\t\t\t<\/div>\n\n\t\n\n<\/div>\n\t<div id=\"gap-22398843\" class=\"gap-element clearfix\" style=\"display:block; height:auto;\">\n\t\t\n<style>\n#gap-22398843 {\n  padding-top: 30px;\n}\n<\/style>\n\t<\/div>\n\t\n\n\t<div id=\"text-317954695\" class=\"text\">\n\t\t\n\n<h3>Tu plan actual es <strong> <span style=\"background-color: #009fe3; color:#ffffff; padding: 5px;\"> <\/strong><\/span><\/h3>\n<p><\/p>\n\t\t\n<style>\n#text-317954695 {\n  text-align: center;\n}\n<\/style>\n\t<\/div>\n\t\n\t<div id=\"gap-992369701\" class=\"gap-element clearfix\" style=\"display:block; height:auto;\">\n\t\t\n<style>\n#gap-992369701 {\n  padding-top: 10px;\n}\n<\/style>\n\t<\/div>\n\t\n\n<div class=\"row\"  id=\"row-264537219\">\n\n\n\t<div id=\"col-310612955\" class=\"col small-12 large-12\"  >\n\t\t\t\t<div class=\"col-inner\"  >\n\t\t\t\n\t\t\t\n\n<div class=\"is-divider divider clearfix\" style=\"max-width:100%;\"><\/div>\n\n\n\t\t<\/div>\n\t\t\t\t\t<\/div>\n\n\t\n\n<\/div>\n<div class=\"row align-center\"  id=\"row-892797833\">\n\n\n\t<div id=\"col-1963870713\" class=\"col coluna_bronze medium-3 small-6 large-3\"  >\n\t\t\t\t<div class=\"col-inner text-center\"  >\n\t\t\t\n\t\t\t\n\n\t<div id=\"text-3981037807\" class=\"text\">\n\t\t\n\n<h3>Bronze<\/h3>\n\t\t\n<style>\n#text-3981037807 {\n  text-align: center;\n}\n<\/style>\n\t<\/div>\n\t\n\t<div class=\"img has-hover x md-x lg-x y md-y lg-y\" id=\"image_274945000\">\n\t\t\t\t\t\t\t\t<div class=\"img-inner dark\" >\n\t\t\t<img loading=\"lazy\" decoding=\"async\" width=\"500\" height=\"124\" src=\"https:\/\/gboetrack.com\/wp-content\/uploads\/2021\/01\/logo-gbo-bio-one-etrack.png\" class=\"attachment-large size-large\" alt=\"logo Greiner Bio-One eTrack\" \/>\t\t\t\t\t\t\n\t\t\t\t\t<\/div>\n\t\t\t\t\t\t\t\t\n<style>\n#image_274945000 {\n  width: 60%;\n}\n<\/style>\n\t<\/div>\n\t\n\n\t<div id=\"text-3380233600\" class=\"text\">\n\t\t\n\n<form class=\"cart\" action=\"https:\/\/gboetrack.com\/es\/produto\/assinatura-plano-bronze\/\" method=\"post\" enctype=\"multipart\/form-data\" data-trp-original-action=\"https:\/\/gboetrack.com\/produto\/assinatura-plano-bronze\/\">\n<p><input type=\"hidden\" id=\"thwepof_product_fields\" name=\"thwepof_product_fields\" value=\"rastreabilidade,relatorios,suporte_tecnico,gestor_matriz,unidades,admin_unidades,operadores,tubos_escaneados\"><input type=\"hidden\" id=\"rastreabilidade\" name=\"rastreabilidade\" value=\"Sim\" class=\"thwepof-input-field\"><input type=\"hidden\" id=\"relatorios\" name=\"relatorios\" value=\"CSV Export\" class=\"thwepof-input-field\"><input type=\"hidden\" id=\"suporte_tecnico\" name=\"suporte_tecnico\" value=\"2h\/m\u00eas\" class=\"thwepof-input-field\"><input type=\"hidden\" id=\"gestor_matriz\" name=\"gestor_matriz\" value=\"1\" class=\"thwepof-input-field\"><input type=\"hidden\" id=\"unidades\" name=\"unidades\" value=\"2\" class=\"thwepof-input-field\"><input type=\"hidden\" id=\"admin_unidades\" name=\"admin_unidades\" value=\"1\" class=\"thwepof-input-field\"><input type=\"hidden\" id=\"operadores\" name=\"operadores\" value=\"7\" class=\"thwepof-input-field\"><input type=\"hidden\" id=\"tubos_escaneados\" name=\"tubos_escaneados\" value=\"5.000\" class=\"thwepof-input-field\"><\/p>\n<div class=\"quantity hidden\"><input type=\"hidden\" id=\"quantity\" class=\"qty\" name=\"quantity\" value=\"1\">\n<\/div>\n<p><button type=\"submit\" name=\"add-to-cart\" value=\"543\" class=\"button primary is-smaller expand bronze\" style=\"border-radius: 7px; padding: 6px 0px 6px 0px; font-size: .75em; background-color: #7fc03e;\"> Bronze<\/button><br \/>\n<input type=\"hidden\" name=\"trp-form-language\" value=\"es\"\/><\/form>\n\n\t\t\n<style>\n#text-3380233600 {\n  text-align: center;\n}\n<\/style>\n\t<\/div>\n\t\n\t<div id=\"text-3409845073\" class=\"text\">\n\t\t\n\n<ul class=\"plans\">\n<li class=\"bullet-checkmark\">Trazabilidad<\/li>\n<li class=\"bullet-checkmark\">Informe de exportaci\u00f3n CSV<\/li>\n<li class=\"bullet-checkmark\">Soporte t\u00e9cnico 2h\/mes<\/li>\n<li class=\"bullet-checkmark\">1 Gerente de Sede<\/li>\n<li class=\"bullet-checkmark\">2 Unidades<\/li>\n<li class=\"bullet-checkmark\">1 Administrador de unidades<\/li>\n<li class=\"bullet-checkmark\">7 Operadores<\/li>\n<li class=\"bullet-checkmark\">5.000 Tubos Escaneados<\/li>\n<\/ul>\n\t\t\n<style>\n#text-3409845073 {\n  text-align: left;\n}\n<\/style>\n\t<\/div>\n\t\n\n\t\t<\/div>\n\t\t\t\t\t<\/div>\n\n\t\n\n\t<div id=\"col-1850251143\" class=\"col coluna_silver medium-3 small-6 large-3\"  >\n\t\t\t\t<div class=\"col-inner text-center\"  >\n\t\t\t\n\t\t\t\n\n\t<div id=\"text-3765149358\" class=\"text\">\n\t\t\n\n<h3>Silver<\/h3>\n\t\t\n<style>\n#text-3765149358 {\n  text-align: center;\n}\n<\/style>\n\t<\/div>\n\t\n\t<div class=\"img has-hover x md-x lg-x y md-y lg-y\" id=\"image_1847506407\">\n\t\t\t\t\t\t\t\t<div class=\"img-inner dark\" >\n\t\t\t<img loading=\"lazy\" decoding=\"async\" width=\"500\" height=\"124\" src=\"https:\/\/gboetrack.com\/wp-content\/uploads\/2021\/01\/logo-gbo-bio-one-etrack.png\" class=\"attachment-large size-large\" alt=\"logo Greiner Bio-One eTrack\" \/>\t\t\t\t\t\t\n\t\t\t\t\t<\/div>\n\t\t\t\t\t\t\t\t\n<style>\n#image_1847506407 {\n  width: 60%;\n}\n<\/style>\n\t<\/div>\n\t\n\n\t<div id=\"text-1904430843\" class=\"text\">\n\t\t\n\n<form class=\"cart\" action=\"https:\/\/gboetrack.com\/es\/produto\/assinatura-plano-silver\/\" method=\"post\" enctype=\"multipart\/form-data\" data-trp-original-action=\"https:\/\/gboetrack.com\/produto\/assinatura-plano-silver\/\">\n<p><input type=\"hidden\" id=\"thwepof_product_fields\" name=\"thwepof_product_fields\" value=\"rastreabilidade,gestao_estoque,relatorios,suporte_tecnico,gestor_matriz,unidades,admin_unidades,operadores,tubos_escaneados\"><input type=\"hidden\" id=\"rastreabilidade\" name=\"rastreabilidade\" value=\"Sim\" class=\"thwepof-input-field\"><input type=\"hidden\" id=\"gestao_estoque\" name=\"gestao_estoque\" value=\"Sim\" class=\"thwepof-input-field\"><input type=\"hidden\" id=\"relatorios\" name=\"relatorios\" value=\"CSV Export\" class=\"thwepof-input-field\"><input type=\"hidden\" id=\"suporte_tecnico\" name=\"suporte_tecnico\" value=\"4h\" class=\"thwepof-input-field\"><input type=\"hidden\" id=\"gestor_matriz\" name=\"gestor_matriz\" value=\"1\" class=\"thwepof-input-field\"><input type=\"hidden\" id=\"unidades\" name=\"unidades\" value=\"10\" class=\"thwepof-input-field\"><input type=\"hidden\" id=\"admin_unidades\" name=\"admin_unidades\" value=\"7\" class=\"thwepof-input-field\"><input type=\"hidden\" id=\"operadores\" name=\"operadores\" value=\"30\" class=\"thwepof-input-field\"><input type=\"hidden\" id=\"tubos_escaneados\" name=\"tubos_escaneados\" value=\"20.000\" class=\"thwepof-input-field\"><\/p>\n<div class=\"quantity hidden\"><input type=\"hidden\" id=\"quantity\" class=\"qty\" name=\"quantity\" value=\"1\">\n<\/div>\n<p><button type=\"submit\" name=\"add-to-cart\" value=\"578\" class=\"button primary is-smaller expand silver\" style=\"border-radius: 7px; padding: 6px 0px 6px 0px; font-size: .75em; background-color: #009fe3;\">Silver<\/button><br \/>\n<input type=\"hidden\" name=\"trp-form-language\" value=\"es\"\/><\/form>\n\n\t\t\n<style>\n#text-1904430843 {\n  text-align: center;\n}\n<\/style>\n\t<\/div>\n\t\n\t<div id=\"text-1773603393\" class=\"text\">\n\t\t\n\n<ul class=\"plans\">\n<li class=\"bullet-checkmark\">Trazabilidad<\/li>\n<li class=\"bullet-checkmark\">Gesti\u00f3n del inventario<\/li>\n<li class=\"bullet-checkmark\">Informe de exportaci\u00f3n CSV<\/li>\n<li class=\"bullet-checkmark\">Soporte t\u00e9cnico 4h\/mes<\/li>\n<li class=\"bullet-checkmark\">1 Gerente de Sede<\/li>\n<li class=\"bullet-checkmark\">10 Unidades<\/li>\n<li class=\"bullet-checkmark\">9 Admin. Unidade<\/li>\n<li class=\"bullet-checkmark\">30 Operadores<\/li>\n<li class=\"bullet-checkmark\">20.000 Tubos Escaneados<\/li>\n<\/ul>\n\t\t\n<style>\n#text-1773603393 {\n  text-align: left;\n}\n<\/style>\n\t<\/div>\n\t\n\n\t\t<\/div>\n\t\t\t\t\t<\/div>\n\n\t\n\n\t<div id=\"col-1204818650\" class=\"col coluna_gold medium-3 small-6 large-3\"  >\n\t\t\t\t<div class=\"col-inner text-center\"  >\n\t\t\t\n\t\t\t\n\n\t<div id=\"text-2659275770\" class=\"text\">\n\t\t\n\n<h3>Gold<\/h3>\n\t\t\n<style>\n#text-2659275770 {\n  text-align: center;\n}\n<\/style>\n\t<\/div>\n\t\n\t<div class=\"img has-hover x md-x lg-x y md-y lg-y\" id=\"image_1817842746\">\n\t\t\t\t\t\t\t\t<div class=\"img-inner dark\" >\n\t\t\t<img loading=\"lazy\" decoding=\"async\" width=\"500\" height=\"124\" src=\"https:\/\/gboetrack.com\/wp-content\/uploads\/2021\/01\/logo-gbo-bio-one-etrack.png\" class=\"attachment-large size-large\" alt=\"logo Greiner Bio-One eTrack\" \/>\t\t\t\t\t\t\n\t\t\t\t\t<\/div>\n\t\t\t\t\t\t\t\t\n<style>\n#image_1817842746 {\n  width: 60%;\n}\n<\/style>\n\t<\/div>\n\t\n\n\t<div id=\"text-994915754\" class=\"text\">\n\t\t\n\n<form class=\"cart\" action=\"https:\/\/gboetrack.com\/es\/produto\/assinatura-plano-gold\/\" method=\"post\" enctype=\"multipart\/form-data\" data-trp-original-action=\"https:\/\/gboetrack.com\/produto\/assinatura-plano-gold\/\">\n<p><input type=\"hidden\" id=\"thwepof_product_fields\" name=\"thwepof_product_fields\" value=\"rastreabilidade,gestao_estoque,relatorios,integracao_lis,treinamento,suporte_tecnico,setup,gestor_matriz,unidades,admin_unidades,operadores,tubos_escaneados\"><input type=\"hidden\" id=\"rastreabilidade\" name=\"rastreabilidade\" value=\"Sim\" class=\"thwepof-input-field\"><input type=\"hidden\" id=\"gestao_estoque\" name=\"gestao_estoque\" value=\"Sim\" class=\"thwepof-input-field\"><input type=\"hidden\" id=\"relatorios\" name=\"relatorios\" value=\"CSV Export\/API\" class=\"thwepof-input-field\"><input type=\"hidden\" id=\"integracao_lis\" name=\"integracao_lis\" value=\"Sim\" class=\"thwepof-input-field\"><input type=\"hidden\" id=\"treinamento\" name=\"treinamento\" value=\"Opcional\" class=\"thwepof-input-field\"><input type=\"hidden\" id=\"suporte_tecnico\" name=\"suporte_tecnico\" value=\"10h\" class=\"thwepof-input-field\"><input type=\"hidden\" id=\"setup\" name=\"setup\" value=\"R$6.000,00\" class=\"thwepof-input-field\"><input type=\"hidden\" id=\"gestor_matriz\" name=\"gestor_matriz\" value=\"3\" class=\"thwepof-input-field\"><input type=\"hidden\" id=\"unidades\" name=\"unidades\" value=\"20\" class=\"thwepof-input-field\"><input type=\"hidden\" id=\"admin_unidades\" name=\"admin_unidades\" value=\"15\" class=\"thwepof-input-field\"><input type=\"hidden\" id=\"operadores\" name=\"operadores\" value=\"60\" class=\"thwepof-input-field\"><input type=\"hidden\" id=\"tubos_escaneados\" name=\"tubos_escaneados\" value=\"60.000\" class=\"thwepof-input-field\"><\/p>\n<div class=\"quantity hidden\"><input type=\"hidden\" id=\"quantity\" class=\"qty\" name=\"quantity\" value=\"1\">\n<\/div>\n<p><button type=\"submit\" name=\"add-to-cart\" value=\"648\" class=\"button primary is-smaller expand gold\" style=\"border-radius: 7px; padding: 6px 0px 6px 0px; font-size: .75em; background-color: #7fc03e;\">Gold<\/button><br \/>\n<input type=\"hidden\" name=\"trp-form-language\" value=\"es\"\/><\/form>\n\n\t\t\n<style>\n#text-994915754 {\n  text-align: center;\n}\n<\/style>\n\t<\/div>\n\t\n\t<div id=\"text-1768191742\" class=\"text\">\n\t\t\n\n<ul class=\"plans\">\n<li class=\"bullet-checkmark\">Trazabilidad<\/li>\n<li class=\"bullet-checkmark\">Gesti\u00f3n del inventario<\/li>\n<li class=\"bullet-checkmark\">Informe de exportaci\u00f3n CSV\/API<\/li>\n<li class=\"bullet-checkmark\">Integraci\u00f3n LIS<\/li>\n<li class=\"bullet-checkmark\">Capacitaci\u00f3n Opcional<\/li>\n<li class=\"bullet-checkmark\">Soporte t\u00e9cnico 10h\/mes<\/li>\n<li class=\"bullet-checkmark\">R$6.000,00<\/li>\n<li class=\"bullet-checkmark\">3 Gerente de Sede<\/li>\n<li class=\"bullet-checkmark\">20 Unidades<\/li>\n<li class=\"bullet-checkmark\">17 Admin. Unidade<\/li>\n<li class=\"bullet-checkmark\">60 Operadores<\/li>\n<li class=\"bullet-checkmark\">60.000 Tubos Escaneados<\/li>\n<\/ul>\n\t\t\n<style>\n#text-1768191742 {\n  text-align: left;\n}\n<\/style>\n\t<\/div>\n\t\n\n\t\t<\/div>\n\t\t\t\t\t<\/div>\n\n\t\n\n<\/div>\n<div class=\"row\"  id=\"row-1201095672\">\n\n\n\t<div id=\"col-745720285\" class=\"col small-12 large-12\"  >\n\t\t\t\t<div class=\"col-inner text-center\"  >\n\t\t\t\n\t\t\t\n\n<div class=\"text-center\"><div class=\"is-divider divider clearfix\" style=\"max-width:100%;\"><\/div><\/div>\n\n\t<div id=\"gap-108511018\" class=\"gap-element clearfix\" style=\"display:block; height:auto;\">\n\t\t\n<style>\n#gap-108511018 {\n  padding-top: 30px;\n}\n<\/style>\n\t<\/div>\n\t\n\n\n\t\t<\/div>\n\t\t\t\t\t<\/div>\n\n\t\n\n<\/div>\n<div class=\"row\"  id=\"row-841703600\">\n\n\n\t<div id=\"col-1019301981\" class=\"col small-12 large-12\"  >\n\t\t\t\t<div class=\"col-inner\"  >\n\t\t\t\n\t\t\t\n\n\t<div id=\"text-1946692247\" class=\"text\">\n\t\t\n\n<h3>CANCELAR PLAN DE SUSCRIPCI\u00d3N<\/h3>\n\t\t\n<style>\n#text-1946692247 {\n  text-align: center;\n}\n<\/style>\n\t<\/div>\n\t\n\t<div id=\"text-2219837575\" class=\"text\">\n\t\t\n\n<p>Para cancelar su suscripci\u00f3n, reenv\u00ede un correo electr\u00f3nico a <strong><a href=\"mailto:gboetrack@gbo.com\">gboetrack@gbo.com<\/a><\/strong> con el t\u00edtulo \u201cCancelaci\u00f3n\u201d, que organizaremos la cancelaci\u00f3n de su plan.<\/p>\n\t\t\n<style>\n#text-2219837575 {\n  text-align: center;\n  color: rgb(0,0,0);\n}\n#text-2219837575 > * {\n  color: rgb(0,0,0);\n}\n<\/style>\n\t<\/div>\n\t\n\n\t\t<\/div>\n\t\t\t\t\t<\/div>\n\n\t\n\n<\/div>","protected":false},"excerpt":{"rendered":"","protected":false},"author":2,"featured_media":0,"parent":0,"menu_order":0,"comment_status":"closed","ping_status":"closed","template":"","meta":{"footnotes":""},"class_list":["post-1064","page","type-page","status-publish","hentry"],"aioseo_notices":[],"acf":[],"_links":{"self":[{"href":"https:\/\/gboetrack.com\/es\/wp-json\/wp\/v2\/pages\/1064","targetHints":{"allow":["GET"]}}],"collection":[{"href":"https:\/\/gboetrack.com\/es\/wp-json\/wp\/v2\/pages"}],"about":[{"href":"https:\/\/gboetrack.com\/es\/wp-json\/wp\/v2\/types\/page"}],"author":[{"embeddable":true,"href":"https:\/\/gboetrack.com\/es\/wp-json\/wp\/v2\/users\/2"}],"replies":[{"embeddable":true,"href":"https:\/\/gboetrack.com\/es\/wp-json\/wp\/v2\/comments?post=1064"}],"version-history":[{"count":0,"href":"https:\/\/gboetrack.com\/es\/wp-json\/wp\/v2\/pages\/1064\/revisions"}],"wp:attachment":[{"href":"https:\/\/gboetrack.com\/es\/wp-json\/wp\/v2\/media?parent=1064"}],"curies":[{"name":"wp","href":"https:\/\/api.w.org\/{rel}","templated":true}]}}