{"id":4225,"date":"2025-04-03T10:56:18","date_gmt":"2025-04-03T13:56:18","guid":{"rendered":"https:\/\/gboetrack.com\/?page_id=4225"},"modified":"2025-04-08T08:33:16","modified_gmt":"2025-04-08T11:33:16","slug":"respostas-quiz-pre-analitica","status":"publish","type":"page","link":"https:\/\/gboetrack.com\/en\/respostas-quiz-pre-analitica\/","title":{"rendered":"Respostas do Quiz"},"content":{"rendered":"<div class=\"row\"  id=\"row-1437378146\">\n\n\n\t<div id=\"col-187579593\" class=\"col small-12 large-12\"  >\n\t\t\t\t<div class=\"col-inner text-center\"  >\n\t\t\t\n\t\t\t\n\n\t<div class=\"img has-hover x md-x lg-x y md-y lg-y\" id=\"image_2111336347\">\n\t\t\t\t\t\t\t\t<div class=\"img-inner dark\" >\n\t\t\t<img loading=\"lazy\" decoding=\"async\" width=\"255\" height=\"153\" src=\"https:\/\/gboetrack.com\/wp-content\/uploads\/2021\/01\/logo-bio-one.png\" class=\"attachment-original size-original\" alt=\"logo Greiner Bio-One\" \/>\t\t\t\t\t\t\n\t\t\t\t\t<\/div>\n\t\t\t\t\t\t\t\t\n<style>\n#image_2111336347 {\n  width: 14%;\n}\n<\/style>\n\t<\/div>\n\t\n\n\n\t\t<\/div>\n\t\t\t\t\t<\/div>\n\n\t\n\n\n<style>\n#row-1437378146 > .col > .col-inner {\n  padding: 50px 0px 0px 0px;\n}\n<\/style>\n<\/div>\n<div class=\"row\"  id=\"row-800288221\">\n\n\n\t<div id=\"col-1634207536\" class=\"col small-12 large-12\"  >\n\t\t\t\t<div class=\"col-inner\"  >\n\t\t\t\n\t\t\t\n\n<div class=\"container section-title-container\" style=\"margin-top:20px;\"><h3 class=\"section-title section-title-center\"><b aria-hidden=\"true\"><\/b><span class=\"section-title-main\" >Respostas para as quest\u00f5es do Quiz:<\/span><b aria-hidden=\"true\"><\/b><\/h3><\/div>\n\n\n\t\t<\/div>\n\t\t\t\t\t<\/div>\n\n\t\n\n<\/div>\n<div class=\"row\"  id=\"row-1698635398\">\n\n\n\t<div id=\"col-675100752\" class=\"col small-12 large-12\"  >\n\t\t\t\t<div class=\"col-inner\"  >\n\t\t\t\n\t\t\t\n\n<p>1 \u2013 <strong>A resposta correta \u00e9 B)<\/strong> O tipo de dieta do paciente antes da coleta.<\/p>\n<p>Explica\u00e7\u00e3o:<\/p>\n<p>A dieta do paciente pode ter um impacto significativo nos resultados dos exames laboratoriais. Por exemplo, o consumo de alimentos ricos em gordura pode afetar os n\u00edveis de triglicer\u00eddeos, enquanto o consumo de alimentos ricos em a\u00e7\u00facar pode afetar os n\u00edveis de glicose.<\/p>\n<p>Outras op\u00e7\u00f5es:<\/p>\n<p>A) A climatiza\u00e7\u00e3o do laborat\u00f3rio: Embora a temperatura e a umidade do laborat\u00f3rio sejam importantes, elas geralmente n\u00e3o afetam a qualidade da amostra antes de chegar ao processo anal\u00edtico.<br \/>\nC) O hor\u00e1rio de funcionamento do laborat\u00f3rio: O hor\u00e1rio de funcionamento do laborat\u00f3rio n\u00e3o afeta diretamente a qualidade da amostra.<br \/>\nD) O design dos equipamentos utilizados no setor anal\u00edtico: O design dos equipamentos utilizados no setor anal\u00edtico afeta o processo anal\u00edtico em si, e n\u00e3o a qualidade da amostra antes de chegar a esse processo.<\/p>\n<p>2 \u2013 <strong>A resposta correta \u00e9 B)<\/strong> Pode haver hem\u00f3lise e libera\u00e7\u00e3o de valores laboratoriais incorretos.<\/p>\n<p>Explica\u00e7\u00e3o:<\/p>\n<p>A centrifuga\u00e7\u00e3o inadequada pode causar hem\u00f3lise, que \u00e9 a ruptura das c\u00e9lulas vermelhas do sangue. Isso libera o conte\u00fado intracelular, incluindo v\u00e1rias subst\u00e2ncias que podem interferir nos resultados dos exames laboratoriais, levando a valores incorretos.<\/p>\n<p>Outras op\u00e7\u00f5es:<\/p>\n<p>A) N\u00e3o h\u00e1 qualquer impacto significativo na amostra: Incorreto. A centrifuga\u00e7\u00e3o inadequada pode ter um impacto significativo na amostra.<br \/>\nC) A amostra fica mais \u201climpa\u201d para an\u00e1lise: Incorreto. A centrifuga\u00e7\u00e3o inadequada pode tornar a amostra menos adequada para an\u00e1lise devido \u00e0 hem\u00f3lise e outros problemas.<br \/>\nD) Aumenta o volume de soro ou plasma dispon\u00edvel: Incorreto. A centrifuga\u00e7\u00e3o inadequada n\u00e3o aumenta o volume de soro ou plasma.<\/p>\n<p>3 \u2013 <strong>A resposta correta \u00e9 A)<\/strong> Todos os processos que ocorrem antes do teste laboratorial, incluindo cadastro, preparo do paciente, coleta, transporte e armazenamento.<\/p>\n<p>Explica\u00e7\u00e3o:<\/p>\n<p>A fase pr\u00e9-anal\u00edtica abrange todas as etapas que precedem a an\u00e1lise laboratorial propriamente dita. Isso inclui desde o momento em que o exame \u00e9 solicitado at\u00e9 a prepara\u00e7\u00e3o da amostra para an\u00e1lise.<\/p>\n<p>Outras op\u00e7\u00f5es:<\/p>\n<p>B) Somente o processo de coleta de sangue na veia do paciente: Incorreto. A coleta de sangue \u00e9 apenas uma parte da fase pr\u00e9-anal\u00edtica.<br \/>\nC) Exclusivamente a etapa de centrifuga\u00e7\u00e3o e aliquotagem: Incorreto. A centrifuga\u00e7\u00e3o e aliquotagem s\u00e3o etapas importantes, mas n\u00e3o as \u00fanicas da fase pr\u00e9-anal\u00edtica.<br \/>\nD) Qualquer processo que ocorra depois de o equipamento ter gerado o resultado: Incorreto. Essa descri\u00e7\u00e3o se refere \u00e0 fase p\u00f3s-anal\u00edtica.<\/p>\n<p>4 \u2013 <strong>A resposta correta \u00e9 C)<\/strong> Excessiva agita\u00e7\u00e3o ou manuseio brusco da amostra.<\/p>\n<p>Explica\u00e7\u00e3o:<\/p>\n<p>A hem\u00f3lise, ou ruptura das c\u00e9lulas vermelhas do sangue, pode ocorrer devido ao manuseio inadequado da amostra. A agita\u00e7\u00e3o excessiva ou o manuseio brusco podem causar estresse mec\u00e2nico nas c\u00e9lulas sangu\u00edneas, levando \u00e0 sua ruptura e \u00e0 libera\u00e7\u00e3o de conte\u00fado intracelular no plasma ou soro.<\/p>\n<p>Outras op\u00e7\u00f5es:<\/p>\n<p>A) Baixa rota\u00e7\u00e3o da centr\u00edfuga: A baixa rota\u00e7\u00e3o da centr\u00edfuga pode levar \u00e0 separa\u00e7\u00e3o incompleta dos componentes sangu\u00edneos, mas n\u00e3o causa hem\u00f3lise diretamente.<br \/>\nB) Uso de agulhas com calibre adequado e pun\u00e7\u00e3o suave: O uso de agulhas com calibre adequado e pun\u00e7\u00e3o suave \u00e9 uma pr\u00e1tica correta que ajuda a prevenir a hem\u00f3lise.<br \/>\nD) Armazenamento em temperatura controlada de maneira correta: O armazenamento adequado da amostra em temperatura controlada \u00e9 essencial para preservar sua integridade e prevenir a hem\u00f3lise.<\/p>\n<p>5 \u2013 <strong>A resposta correta \u00e9 B)<\/strong> Para evitar trocas de amostras e, consequentemente, resultados equivocados.<\/p>\n<p>Explica\u00e7\u00e3o:<\/p>\n<p>A identifica\u00e7\u00e3o precisa do paciente \u00e9 crucial na fase pr\u00e9-anal\u00edtica para garantir a integridade e a rastreabilidade das amostras. Erros na identifica\u00e7\u00e3o podem levar a trocas de amostras, resultando em resultados laboratoriais incorretos. Isso pode ter consequ\u00eancias graves para o paciente, como diagn\u00f3sticos errados e tratamentos inadequados.<\/p>\n<p>Outras op\u00e7\u00f5es:<\/p>\n<p>A) \u00c9 apenas uma formalidade exigida pela acredita\u00e7\u00e3o: Embora a acredita\u00e7\u00e3o exija a identifica\u00e7\u00e3o adequada do paciente, ela n\u00e3o \u00e9 apenas uma formalidade. \u00c9 uma etapa essencial para a seguran\u00e7a do paciente.<br \/>\nC) N\u00e3o h\u00e1 rela\u00e7\u00e3o direta com os resultados das an\u00e1lises: Incorreto. A identifica\u00e7\u00e3o incorreta do paciente pode levar a resultados de an\u00e1lise incorretos.<br \/>\nD) Gera mais retrabalho para o profissional de coleta: Embora erros na identifica\u00e7\u00e3o possam levar a retrabalho, essa n\u00e3o \u00e9 a principal raz\u00e3o pela qual a identifica\u00e7\u00e3o do paciente \u00e9 cr\u00edtica. A principal raz\u00e3o \u00e9 garantir a seguran\u00e7a do paciente e a precis\u00e3o dos resultados dos testes.<\/p>\n<p>6 \u2013 <strong>A resposta correta \u00e9 C)<\/strong> Reduzir varia\u00e7\u00f5es nos marcadores bioqu\u00edmicos e obter resultados mais confi\u00e1veis.<\/p>\n<p>Explica\u00e7\u00e3o:<\/p>\n<p>O jejum \u00e9 fundamental para padronizar as condi\u00e7\u00f5es de coleta e minimizar a interfer\u00eancia de alimentos e bebidas nos resultados dos exames. Isso garante maior precis\u00e3o e confiabilidade nos dados obtidos.<\/p>\n<p>Outras op\u00e7\u00f5es:<\/p>\n<p>A) Garantir que o paciente esteja confort\u00e1vel: Embora o conforto do paciente seja importante, o jejum tem como objetivo principal a precis\u00e3o dos resultados.<br \/>\nB) Adequar o hor\u00e1rio de funcionamento do laborat\u00f3rio: O hor\u00e1rio de funcionamento do laborat\u00f3rio n\u00e3o est\u00e1 diretamente relacionado ao tempo de jejum.<br \/>\nD) Facilitar a log\u00edstica da equipe de enfermagem: A log\u00edstica da equipe de enfermagem pode ser afetada pelo tempo de jejum, mas essa n\u00e3o \u00e9 a principal preocupa\u00e7\u00e3o pr\u00e9-anal\u00edtica.<\/p>\n<p>7 \u2013 <strong>A resposta correta \u00e9 A) <\/strong>Para garantir que as amostras cheguem com a temperatura adequada e sem agita\u00e7\u00e3o excessiva.<\/p>\n<p>Explica\u00e7\u00e3o:<\/p>\n<p>O acondicionamento e o transporte adequados s\u00e3o cruciais para preservar a integridade das amostras e garantir resultados precisos. Varia\u00e7\u00f5es de temperatura e agita\u00e7\u00e3o excessiva podem levar \u00e0 degrada\u00e7\u00e3o da amostra, hem\u00f3lise e outros problemas que afetam a qualidade dos resultados.<\/p>\n<p>Outras op\u00e7\u00f5es:<\/p>\n<p>B) Porque os tubos precisam ficar expostos ao sol para melhor conserva\u00e7\u00e3o: Incorreto. A exposi\u00e7\u00e3o ao sol pode degradar a amostra e afetar os resultados.<br \/>\nC) N\u00e3o h\u00e1 real necessidade de controle de temperatura e agita\u00e7\u00e3o se o tr\u00e2nsito for curto: Incorreto. Mesmo em tr\u00e2nsitos curtos, o controle de temperatura e agita\u00e7\u00e3o \u00e9 importante para preservar a integridade da amostra.<br \/>\nD) A fase de transporte n\u00e3o tem impacto no resultado final: Incorreto. A fase de transporte \u00e9 uma parte cr\u00edtica da fase pr\u00e9-anal\u00edtica e pode ter um impacto significativo nos resultados finais.<\/p>\n<p>Como voc\u00ea se saiu?<\/p>\n<p>O cuidado pr\u00e9-anal\u00edtico assegura a confiabilidade dos resultados e, consequentemente, a seguran\u00e7a dos pacientes e a efic\u00e1cia dos tratamentos.<\/p>\n<p>Obrigado por participar deste quiz! Se voc\u00ea tem d\u00favidas ou quer conversar mais sobre boas pr\u00e1ticas na fase pr\u00e9-anal\u00edtica, estou \u00e0 disposi\u00e7\u00e3o para trocarmos ideias.<\/p>\n<p><strong>Leonardo Lippel<\/strong><br \/>\n<i>Executivo Greiner Bio-One Service Tech<\/i><\/p>\n<p><a href=\"https:\/\/www.linkedin.com\/in\/leonardolippel\/\" target=\"_blank\">linkedin.com\/in\/leonardolippel\/<\/a><\/p>\n\n\t\t<\/div>\n\t\t\t\t\t<\/div>\n\n\t\n\n<\/div>\n<div class=\"row\"  id=\"row-403323030\">\n\n\n\t<div id=\"col-386494856\" class=\"col medium-6 small-12 large-6\"  >\n\t\t\t\t<div class=\"col-inner\"  >\n\t\t\t\n\t\t\t\n\n\n<div class=\"wpcf7 no-js\" id=\"wpcf7-f3788-o1\" lang=\"pt-BR\" dir=\"ltr\" data-wpcf7-id=\"3788\">\n<div class=\"screen-reader-response\"><p role=\"status\" aria-live=\"polite\" aria-atomic=\"true\"><\/p> <ul><\/ul><\/div>\n<form action=\"\/en\/wp-json\/wp\/v2\/pages\/4225#wpcf7-f3788-o1\" method=\"post\" class=\"wpcf7-form init\" aria-label=\"Formul\u00e1rios de contato\" novalidate=\"novalidate\" data-status=\"init\" data-trp-original-action=\"\/en\/wp-json\/wp\/v2\/pages\/4225#wpcf7-f3788-o1\">\n<fieldset class=\"hidden-fields-container\"><input type=\"hidden\" name=\"_wpcf7\" value=\"3788\" \/><input type=\"hidden\" name=\"_wpcf7_version\" value=\"6.1.5\" \/><input type=\"hidden\" name=\"_wpcf7_locale\" value=\"pt_BR\" \/><input type=\"hidden\" name=\"_wpcf7_unit_tag\" value=\"wpcf7-f3788-o1\" \/><input type=\"hidden\" name=\"_wpcf7_container_post\" value=\"0\" \/><input type=\"hidden\" name=\"_wpcf7_posted_data_hash\" value=\"\" \/>\n<\/fieldset>\n<div class=\"form-flat\">\n\t<p><span class=\"wpcf7-form-control-wrap\" data-name=\"your-name\"><input size=\"40\" maxlength=\"400\" class=\"wpcf7-form-control wpcf7-text wpcf7-validates-as-required\" aria-required=\"true\" aria-invalid=\"false\" placeholder=\"Name\" value=\"\" type=\"text\" name=\"your-name\" \/><\/span><br \/>\n<span class=\"wpcf7-form-control-wrap\" data-name=\"your-tel\"><input size=\"40\" maxlength=\"400\" class=\"wpcf7-form-control wpcf7-tel wpcf7-validates-as-required wpcf7-text wpcf7-validates-as-tel\" aria-required=\"true\" aria-invalid=\"false\" placeholder=\"Telephone\" value=\"\" type=\"tel\" name=\"your-tel\" \/><\/span><br \/>\n<span class=\"wpcf7-form-control-wrap\" data-name=\"your-email\"><input size=\"40\" maxlength=\"400\" class=\"wpcf7-form-control wpcf7-email wpcf7-validates-as-required wpcf7-text wpcf7-validates-as-email\" aria-required=\"true\" aria-invalid=\"false\" placeholder=\"Email\" value=\"\" type=\"email\" name=\"your-email\" \/><\/span><br \/>\n<span class=\"wpcf7-form-control-wrap\" data-name=\"aceite\"><span class=\"wpcf7-form-control wpcf7-acceptance\"><span class=\"wpcf7-list-item\"><input type=\"checkbox\" name=\"aceite\" value=\"1\" aria-invalid=\"false\" \/><\/span><\/span><\/span><span style=\"color:#fff\">I have read and accept the terms\u00a0of the privacy policy <\/span><a href=\"https:\/\/www.gbo.com\/pt-br\/privacidade\" target=\"_blank\" style=\"color:#009fe3;\"> Privacy Policy <\/a><br \/>\n<span id=\"wpcf7-69e4b5e6b86d2-wrapper\" class=\"wpcf7-form-control-wrap email-wrap\" style=\"display:none !important; visibility:hidden !important;\"><label for=\"wpcf7-69e4b5e6b86d2-field\" class=\"hp-message\">Please leave this field empty.<\/label><input id=\"wpcf7-69e4b5e6b86d2-field\"  class=\"wpcf7-form-control wpcf7-text\" type=\"text\" name=\"email\" value=\"\" size=\"40\" tabindex=\"-1\" autocomplete=\"new-password\" \/><\/span><br \/>\n<input class=\"wpcf7-form-control wpcf7-submit has-spinner button\" type=\"submit\" value=\"SEND\" \/>\n\t<\/p>\n<\/div><p style=\"display: none !important;\" class=\"akismet-fields-container\" data-prefix=\"_wpcf7_ak_\"><label>&#916;<textarea name=\"_wpcf7_ak_hp_textarea\" cols=\"45\" rows=\"8\" maxlength=\"100\"><\/textarea><\/label><input type=\"hidden\" id=\"ak_js_1\" name=\"_wpcf7_ak_js\" value=\"14\"\/><script>document.getElementById( \"ak_js_1\" ).setAttribute( \"value\", ( new Date() ).getTime() );<\/script><\/p><div class=\"wpcf7-response-output\" aria-hidden=\"true\"><\/div>\n<input type=\"hidden\" name=\"trp-form-language\" value=\"en\"\/><\/form>\n<\/div>\n\n\n\n\t\t<\/div>\n\t\t\t\t\t<\/div>\n\n\t\n\n<\/div>","protected":false},"excerpt":{"rendered":"","protected":false},"author":2,"featured_media":0,"parent":0,"menu_order":0,"comment_status":"closed","ping_status":"closed","template":"page-blank-landingpage.php","meta":{"footnotes":""},"class_list":["post-4225","page","type-page","status-publish","hentry"],"aioseo_notices":[],"acf":[],"_links":{"self":[{"href":"https:\/\/gboetrack.com\/en\/wp-json\/wp\/v2\/pages\/4225","targetHints":{"allow":["GET"]}}],"collection":[{"href":"https:\/\/gboetrack.com\/en\/wp-json\/wp\/v2\/pages"}],"about":[{"href":"https:\/\/gboetrack.com\/en\/wp-json\/wp\/v2\/types\/page"}],"author":[{"embeddable":true,"href":"https:\/\/gboetrack.com\/en\/wp-json\/wp\/v2\/users\/2"}],"replies":[{"embeddable":true,"href":"https:\/\/gboetrack.com\/en\/wp-json\/wp\/v2\/comments?post=4225"}],"version-history":[{"count":9,"href":"https:\/\/gboetrack.com\/en\/wp-json\/wp\/v2\/pages\/4225\/revisions"}],"predecessor-version":[{"id":4244,"href":"https:\/\/gboetrack.com\/en\/wp-json\/wp\/v2\/pages\/4225\/revisions\/4244"}],"wp:attachment":[{"href":"https:\/\/gboetrack.com\/en\/wp-json\/wp\/v2\/media?parent=4225"}],"curies":[{"name":"wp","href":"https:\/\/api.w.org\/{rel}","templated":true}]}}