{"id":3035,"date":"2022-09-19T11:01:49","date_gmt":"2022-09-19T14:01:49","guid":{"rendered":"https:\/\/gboetrack.com\/?page_id=3035"},"modified":"2022-09-28T11:24:13","modified_gmt":"2022-09-28T14:24:13","slug":"etapa4-sbpc","status":"publish","type":"page","link":"https:\/\/gboetrack.com\/en\/etapa4-sbpc\/","title":{"rendered":"Shift SBPC"},"content":{"rendered":"<div class=\"row align-middle align-center\"  id=\"row-1834213369\">\n\n\n\t<div id=\"col-489916933\" class=\"col small-12 large-12\"  >\n\t\t\t\t<div class=\"col-inner text-center\"  >\n\t\t\t\n\t\t\t\n\n\t<div class=\"img has-hover hidden x md-x lg-x y md-y lg-y\" id=\"image_29627612\">\n\t\t\t\t\t\t\t\t<div class=\"img-inner dark\" >\n\t\t\t<img loading=\"lazy\" decoding=\"async\" width=\"500\" height=\"124\" src=\"https:\/\/gboetrack.com\/wp-content\/uploads\/2021\/01\/logo-gbo-bio-one-etrack.png\" class=\"attachment-large size-large\" alt=\"logo Greiner Bio-One eTrack\" \/>\t\t\t\t\t\t\n\t\t\t\t\t<\/div>\n\t\t\t\t\t\t\t\t\n<style>\n#image_29627612 {\n  width: 50%;\n}\n@media (min-width:550px) {\n  #image_29627612 {\n    width: 20%;\n  }\n}\n<\/style>\n\t<\/div>\n\t\n\n\n\t\t<\/div>\n\t\t\t\t\t<\/div>\n\n\t\n\n\n<style>\n#row-1834213369 > .col > .col-inner {\n  padding: 60px 0px 0px 0px;\n}\n<\/style>\n<\/div>\n\t<div id=\"text-1357110715\" class=\"text\">\n\t\t\n\n<h1>CA\u00c7A AO TESOURO<\/h1>\n\t\t\n<style>\n#text-1357110715 {\n  font-size: 1.75rem;\n  text-align: center;\n  color: #009fe3;\n}\n#text-1357110715 > * {\n  color: #009fe3;\n}\n<\/style>\n\t<\/div>\n\t\n<div class=\"row\"  id=\"row-1720521506\">\n\n\n\t<div id=\"col-1383313921\" class=\"col small-12 large-12\"  >\n\t\t\t\t<div class=\"col-inner\"  >\n\t\t\t\n\t\t\t\n\n\t<div id=\"text-2808491330\" class=\"text\">\n\t\t\n\n<p>Voc\u00ea est\u00e1 quase l\u00e1!<\/p>\n<p>Voc\u00ea sabia que a <strong>Shift<\/strong> oferece uma plataforma \u00fanica de tecnologia a centros de medicina diagn\u00f3stica e preventiva que garante os melhores processos do mercado?<\/p>\n<p>E agora vem a nossa quarta e \u00faltima pista:<\/p>\n\n\t\t\n<style>\n#text-2808491330 {\n  font-size: 1.3rem;\n  text-align: center;\n}\n<\/style>\n\t<\/div>\n\t\n\n\t\t<\/div>\n\t\t\t\t\t<\/div>\n\n\t\n\n<\/div>\n<div class=\"row\"  id=\"row-1056474732\">\n\n\n\t<div id=\"col-1910793775\" class=\"col small-12 large-12\"  >\n\t\t\t\t<div class=\"col-inner text-center\"  >\n\t\t\t\n\t\t\t\n\n<a href=\"https:\/\/gboetrack.com\/en\/pista4-sbpc\/\" class=\"button primary\" style=\"border-radius:10px;\">\n\t\t<span>Ir para a pista 4<\/span>\n\t<\/a>\n\n\n\n\t\t<\/div>\n\t\t\t\t\t<\/div>\n\n\t\n\n<\/div>","protected":false},"excerpt":{"rendered":"","protected":false},"author":2,"featured_media":0,"parent":0,"menu_order":0,"comment_status":"closed","ping_status":"closed","template":"page-blank-landingpage.php","meta":{"footnotes":""},"class_list":["post-3035","page","type-page","status-publish","hentry"],"aioseo_notices":[],"acf":[],"_links":{"self":[{"href":"https:\/\/gboetrack.com\/en\/wp-json\/wp\/v2\/pages\/3035","targetHints":{"allow":["GET"]}}],"collection":[{"href":"https:\/\/gboetrack.com\/en\/wp-json\/wp\/v2\/pages"}],"about":[{"href":"https:\/\/gboetrack.com\/en\/wp-json\/wp\/v2\/types\/page"}],"author":[{"embeddable":true,"href":"https:\/\/gboetrack.com\/en\/wp-json\/wp\/v2\/users\/2"}],"replies":[{"embeddable":true,"href":"https:\/\/gboetrack.com\/en\/wp-json\/wp\/v2\/comments?post=3035"}],"version-history":[{"count":0,"href":"https:\/\/gboetrack.com\/en\/wp-json\/wp\/v2\/pages\/3035\/revisions"}],"wp:attachment":[{"href":"https:\/\/gboetrack.com\/en\/wp-json\/wp\/v2\/media?parent=3035"}],"curies":[{"name":"wp","href":"https:\/\/api.w.org\/{rel}","templated":true}]}}