{"id":3014,"date":"2022-09-19T10:55:11","date_gmt":"2022-09-19T13:55:11","guid":{"rendered":"https:\/\/gboetrack.com\/?page_id=3014"},"modified":"2022-10-06T13:08:09","modified_gmt":"2022-10-06T16:08:09","slug":"inicio-caca-ao-tesouro-sbpc-original","status":"publish","type":"page","link":"https:\/\/gboetrack.com\/en\/inicio-caca-ao-tesouro-sbpc-original\/","title":{"rendered":"In\u00edcio Ca\u00e7a ao Tesouro SBPC"},"content":{"rendered":"<div class=\"row align-middle align-center\"  id=\"row-1903893496\">\n\n\n\t<div id=\"col-130136844\" class=\"col small-12 large-12\"  >\n\t\t\t\t<div class=\"col-inner text-center\"  >\n\t\t\t\n\t\t\t\n\n\t<div class=\"img has-hover x md-x lg-x y md-y lg-y\" id=\"image_849838418\">\n\t\t\t\t\t\t\t\t<div class=\"img-inner dark\" >\n\t\t\t<img loading=\"lazy\" decoding=\"async\" width=\"280\" height=\"276\" src=\"https:\/\/gboetrack.com\/wp-content\/uploads\/2022\/05\/mapa2-tesouro.png\" class=\"attachment-large size-large\" alt=\"mapa ca\u00e7a ao tesouro\" srcset=\"https:\/\/gboetrack.com\/wp-content\/uploads\/2022\/05\/mapa2-tesouro.png 280w, https:\/\/gboetrack.com\/wp-content\/uploads\/2022\/05\/mapa2-tesouro-12x12.png 12w, https:\/\/gboetrack.com\/wp-content\/uploads\/2022\/05\/mapa2-tesouro-100x100.png 100w\" sizes=\"auto, (max-width: 280px) 100vw, 280px\" \/>\t\t\t\t\t\t\n\t\t\t\t\t<\/div>\n\t\t\t\t\t\t\t\t\n<style>\n#image_849838418 {\n  width: 50%;\n}\n@media (min-width:550px) {\n  #image_849838418 {\n    width: 20%;\n  }\n}\n<\/style>\n\t<\/div>\n\t\n\n\n\t\t<\/div>\n\t\t\t\t\t<\/div>\n\n\t\n\n\n<style>\n#row-1903893496 > .col > .col-inner {\n  padding: 60px 0px 0px 0px;\n}\n<\/style>\n<\/div>\n\t<div id=\"text-124824447\" class=\"text\">\n\t\t\n\n<h1>CA\u00c7A AO TESOURO<\/h1>\n\t\t\n<style>\n#text-124824447 {\n  font-size: 1.75rem;\n  text-align: center;\n  color: #009fe3;\n}\n#text-124824447 > * {\n  color: #009fe3;\n}\n<\/style>\n\t<\/div>\n\t\n<div class=\"row\"  id=\"row-824891762\">\n\n\n\t<div id=\"col-1204396184\" class=\"col small-12 large-12\"  >\n\t\t\t\t<div class=\"col-inner\"  >\n\t\t\t\n\t\t\t\n\n\t<div id=\"text-1994791310\" class=\"text\">\n\t\t\n\n<p>Ol\u00e1!<\/p>\n<p>Este \u00e9 o jogo da <span style=\"color: #009fe3; font-weight: 700;\">RASTREABILIDADE<\/span>, promovido pelo eTrack Greiner Bio-One. Voc\u00ea pode ganhar pr\u00eamios se desvendar todos os enigmas<\/p>\n<p>Os enigmas ser\u00e3o disponibilizados em formato de QR Code, espalhados por todo o recinto do 54\u00ba CBPC\/ML. Para participar voc\u00ea precisa encontr\u00e1-los e desvendar a pista que leva ao pr\u00f3ximo enigma.<\/p>\n<p>Daremos as dicas de onde as pistas est\u00e3o escondidas, mas voc\u00ea precisa descobri-las na sequ\u00eancia. <br \/> Quando descobrir as respostas, voc\u00ea dever\u00e1 resolver o pr\u00f3ximo enigma, at\u00e9 o fim do jogo, onde ser\u00e3o entregues pr\u00eamios aos participantes.<\/p>\n<p> Mas n\u00e3o d\u00ea bobeira, porque os pr\u00eamios s\u00e3o limitados! Aceita o desafio? Podemos come\u00e7ar? <\/p>\n\n\t\t\n<style>\n#text-1994791310 {\n  font-size: 1.3rem;\n  text-align: center;\n}\n<\/style>\n\t<\/div>\n\t\n\n\t\t<\/div>\n\t\t\t\t\t<\/div>\n\n\t\n\n<\/div>\n\t<div id=\"gap-1526077149\" class=\"gap-element clearfix\" style=\"display:block; height:auto;\">\n\t\t\n<style>\n#gap-1526077149 {\n  padding-top: 10px;\n}\n<\/style>\n\t<\/div>\n\t\n\n<div class=\"row\"  id=\"row-1067607859\">\n\n\n\t<div id=\"col-1092449874\" class=\"col small-12 large-12\"  >\n\t\t\t\t<div class=\"col-inner text-center\"  >\n\t\t\t\n\t\t\t\n\n<a href=\"https:\/\/gboetrack.com\/en\/pista1-sbpc\/\" class=\"button primary\" style=\"border-radius:10px;\">\n\t\t<span>Ir para pista 1<\/span>\n\t<\/a>\n\n\n\n\t\t<\/div>\n\t\t\t\t\t<\/div>\n\n\t\n\n<\/div>","protected":false},"excerpt":{"rendered":"","protected":false},"author":2,"featured_media":0,"parent":0,"menu_order":0,"comment_status":"closed","ping_status":"closed","template":"page-blank-landingpage.php","meta":{"footnotes":""},"class_list":["post-3014","page","type-page","status-publish","hentry"],"aioseo_notices":[],"acf":[],"_links":{"self":[{"href":"https:\/\/gboetrack.com\/en\/wp-json\/wp\/v2\/pages\/3014","targetHints":{"allow":["GET"]}}],"collection":[{"href":"https:\/\/gboetrack.com\/en\/wp-json\/wp\/v2\/pages"}],"about":[{"href":"https:\/\/gboetrack.com\/en\/wp-json\/wp\/v2\/types\/page"}],"author":[{"embeddable":true,"href":"https:\/\/gboetrack.com\/en\/wp-json\/wp\/v2\/users\/2"}],"replies":[{"embeddable":true,"href":"https:\/\/gboetrack.com\/en\/wp-json\/wp\/v2\/comments?post=3014"}],"version-history":[{"count":0,"href":"https:\/\/gboetrack.com\/en\/wp-json\/wp\/v2\/pages\/3014\/revisions"}],"wp:attachment":[{"href":"https:\/\/gboetrack.com\/en\/wp-json\/wp\/v2\/media?parent=3014"}],"curies":[{"name":"wp","href":"https:\/\/api.w.org\/{rel}","templated":true}]}}