{"id":2851,"date":"2022-06-02T13:24:18","date_gmt":"2022-06-02T16:24:18","guid":{"rendered":"https:\/\/gboetrack.com\/?page_id=2851"},"modified":"2022-06-21T15:12:43","modified_gmt":"2022-06-21T18:12:43","slug":"inicio","status":"publish","type":"page","link":"https:\/\/gboetrack.com\/en\/inicio\/","title":{"rendered":"Ca\u00e7a ao Tesouro &#8211; Encerrado"},"content":{"rendered":"<div class=\"row align-middle align-center\"  id=\"row-806992303\">\n\n\n\t<div id=\"col-564017959\" class=\"col small-12 large-12\"  >\n\t\t\t\t<div class=\"col-inner text-center\"  >\n\t\t\t\n\t\t\t\n\n\t<div class=\"img has-hover x md-x lg-x y md-y lg-y\" id=\"image_255852548\">\n\t\t\t\t\t\t\t\t<div class=\"img-inner dark\" >\n\t\t\t<img loading=\"lazy\" decoding=\"async\" width=\"325\" height=\"263\" src=\"https:\/\/gboetrack.com\/wp-content\/uploads\/2022\/05\/mapa-tesouro.png\" class=\"attachment-large size-large\" alt=\"mapa tesouro\" srcset=\"https:\/\/gboetrack.com\/wp-content\/uploads\/2022\/05\/mapa-tesouro.png 325w, https:\/\/gboetrack.com\/wp-content\/uploads\/2022\/05\/mapa-tesouro-15x12.png 15w\" sizes=\"auto, (max-width: 325px) 100vw, 325px\" \/>\t\t\t\t\t\t\n\t\t\t\t\t<\/div>\n\t\t\t\t\t\t\t\t\n<style>\n#image_255852548 {\n  width: 20%;\n}\n<\/style>\n\t<\/div>\n\t\n\n\n\t\t<\/div>\n\t\t\t\t\t<\/div>\n\n\t\n\n\n<style>\n#row-806992303 > .col > .col-inner {\n  padding: 60px 0px 0px 0px;\n}\n<\/style>\n<\/div>\n\t<div id=\"text-2549138469\" class=\"text\">\n\t\t\n\n<h3>Esta a\u00e7\u00e3o est\u00e1 encerrada!<\/h3>\n<p>Obrigado<\/p>\n\n\t\t\n<style>\n#text-2549138469 {\n  text-align: center;\n}\n<\/style>\n\t<\/div>\n\t\n<div class=\"row\"  id=\"row-1271706141\">\n\n\n\t<div id=\"col-570796784\" class=\"col small-12 large-12\"  >\n\t\t\t\t<div class=\"col-inner\"  >\n\t\t\t\n\t\t\t\n\n\t<div id=\"text-725350211\" class=\"text\">\n\t\t\n\n<\/p>\n\t\t\n<style>\n#text-725350211 {\n  text-align: center;\n}\n<\/style>\n\t<\/div>\n\t\n\n\t\t<\/div>\n\t\t\t\t\t<\/div>\n\n\t\n\n<\/div>\n\t<div id=\"gap-665287648\" class=\"gap-element clearfix\" style=\"display:block; height:auto;\">\n\t\t\n<style>\n#gap-665287648 {\n  padding-top: 10px;\n}\n<\/style>\n\t<\/div>\n\t\n\n<div class=\"row\"  id=\"row-1329645654\">\n\n\n\t<div id=\"col-176936152\" class=\"col small-12 large-12\"  >\n\t\t\t\t<div class=\"col-inner\"  >\n\t\t\t\n\t\t\t\n\n<div class=\"text-center\"><div class=\"is-divider divider clearfix\" style=\"max-width:70%;height:1px;\"><\/div><\/div>\n\n<div class=\"row\"  id=\"row-545540563\">\n\n\n\t<div id=\"col-1977670309\" class=\"col medium-3 small-12 large-3\"  >\n\t\t\t\t<div class=\"col-inner\"  >\n\t\t\t\n\t\t\t\n\n\n\t\t<\/div>\n\t\t\t\t\t<\/div>\n\n\t\n\n\t<div id=\"col-1143355190\" class=\"col medium-6 small-12 large-6\"  >\n\t\t\t\t<div class=\"col-inner\"  >\n\t\t\t\n\t\t\t\n\n\n\t\t<\/div>\n\t\t\t\t\t<\/div>\n\n\t\n\n\t<div id=\"col-645554282\" class=\"col medium-3 small-12 large-3\"  >\n\t\t\t\t<div class=\"col-inner\"  >\n\t\t\t\n\t\t\t\n\n\n\t\t<\/div>\n\t\t\t\t\t<\/div>\n\n\t\n\n<\/div>\n\n\t\t<\/div>\n\t\t\t\t\t<\/div>\n\n\t\n\n<\/div>\n<div class=\"row\"  id=\"row-1584524437\">\n\n\n\t<div id=\"col-1960508475\" class=\"col small-12 large-12\"  >\n\t\t\t\t<div class=\"col-inner text-center\"  >\n\t\t\t\n\t\t\t\n\n\t<div id=\"gap-1599621467\" class=\"gap-element clearfix\" style=\"display:block; height:auto;\">\n\t\t\n<style>\n#gap-1599621467 {\n  padding-top: 300px;\n}\n<\/style>\n\t<\/div>\n\t\n\n\n\t\t<\/div>\n\t\t\t\t\t<\/div>\n\n\t\n\n<\/div>","protected":false},"excerpt":{"rendered":"","protected":false},"author":2,"featured_media":0,"parent":0,"menu_order":0,"comment_status":"closed","ping_status":"closed","template":"page-blank-landingpage.php","meta":{"footnotes":""},"class_list":["post-2851","page","type-page","status-publish","hentry"],"aioseo_notices":[],"acf":[],"_links":{"self":[{"href":"https:\/\/gboetrack.com\/en\/wp-json\/wp\/v2\/pages\/2851","targetHints":{"allow":["GET"]}}],"collection":[{"href":"https:\/\/gboetrack.com\/en\/wp-json\/wp\/v2\/pages"}],"about":[{"href":"https:\/\/gboetrack.com\/en\/wp-json\/wp\/v2\/types\/page"}],"author":[{"embeddable":true,"href":"https:\/\/gboetrack.com\/en\/wp-json\/wp\/v2\/users\/2"}],"replies":[{"embeddable":true,"href":"https:\/\/gboetrack.com\/en\/wp-json\/wp\/v2\/comments?post=2851"}],"version-history":[{"count":0,"href":"https:\/\/gboetrack.com\/en\/wp-json\/wp\/v2\/pages\/2851\/revisions"}],"wp:attachment":[{"href":"https:\/\/gboetrack.com\/en\/wp-json\/wp\/v2\/media?parent=2851"}],"curies":[{"name":"wp","href":"https:\/\/api.w.org\/{rel}","templated":true}]}}