{"id":2741,"date":"2022-05-25T09:46:18","date_gmt":"2022-05-25T12:46:18","guid":{"rendered":"https:\/\/gboetrack.com\/?page_id=2741"},"modified":"2022-06-01T16:36:07","modified_gmt":"2022-06-01T19:36:07","slug":"etapa2","status":"publish","type":"page","link":"https:\/\/gboetrack.com\/en\/etapa2\/","title":{"rendered":"SBAC"},"content":{"rendered":"<div class=\"row align-middle align-center\"  id=\"row-621698700\">\n\n\n\t<div id=\"col-780521161\" class=\"col small-12 large-12\"  >\n\t\t\t\t<div class=\"col-inner text-center\"  >\n\t\t\t\n\t\t\t\n\n\t<div class=\"img has-hover hidden x md-x lg-x y md-y lg-y\" id=\"image_591470932\">\n\t\t\t\t\t\t\t\t<div class=\"img-inner dark\" >\n\t\t\t<img loading=\"lazy\" decoding=\"async\" width=\"500\" height=\"124\" src=\"https:\/\/gboetrack.com\/wp-content\/uploads\/2021\/01\/logo-gbo-bio-one-etrack.png\" class=\"attachment-large size-large\" alt=\"logo Greiner Bio-One eTrack\" \/>\t\t\t\t\t\t\n\t\t\t\t\t<\/div>\n\t\t\t\t\t\t\t\t\n<style>\n#image_591470932 {\n  width: 50%;\n}\n@media (min-width:550px) {\n  #image_591470932 {\n    width: 20%;\n  }\n}\n<\/style>\n\t<\/div>\n\t\n\n\n\t\t<\/div>\n\t\t\t\t\t<\/div>\n\n\t\n\n\n<style>\n#row-621698700 > .col > .col-inner {\n  padding: 60px 0px 0px 0px;\n}\n<\/style>\n<\/div>\n\t<div id=\"text-3371290438\" class=\"text\">\n\t\t\n\n<h1>CA\u00c7A AO TESOURO<\/h1>\n\t\t\n<style>\n#text-3371290438 {\n  font-size: 1.75rem;\n  text-align: center;\n  color: #009fe3;\n}\n#text-3371290438 > * {\n  color: #009fe3;\n}\n<\/style>\n\t<\/div>\n\t\n<div class=\"row\"  id=\"row-67068128\">\n\n\n\t<div id=\"col-254044197\" class=\"col small-12 large-12\"  >\n\t\t\t\t<div class=\"col-inner\"  >\n\t\t\t\n\t\t\t\n\n\t<div id=\"text-731683946\" class=\"text\">\n\t\t\n\n<p>Parab\u00e9ns! Voc\u00ea chegou at\u00e9 o estande da <strong>SBAC<\/strong> &#8211; Sociedade Brasileira de An\u00e1lises Cl\u00ednicas. <\/p>\n<p>A Sociedade Brasileira de An\u00e1lises Cl\u00ednicas \u00e9 uma entidade cient\u00edfica profissional, sem fins lucrativos, criada com o objetivo principal de desenvolver a especialidade de An\u00e1lises Cl\u00ednicas e os Laborat\u00f3rios Cl\u00ednicos, assim como, acompanhar as necessidades da popula\u00e7\u00e3o para receber uma aten\u00e7\u00e3o prim\u00e1ria de sa\u00fade com melhor qualidade.<\/p>\n<p>Prepare-se para a pista n\u00ba 2:<\/p>\n\t\t\n<style>\n#text-731683946 {\n  font-size: 1.3rem;\n  text-align: center;\n}\n<\/style>\n\t<\/div>\n\t\n\n\t\t<\/div>\n\t\t\t\t\t<\/div>\n\n\t\n\n<\/div>\n\t<div id=\"gap-227798218\" class=\"gap-element clearfix\" style=\"display:block; height:auto;\">\n\t\t\n<style>\n#gap-227798218 {\n  padding-top: 10px;\n}\n<\/style>\n\t<\/div>\n\t\n\n<div class=\"row\"  id=\"row-1903488775\">\n\n\n\t<div id=\"col-1468831845\" class=\"col small-12 large-12\"  >\n\t\t\t\t<div class=\"col-inner text-center\"  >\n\t\t\t\n\t\t\t\n\n<a href=\"https:\/\/gboetrack.com\/en\/pista2\/\" class=\"button primary\" style=\"border-radius:10px;\">\n\t\t<span>Ir para a pista 2<\/span>\n\t<\/a>\n\n\n\n\t\t<\/div>\n\t\t\t\t\t<\/div>\n\n\t\n\n<\/div>","protected":false},"excerpt":{"rendered":"","protected":false},"author":2,"featured_media":0,"parent":0,"menu_order":0,"comment_status":"closed","ping_status":"closed","template":"page-blank-landingpage.php","meta":{"footnotes":""},"class_list":["post-2741","page","type-page","status-publish","hentry"],"aioseo_notices":[],"acf":[],"_links":{"self":[{"href":"https:\/\/gboetrack.com\/en\/wp-json\/wp\/v2\/pages\/2741","targetHints":{"allow":["GET"]}}],"collection":[{"href":"https:\/\/gboetrack.com\/en\/wp-json\/wp\/v2\/pages"}],"about":[{"href":"https:\/\/gboetrack.com\/en\/wp-json\/wp\/v2\/types\/page"}],"author":[{"embeddable":true,"href":"https:\/\/gboetrack.com\/en\/wp-json\/wp\/v2\/users\/2"}],"replies":[{"embeddable":true,"href":"https:\/\/gboetrack.com\/en\/wp-json\/wp\/v2\/comments?post=2741"}],"version-history":[{"count":0,"href":"https:\/\/gboetrack.com\/en\/wp-json\/wp\/v2\/pages\/2741\/revisions"}],"wp:attachment":[{"href":"https:\/\/gboetrack.com\/en\/wp-json\/wp\/v2\/media?parent=2741"}],"curies":[{"name":"wp","href":"https:\/\/api.w.org\/{rel}","templated":true}]}}