{"id":796,"date":"2021-02-17T17:20:12","date_gmt":"2021-02-17T20:20:12","guid":{"rendered":"http:\/\/34.86.18.239\/?page_id=796"},"modified":"2021-03-22T14:46:15","modified_gmt":"2021-03-22T17:46:15","slug":"termos-de-uso","status":"publish","type":"page","link":"https:\/\/gboetrack.com\/de\/termos-de-uso\/","title":{"rendered":"Termos de uso"},"content":{"rendered":"<div class=\"row\"  id=\"row-1605667800\">\n\n\n\t<div id=\"col-796187290\" class=\"col medium-6 small-12 large-6\"  >\n\t\t\t\t<div class=\"col-inner\"  >\n\t\t\t\n\t\t\t\n\n\t<div class=\"img has-hover x md-x lg-x y md-y lg-y\" id=\"image_432990596\">\n\t\t\t\t\t\t\t\t<div class=\"img-inner dark\" >\n\t\t\t<img loading=\"lazy\" decoding=\"async\" width=\"500\" height=\"124\" src=\"https:\/\/gboetrack.com\/wp-content\/uploads\/2021\/01\/logo-gbo-bio-one-etrack.png\" class=\"attachment-large size-large\" alt=\"logo Greiner Bio-One eTrack\" \/>\t\t\t\t\t\t\n\t\t\t\t\t<\/div>\n\t\t\t\t\t\t\t\t\n<style>\n#image_432990596 {\n  width: 50%;\n}\n<\/style>\n\t<\/div>\n\t\n\n\n\t\t<\/div>\n\t\t\t\t\t<\/div>\n\n\t\n\n\t<div id=\"col-734926359\" class=\"col medium-6 small-12 large-6\"  >\n\t\t\t\t<div class=\"col-inner text-right\"  >\n\t\t\t\n\t\t\t\n\n\t<div class=\"img has-hover x md-x lg-x y md-y lg-y\" id=\"image_1956983280\">\n\t\t\t\t\t\t\t\t<div class=\"img-inner dark\" >\n\t\t\t<img loading=\"lazy\" decoding=\"async\" width=\"300\" height=\"153\" src=\"https:\/\/gboetrack.com\/wp-content\/uploads\/2021\/01\/logo-gbo-01.png\" class=\"attachment-large size-large\" alt=\"logo Greiner Bio-One Service Tech\" \/>\t\t\t\t\t\t\n\t\t\t\t\t<\/div>\n\t\t\t\t\t\t\t\t\n<style>\n#image_1956983280 {\n  width: 25%;\n}\n<\/style>\n\t<\/div>\n\t\n\n\n\t\t<\/div>\n\t\t\t\t\t<\/div>\n\n\t\n\n<\/div>\n\t<div id=\"text-2857161304\" class=\"text\">\n\t\t\n\n<p><strong>Greiner Bio-One Service Tech Sistemas, Produkte und Dienstleistungen f\u00fcr die Gesundheit Ltda.<\/strong><\/p>\n\t\t\n<style>\n#text-2857161304 {\n  font-size: 1.5rem;\n  text-align: center;\n}\n<\/style>\n\t<\/div>\n\t\n<p><br \/>\nMit diesem Vorschlag soll eine Partnerschaft zwischen Greiner Service Tech und Ihrem Unternehmen hergestellt werden, um sichere, zuverl\u00e4ssige und innovative L\u00f6sungen zu st\u00e4rken.<\/p>\n<p>Nach 12 Monaten kann der Vertrag automatisch verl\u00e4ngert und die Aktionsbedingungen \u00fcberpr\u00fcft werden, zus\u00e4tzlich zur Korrektur durch IGPM oder zur kostenlosen K\u00fcndigung nach Benachrichtigung \u00fcber unsere Zielseite.<\/p>\n<p>Die Einrichtungsgeb\u00fchr wird nur beim ersten Jahresabonnement erhoben.<\/p>\n<p>Die Garantie f\u00fcr die Ger\u00e4te betr\u00e4gt 12 Monate f\u00fcr Herstellungsfehler, Fehler im Zusammenhang mit unsachgem\u00e4\u00dfer Verwendung oder Besch\u00e4digung. Sie sind nicht von der Garantie abgedeckt.<\/p>\n<\/p>\n<p><strong>WICHTIG<\/strong>: Diese Anwendung ist nur f\u00fcr mobile Ger\u00e4te verf\u00fcgbar. \u00dcberpr\u00fcfen Sie die Mindestkonfiguration und die validierten Ger\u00e4te in der Liste auf der Website www.gboetrack.com.br.<\/p>\n<\/p>\n<p><strong>AKZEPTIEREN:<\/strong>:<\/p>\n<p>F\u00fcr diesen Vorschlag, der oben von Greiner Service Tech vorgestellt wurde, bietet der Kunde die uneingeschr\u00e4nkte Akzeptanz und Zustimmung zu den Bedingungen dieser Handelsverhandlung an, um daraus den Vertrag zwischen den Parteien zu formalisieren.<\/p>\n<\/p>\n<p>Americana, Sonntag, 26 de April de 2026","protected":false},"excerpt":{"rendered":"","protected":false},"author":2,"featured_media":0,"parent":0,"menu_order":0,"comment_status":"closed","ping_status":"closed","template":"","meta":{"footnotes":""},"class_list":["post-796","page","type-page","status-publish","hentry"],"aioseo_notices":[],"acf":[],"_links":{"self":[{"href":"https:\/\/gboetrack.com\/de\/wp-json\/wp\/v2\/pages\/796","targetHints":{"allow":["GET"]}}],"collection":[{"href":"https:\/\/gboetrack.com\/de\/wp-json\/wp\/v2\/pages"}],"about":[{"href":"https:\/\/gboetrack.com\/de\/wp-json\/wp\/v2\/types\/page"}],"author":[{"embeddable":true,"href":"https:\/\/gboetrack.com\/de\/wp-json\/wp\/v2\/users\/2"}],"replies":[{"embeddable":true,"href":"https:\/\/gboetrack.com\/de\/wp-json\/wp\/v2\/comments?post=796"}],"version-history":[{"count":0,"href":"https:\/\/gboetrack.com\/de\/wp-json\/wp\/v2\/pages\/796\/revisions"}],"wp:attachment":[{"href":"https:\/\/gboetrack.com\/de\/wp-json\/wp\/v2\/media?parent=796"}],"curies":[{"name":"wp","href":"https:\/\/api.w.org\/{rel}","templated":true}]}}