{"id":3018,"date":"2022-09-19T10:57:04","date_gmt":"2022-09-19T13:57:04","guid":{"rendered":"https:\/\/gboetrack.com\/?page_id=3018"},"modified":"2022-10-06T13:08:17","modified_gmt":"2022-10-06T16:08:17","slug":"inicio-caca-ao-tesouro-sbpc","status":"publish","type":"page","link":"https:\/\/gboetrack.com\/de\/inicio-caca-ao-tesouro-sbpc\/","title":{"rendered":"Ca\u00e7a ao Tesouro SBPC &#8211; Encerrado"},"content":{"rendered":"<div class=\"row align-middle align-center\"  id=\"row-142428167\">\n\n\n\t<div id=\"col-151944868\" class=\"col small-12 large-12\"  >\n\t\t\t\t<div class=\"col-inner text-center\"  >\n\t\t\t\n\t\t\t\n\n\t<div class=\"img has-hover x md-x lg-x y md-y lg-y\" id=\"image_764227512\">\n\t\t\t\t\t\t\t\t<div class=\"img-inner dark\" >\n\t\t\t<img loading=\"lazy\" decoding=\"async\" width=\"325\" height=\"263\" src=\"https:\/\/gboetrack.com\/wp-content\/uploads\/2022\/05\/mapa-tesouro.png\" class=\"attachment-large size-large\" alt=\"mapa tesouro\" srcset=\"https:\/\/gboetrack.com\/wp-content\/uploads\/2022\/05\/mapa-tesouro.png 325w, https:\/\/gboetrack.com\/wp-content\/uploads\/2022\/05\/mapa-tesouro-15x12.png 15w\" sizes=\"auto, (max-width: 325px) 100vw, 325px\" \/>\t\t\t\t\t\t\n\t\t\t\t\t<\/div>\n\t\t\t\t\t\t\t\t\n<style>\n#image_764227512 {\n  width: 20%;\n}\n<\/style>\n\t<\/div>\n\t\n\n\n\t\t<\/div>\n\t\t\t\t\t<\/div>\n\n\t\n\n\n<style>\n#row-142428167 > .col > .col-inner {\n  padding: 60px 0px 0px 0px;\n}\n<\/style>\n<\/div>\n\t<div id=\"text-72745014\" class=\"text\">\n\t\t\n\n<h3>Esta a\u00e7\u00e3o est\u00e1 encerrada!<\/h3>\n<p>Obrigado<\/p>\n\t\t\n<style>\n#text-72745014 {\n  text-align: center;\n}\n<\/style>\n\t<\/div>\n\t\n<div class=\"row\"  id=\"row-164777769\">\n\n\n\t<div id=\"col-827020255\" class=\"col small-12 large-12\"  >\n\t\t\t\t<div class=\"col-inner\"  >\n\t\t\t\n\t\t\t\n\n\t<div id=\"text-1784304910\" class=\"text\">\n\t\t\n\n<\/p>\n\t\t\n<style>\n#text-1784304910 {\n  text-align: center;\n}\n<\/style>\n\t<\/div>\n\t\n\n\t\t<\/div>\n\t\t\t\t\t<\/div>\n\n\t\n\n<\/div>\n\t<div id=\"gap-1936229310\" class=\"gap-element clearfix\" style=\"display:block; height:auto;\">\n\t\t\n<style>\n#gap-1936229310 {\n  padding-top: 10px;\n}\n<\/style>\n\t<\/div>\n\t\n\n<div class=\"row\"  id=\"row-1815029177\">\n\n\n\t<div id=\"col-1630048471\" class=\"col small-12 large-12\"  >\n\t\t\t\t<div class=\"col-inner\"  >\n\t\t\t\n\t\t\t\n\n<div class=\"text-center\"><div class=\"is-divider divider clearfix\" style=\"max-width:70%;height:1px;\"><\/div><\/div>\n\n<div class=\"row\"  id=\"row-1503144202\">\n\n\n\t<div id=\"col-1422108983\" class=\"col medium-3 small-12 large-3\"  >\n\t\t\t\t<div class=\"col-inner\"  >\n\t\t\t\n\t\t\t\n\n\n\t\t<\/div>\n\t\t\t\t\t<\/div>\n\n\t\n\n\t<div id=\"col-798637345\" class=\"col medium-6 small-12 large-6\"  >\n\t\t\t\t<div class=\"col-inner\"  >\n\t\t\t\n\t\t\t\n\n\n\t\t<\/div>\n\t\t\t\t\t<\/div>\n\n\t\n\n\t<div id=\"col-1376657220\" class=\"col medium-3 small-12 large-3\"  >\n\t\t\t\t<div class=\"col-inner\"  >\n\t\t\t\n\t\t\t\n\n\n\t\t<\/div>\n\t\t\t\t\t<\/div>\n\n\t\n\n<\/div>\n\n\t\t<\/div>\n\t\t\t\t\t<\/div>\n\n\t\n\n<\/div>\n<div class=\"row\"  id=\"row-1561054380\">\n\n\n\t<div id=\"col-2090506983\" class=\"col small-12 large-12\"  >\n\t\t\t\t<div class=\"col-inner text-center\"  >\n\t\t\t\n\t\t\t\n\n\t<div id=\"gap-322352734\" class=\"gap-element clearfix\" style=\"display:block; height:auto;\">\n\t\t\n<style>\n#gap-322352734 {\n  padding-top: 300px;\n}\n<\/style>\n\t<\/div>\n\t\n\n\n\t\t<\/div>\n\t\t\t\t\t<\/div>\n\n\t\n\n<\/div>","protected":false},"excerpt":{"rendered":"","protected":false},"author":2,"featured_media":0,"parent":0,"menu_order":0,"comment_status":"closed","ping_status":"closed","template":"page-blank-landingpage.php","meta":{"footnotes":""},"class_list":["post-3018","page","type-page","status-publish","hentry"],"aioseo_notices":[],"acf":[],"_links":{"self":[{"href":"https:\/\/gboetrack.com\/de\/wp-json\/wp\/v2\/pages\/3018","targetHints":{"allow":["GET"]}}],"collection":[{"href":"https:\/\/gboetrack.com\/de\/wp-json\/wp\/v2\/pages"}],"about":[{"href":"https:\/\/gboetrack.com\/de\/wp-json\/wp\/v2\/types\/page"}],"author":[{"embeddable":true,"href":"https:\/\/gboetrack.com\/de\/wp-json\/wp\/v2\/users\/2"}],"replies":[{"embeddable":true,"href":"https:\/\/gboetrack.com\/de\/wp-json\/wp\/v2\/comments?post=3018"}],"version-history":[{"count":0,"href":"https:\/\/gboetrack.com\/de\/wp-json\/wp\/v2\/pages\/3018\/revisions"}],"wp:attachment":[{"href":"https:\/\/gboetrack.com\/de\/wp-json\/wp\/v2\/media?parent=3018"}],"curies":[{"name":"wp","href":"https:\/\/api.w.org\/{rel}","templated":true}]}}