{"id":3,"date":"2021-01-12T16:17:11","date_gmt":"2021-01-12T19:17:11","guid":{"rendered":"http:\/\/34.86.18.239\/?page_id=3"},"modified":"2021-03-18T08:49:50","modified_gmt":"2021-03-18T11:49:50","slug":"termos-de-uso-e-privacidade","status":"publish","type":"page","link":"https:\/\/gboetrack.com\/de\/termos-de-uso-e-privacidade\/","title":{"rendered":"Termos de uso e privacidade"},"content":{"rendered":"<p><strong>NUTZUNGSBEDINGUNGEN UND DATENSCHUTZRICHTLINIEN<\/strong><\/p>\n\n\n\n<p><strong>Greiner Bio-One eTrack<\/strong><\/p>\n\n\n\n<p>Greiner Bio-One Brasil Servicetechniker, Produtos e Servi\u00e7os para Sa\u00fade Ltda., Eine privatrechtliche juristische Person mit Sitz in Avenida Affonso Pansan, 1967 A - Vila Bertini - Americana \/ SP - CEP 13.473-620, eingetragen in Das nationale Register der juristischen Personen des Finanzministeriums unter der Nummer 02.968.226 \/ 0001-06, Telefon (19) 3113 9710 und E-Mail: <a href=\"mailto:gboetrack@gbo.com\">gboetrack@gbo.com&amp;nbsp<\/a>, enth\u00e4lt die nachstehenden Nutzungsbedingungen und Datenschutzbestimmungen, um seine Verpflichtung zur Sicherheit und zum Schutz der Privatsph\u00e4re von Informationen, die von Benutzern seiner GBO eTrack-Anwendungen gesammelt wurden.<\/p>\n\n\n\n<p class=\"translation-block\">Wir informieren die Greiner Bio-One Brasil Service Tech Sistemas, Produtos und Servi\u00e7os para Sa\u00fade Ltda. hat eine bestimmte Person, mit der \u00fcber die folgende E-Mail-Adresse Kontakt aufgenommen werden kann: <a href=\"mailto:gboetrack@gbo.com\">gboetrack@gbo.com<\/a> und Telefon: (19) 3113-9710.<\/p>\n\n\n\n<p><strong>Nutzungsbedingungen der Anwendung<\/strong><\/p>\n\n\n\n<p>Im Folgenden werden die Regeln beschrieben, die f\u00fcr die Verwendung der GBO eTrack-Anwendung (\u201eAnwendung\u201c) gelten, die von Greiner Bio-One Brasil Service Tech Sistemas, Produtos und Servi\u00e7os para Sa\u00fade Ltda., Mit Sitz in der Avenida Affonso Pansan, 1967 A - Vila Bertini, zur Verf\u00fcgung gestellt wird , Americana \/ SP, CNPJ \/ MF Nr. 02.968.226 \/ 0001-06 (im Folgenden \u201eGreiner\u201c) auf Mobilger\u00e4ten mit Android- und iOS-Systemen.<\/p>\n\n\n\n<p>Bei der Registrierung zur Nutzung der Anwendung autorisiert der Benutzer die Erhebung anonymisierter Daten aus seinem Verfahren mit seinen Patienten zum Zweck biologischer Tests gem\u00e4\u00df den Regeln und Bedingungen dieser Nutzungsbedingungen.<\/p>\n\n\n\n<p>App oder mobile Anwendung: Hierbei handelt es sich um eine Software, die f\u00fcr die Installation auf einem mobilen elektronischen Ger\u00e4t wie einem Mobiltelefon, Smartphone oder Tablet entwickelt wurde. Diese Anwendung kann auf dem Ger\u00e4t installiert werden, sofern das Ger\u00e4t dies zul\u00e4sst und vorausgesetzt, dass sie vom Benutzer \u00fcber einen Online-Shop wie Google Play oder App Store heruntergeladen wird. Der Benutzer autorisiert nun ausdr\u00fccklich die Installation der Software auf seinen Smartphones und Tablets.<\/p>\n\n\n\n<p>Die Anwendung erm\u00f6glicht dem Benutzer den Zugriff auf Informationen und Inhalte im Zusammenhang mit der GBO eTrack-Anwendung und in diesem Zusammenhang die Interaktion mit Greiner Bio-One-Probensammelmaterialien sowie den Zugriff auf andere von der Anwendung bereitgestellte Funktionen.<\/p>\n\n\n\n<p>Die Registrierung zur Nutzung der Anwendung erfolgt durch den vom Labor \/ Krankenhaus benannten verantwortlichen Manager und beim ersten Zugriff des Benutzers, der ein neues Passwort registrieren muss. Diese \u00c4nderung ist auch in seinem Profil verf\u00fcgbar.<\/p>\n\n\n\n<p>Die Benutzerregistrierung ist einzigartig und der Zugriff, die Anzeige und die Nutzung der Anwendung d\u00fcrfen nur vom Benutzer auf pers\u00f6nlicher und nicht \u00fcbertragbarer Basis vorgenommen werden. Die Benutzerfreigabe ist f\u00fcr die Verwendung dieser Anwendung nicht gestattet.<\/p>\n\n\n\n<p>Bei Minderj\u00e4hrigen unter 18 Jahren oder anderen Personen, die eine gesetzeskonforme Vertretung ben\u00f6tigen, muss die Registrierung mit Zustimmung der Eltern oder gesetzlichen Vertreter erfolgen.<\/p>\n\n\n\n<p>Es ist verboten, mehr als eine Registrierung pro Benutzer sowie den Benutzer durchzuf\u00fchren, der die Registrierung eines anderen Benutzers verwendet.<\/p>\n\n\n\n<p>Greiner kann ohne vorherige Ank\u00fcndigung den Zugriff auf die Anwendung sperren und stornieren, wenn \u00fcberpr\u00fcft wird, dass der Benutzer eine Handlung ausgef\u00fchrt hat oder ein Verhalten beibeh\u00e4lt, das (i) gegen Bundes-, Landes- und \/ oder Kommunalgesetze und -vorschriften verst\u00f6\u00dft, (ii) gegen die Regeln von verst\u00f6\u00dft Diese Nutzungsbedingungen oder (iii) versto\u00dfen gegen die Grunds\u00e4tze der Moral und der guten Manieren.<\/p>\n\n\n\n<p>Alle Ma\u00dfnahmen, die der Benutzer w\u00e4hrend der Nutzung der Anwendung ergreift, liegen in seiner ausschlie\u00dflichen und vollen Verantwortung und befreien Greiner von jeglichen Anspr\u00fcchen, Verlusten, Verlusten und Sch\u00e4den, die Greiner aufgrund solcher Handlungen oder Manifestationen entstehen.<\/p>\n\n\n\n<p>Der Nutzer erm\u00e4chtigt Greiner oder von ihm angegebene Dritte, die zum Zeitpunkt der Registrierung und w\u00e4hrend der Nutzung der Anwendung bereitgestellten anonymisierten Informationen auf unbestimmte Zeit f\u00fcr statistische Zwecke und zum Versenden von Werbematerial, Newslettern, Berichten usw. zu verwenden.&nbsp;<em>newsletters<\/em>, informes, etc.<\/p>\n\n\n\n<p>Greiner beh\u00e4lt sich das Recht vor, den Inhalt und die Funktionalit\u00e4t der Anwendung einzuschlie\u00dfen, auszuschlie\u00dfen oder zu \u00e4ndern sowie sie jederzeit ohne vorherige Ank\u00fcndigung an den Benutzer vor\u00fcbergehend auszusetzen. Ebenso k\u00f6nnen Sie diese Nutzungsbedingungen \u00e4ndern, deren neueste Version immer in der Anwendung selbst zur Einsicht verf\u00fcgbar ist.<\/p>\n\n\n\n<p>Der Benutzer ist allein verantwortlich f\u00fcr alle Inhalte, die von ihm \u00fcber die Anwendung gesendet oder ver\u00f6ffentlicht werden. Durch das Einreichen des Inhalts garantiert der Benutzer, dass er keine Rechte Dritter oder geltende Gesetze verletzt, und erkl\u00e4rt sich damit einverstanden, Greiner von rechtlichen oder au\u00dfergerichtlichen Anspr\u00fcchen Dritter auszunehmen. &nbsp;<\/p>\n\n\n\n<p>Der Benutzer erm\u00e4chtigt Greiner, die von ihm \u00fcber die Anwendung gesendeten Inhalte kostenlos, auf unbestimmte Zeit und in jedem Gebiet oder Kommunikationsmittel zu verwenden.<\/p>\n\n\n\n<p>Greiner lehnt jede und jede Haftung f\u00fcr Sch\u00e4den und Verluste jeglicher Art ab, die zu Zugang, Unterbrechung, Beseitigung, \u00c4nderung, \u00c4nderung oder Handhabung durch nicht autorisierte Dritte, Daten des Nutzers des Nutzers, f\u00fchren k\u00f6nnen.<\/p>\n\n\n\n<p>Die zum Zeitpunkt der Registrierung vom Benutzer angeforderten Informationen werden von Greiner nur f\u00fcr die in diesen Nutzungsbedingungen festgelegten Zwecke verwendet und unter keinen Umst\u00e4nden an Dritte weitergegeben oder weitergegeben, au\u00dfer durch gerichtliche Anordnung oder zust\u00e4ndige Beh\u00f6rde.<\/p>\n\n\n\n<p>Das Bezirksgericht der Stadt Americana im Bundesstaat S\u00e3o Paulo wird gew\u00e4hlt, um alle Probleme zu l\u00f6sen, die sich aus diesen Nutzungsbedingungen ergeben, die dem brasilianischen Recht unterliegen.<\/p>\n\n\n\n<p>Die vom Benutzer durch diese Frist erteilten Berechtigungen k\u00f6nnen jederzeit nach vorheriger Ank\u00fcndigung und Abtretung der Nutzung der Anwendung widerrufen werden.<\/p>\n\n\n\n<p>Datenschutzrichtlinie f\u00fcr Anwendungen<\/p>\n\n\n\n<p>Der Zweck dieser Datenschutzrichtlinie ist die Bereitstellung von Informationen \u00fcber die Rechte des Benutzers und des Besuchers gem\u00e4\u00df den Bestimmungen des Gesetzes Nr. 13.709 vom 14. August 2018 - Allgemeines Datenschutzgesetz (\u201eLGPD\u201c).<\/p>\n\n\n\n<p><strong>1. Zweck der Verarbeitung personenbezogener Daten<\/strong><\/p>\n\n\n\n<p>1.1. Bei Greiner Bio-One Brasil Service Tech behandeln wir Informationen von Interessenten an:<\/p>\n\n\n\n<ul class=\"wp-block-list\"><li>Registrieren Sie den Artikelcode, das Los und die G\u00fcltigkeit, die im Probenentnahmeverfahren f\u00fcr die klinische Analyse verwendet wurden.<\/li><li>Scannen Sie den Prozess des Sammelns von Informationen \u00fcber das verwendete Material.<\/li><\/ul>\n\n\n\n<p><strong>2. Gesammelte Informationen<\/strong><\/p>\n\n\n\n<p>2.1 Greiner Bio-One Brasil Service Tech sammelt die vom Benutzer eingegebenen anonymisierten Daten, die eine spontane Erkl\u00e4rung des Benutzers sind, w\u00e4hrend Ihrer Registrierung (erster Zugriff).<\/p>\n\n\n\n<p>2.2. Sie k\u00f6nnen auch anonymisierte Daten vom Benutzer und von Dritten sammeln, die in der Anwendung des Benutzers gespeichert sind.<\/p>\n\n\n\n<p><strong>3. Datenerfassung<\/strong><\/p>\n\n\n\n<p>3.1. Die Daten werden \u00fcber eine Zugriffsseite registriert und in einer sicheren Umgebung in Google Cloud gespeichert, ohne dass diese Daten f\u00fcr einen anderen als den in dieser Richtlinie festgelegten Zweck verwendet werden.<\/p>\n\n\n\n<p><strong>4. Zeitraum, in dem die Informationen aufbewahrt werden<\/strong><\/p>\n\n\n\n<p>4.1. Wir werden die Daten f\u00fcr die gesamte Laufzeit des Vertragsverh\u00e4ltnisses oder auf unbestimmte Zeit aufbewahren, sofern dies genehmigt wurde. Ebenso informieren wir Sie dar\u00fcber, dass Ihre und andere im System enthaltene Daten im Falle von rechtlichen, administrativen und anderen Ma\u00dfnahmen f\u00fcr die in den jeweiligen Bestimmungen gesetzlich festgelegten Zeitr\u00e4ume gesperrt bleiben k\u00f6nnen.<\/p>\n\n\n\n<p>4.2. Wir werden auch pr\u00fcfen, ob wir im Laufe der Zeit die von uns verwendeten Daten und anderen personenbezogenen Daten reduzieren k\u00f6nnen und wie wir dies tun k\u00f6nnen und ob wir personenbezogene Daten anonymisieren k\u00f6nnen, damit sie nicht mehr mit einer Person verkn\u00fcpft werden k\u00f6nnen. In diesem Fall k\u00f6nnen anonyme Daten ohne vorherige Ank\u00fcndigung verwendet werden.<\/p>\n\n\n\n<p><strong>5. Legitimation f\u00fcr die Datenverarbeitung<\/strong><\/p>\n\n\n\n<p>5.1. Die Rechtsgrundlage f\u00fcr die Datenverarbeitung in Brasilien ist die Unterzeichnung des Dienstleistungsvertrags sowie die Umsetzung fr\u00fcherer Ma\u00dfnahmen, um den hierin vorgesehenen Zweck zu verarbeiten, zu verwalten oder anzuwenden.<\/p>\n\n\n\n<p>5.2. Es gibt auch die Lieferung potenzieller Produkte aus anderen Dienstleistungen, die mit der \u00dcbertragung von Daten an den Marketingdienstleistungssektor erfolgt, um kommerzielle Mitteilungen zu versenden, die bereits ausdr\u00fccklich genehmigt wurden. Dies basiert auf der Zustimmung, die beim Ausf\u00fcllen des Antragsformulars \u00fcberpr\u00fcft wurde. In keinem Fall impliziert der Widerruf dieser Zustimmung die bedingte Nichterf\u00fcllung des Vermittlungsvertrags.<\/p>\n\n\n\n<p><strong>6. Empfang Ihrer Daten<\/strong><\/p>\n\n\n\n<p>6.1. Die Daten werden zu internen Verwaltungszwecken an andere Stellen der Unternehmensgruppe Greiner gesendet, einschlie\u00dflich der Verarbeitung personenbezogener Daten von Kunden und Mitarbeitern, sowie an andere, wenn dies gesetzlich vorgeschrieben ist (Richter, Gerichte, Staatsanw\u00e4lte, Sekretariat f\u00fcr \u00f6ffentliche Sicherheit) unter anderem) andere).<\/p>\n\n\n\n<p>6.2. Die f\u00fcr die Verarbeitung Verantwortlichen haben Zugriff auf Ihre pers\u00f6nlichen Daten.<\/p>\n\n\n\n<p>6.3. Internationale \u00dcbermittlungen Ihrer pers\u00f6nlichen Daten k\u00f6nnen an andere Unternehmen der Gruppe erfolgen. Diese Unternehmen k\u00f6nnen sich au\u00dferhalb des Landes befinden. Wenn nicht angegeben wird, dass sie ein Schutzniveau haben, das dem von Brasilien entspricht, \u00fcbernimmt Greiner Bio-One Brasil Service Tech die entsprechenden Vertragsklauseln, die vom Benutzer ausdr\u00fccklich akzeptiert werden, da sie gleichwertig sind.<\/p>\n\n\n\n<p>6.4. Greiner Bio-One Brasil Service Tech beauftragt seine virtuelle Infrastruktur nach einem Google Cloud Platform-Modell.<\/p>\n\n\n\n<p>6.5. Daten des Haupttechnologieanbieters f\u00fcr den Betrieb: cloud.google.com<\/p>\n\n\n\n<p>6.6. Greiner Bio-One Brasil Service Tech garantiert, dass Unternehmen, die personenbezogene Daten erhalten, die gleichen Sicherheitsma\u00dfnahmen haben und Vertr\u00e4ge zur Verarbeitung personenbezogener Daten unterzeichnet haben.<\/p>\n\n\n\n<p><strong>7. Automatische Entscheidungen \u00fcber personenbezogene Daten<\/strong><\/p>\n\n\n\n<p>7.1. Greiner Bio-One Brasil Service Tech trifft keine automatischen Entscheidungen zur Analyse personenbezogener Daten.<\/p>\n\n\n\n<p>7.2. In jedem Fall kann der Auftragnehmer den Kontakt jederzeit per E-Mail um Kl\u00e4rung bitten: <a href=\"mailto:gboetrack@gbo.com\">gboetrack@gbo.com&amp;nbsp<\/a><\/p>\n\n\n\n<p><strong>8. Erhebung von Benutzerdaten mit Dritten<\/strong><\/p>\n\n\n\n<p>8.1. Wir erhalten keine Informationen \u00fcber Benutzer von Drittanbietern, mit Ausnahme fr\u00fcherer Registrierungen oder Daten, die es uns erm\u00f6glichen, uns zu identifizieren, und die von dem Unternehmen, das unsere Dienste beauftragt hat, an uns gesendet wurden.<\/p>\n\n\n\n<p>8.2. In jedem Fall stimmte der Benutzer der Offenlegung seiner Informationen zu, um die Dienste, die diese Datenschutzrichtlinie unterst\u00fctzen, funktionsf\u00e4hig zu machen, was auch durch die regelm\u00e4\u00dfige Aus\u00fcbung des Vertrags mit dem Kunden gerechtfertigt ist.<\/p>\n\n\n\n<p><strong>9. Ihre Datenschutzrechte<\/strong><\/p>\n\n\n\n<p>9.1. Wir informieren Sie, dass der Benutzer die folgenden Rechte aus\u00fcben kann:<\/p>\n\n\n\n<p>9.1.1. Sie haben jederzeit das Recht, auf Ihre Daten zuzugreifen, um zu erfahren, welche personenbezogenen Daten verarbeitet werden und welche Behandlungen mit ihnen durchgef\u00fchrt werden.<\/p>\n\n\n\n<p>9.1.2. Recht auf Berichtigung ungenauer personenbezogener Daten;<\/p>\n\n\n\n<p>9.1.3. Den Zugriff auf personenbezogene Daten nach M\u00f6glichkeit unterdr\u00fccken;<\/p>\n\n\n\n<p>9.1.4. Recht, eine Einschr\u00e4nkung der Verarbeitung personenbezogener Daten zu beantragen, wenn die Rechtm\u00e4\u00dfigkeit oder Notwendigkeit der Verarbeitung der Daten zweifelhaft ist. In diesem Fall k\u00f6nnen wir Daten zur Aus\u00fcbung oder Verteidigung von Anspr\u00fcchen aufbewahren.<\/p>\n\n\n\n<p>9.1.5. Widerspruchsrecht gegen die Verarbeitung Ihrer personenbezogenen Daten, wenn Ihr Interesse nach geltendem Recht berechtigt ist. Greiner Bio-One Brasil Service Tech stellt die Verarbeitung Ihrer Daten ein, es sei denn, Sie haben ein \u00fcberzeugendes oder berechtigtes Interesse an der Formulierung, Aus\u00fcbung oder Verteidigung von Anspr\u00fcchen.<\/p>\n\n\n\n<p>9.1.6. Recht auf Portabilit\u00e4t Ihrer Daten, das aus dem Recht des Interessenten besteht, personenbezogene Daten \u00fcber ihn, die er Greiner Bio-One Brasil Service Tech zur Verf\u00fcgung gestellt hat, in einem strukturierten Format zur gemeinsamen Nutzung und zum mechanischen Lesen zu erhalten und an diese zu \u00fcbermitteln eine andere Person, die f\u00fcr die Verarbeitung verantwortlich ist, ohne die f\u00fcr deren Bereitstellung verantwortliche Person zu behindern, sofern die in Artikel 18 V der LGPD festgelegten Bedingungen erf\u00fcllt sind. Dies geschieht nur in Bezug auf Ihre pers\u00f6nlichen Daten und nicht in Bezug auf die Daten des Unternehmens, das unsere Dienstleistungen in Auftrag gibt.<\/p>\n\n\n\n<p>9.1.7. Recht, Ihre Einwilligung jederzeit zu widerrufen, ohne die Rechte zu beeintr\u00e4chtigen, die sich aus der Beziehung zwischen Greiner Bio-One Brasil Service Tech und seinem Kunden ergeben, der den Zugang der Medien durch diese Medien durch ausdr\u00fcckliche \u00c4u\u00dferung in diesen informierten Bedingungen gestattet hat.<\/p>\n\n\n\n<p>9.2. Sie k\u00f6nnen Ihre Rechte aus\u00fcben, indem Sie eine E-Mail an folgende Adresse senden: <a href=\"mailto:gboetrack@gbo.com\">gboetrack@gbo.com&amp;nbsp<\/a><\/p>\n\n\n\n<p>Diese Datenschutzrichtlinie muss m\u00f6glicherweise aktualisiert werden. Daher ist es erforderlich, diese Richtlinie regelm\u00e4\u00dfig und nach M\u00f6glichkeit bei jedem Zugriff auf die Website zu \u00fcberpr\u00fcfen, um ordnungsgem\u00e4\u00df \u00fcber die Art der gesammelten Informationen und deren Behandlung informiert zu werden. Die Datenschutzbestimmungen finden Sie unten auf der Website. Wir werden Sie jedoch \u00fcber \u00c4nderungen dieser Datenschutzrichtlinie informieren, die sich auf die Verarbeitung Ihrer pers\u00f6nlichen Daten auswirken.<\/p>\n\n\n\n<p>Zeitleiste der genehmigten Versionen:<\/p>\n\n\n\n<figure class=\"wp-block-table\"><table><tbody><tr><td>Ausf\u00fchrungen<\/td><td>Datum<\/td><td>Genehmigungsbereich<\/td><\/tr><tr><td>1.0<\/td><td>22.05.2020<\/td><td>Greiner Bio-One Brasil Service Tech<\/td><\/tr><\/tbody><\/table><\/figure>","protected":false},"excerpt":{"rendered":"<p>TERMOS DE USO E POL\u00cdTICA DE PRIVACIDADE Greiner Bio-One eTrack A Greiner Bio-One Brasil Service Tech Sistemas, Produtos e Servi\u00e7os para sa\u00fade Ltda., pessoa jur\u00eddica de direito privado, cuja sede social se encontra na Avenida Affonso Pansan, 1967 A \u2013 Vila Bertini \u2013 Americana\/SP \u2013 CEP 13.473-620, inscrita no Cadastro Nacional de Pessoas Jur\u00eddicas do [&#8230;]\n","protected":false},"author":1,"featured_media":0,"parent":0,"menu_order":0,"comment_status":"closed","ping_status":"closed","template":"","meta":{"footnotes":""},"class_list":["post-3","page","type-page","status-publish","hentry"],"aioseo_notices":[],"acf":[],"_links":{"self":[{"href":"https:\/\/gboetrack.com\/de\/wp-json\/wp\/v2\/pages\/3","targetHints":{"allow":["GET"]}}],"collection":[{"href":"https:\/\/gboetrack.com\/de\/wp-json\/wp\/v2\/pages"}],"about":[{"href":"https:\/\/gboetrack.com\/de\/wp-json\/wp\/v2\/types\/page"}],"author":[{"embeddable":true,"href":"https:\/\/gboetrack.com\/de\/wp-json\/wp\/v2\/users\/1"}],"replies":[{"embeddable":true,"href":"https:\/\/gboetrack.com\/de\/wp-json\/wp\/v2\/comments?post=3"}],"version-history":[{"count":0,"href":"https:\/\/gboetrack.com\/de\/wp-json\/wp\/v2\/pages\/3\/revisions"}],"wp:attachment":[{"href":"https:\/\/gboetrack.com\/de\/wp-json\/wp\/v2\/media?parent=3"}],"curies":[{"name":"wp","href":"https:\/\/api.w.org\/{rel}","templated":true}]}}