{"id":2848,"date":"2022-06-02T11:56:54","date_gmt":"2022-06-02T14:56:54","guid":{"rendered":"https:\/\/gboetrack.com\/?page_id=2848"},"modified":"2022-06-21T15:12:35","modified_gmt":"2022-06-21T18:12:35","slug":"inicio-aguarde","status":"publish","type":"page","link":"https:\/\/gboetrack.com\/de\/inicio-aguarde\/","title":{"rendered":"Ca\u00e7a ao Tesouro &#8211; Aguarde"},"content":{"rendered":"<div class=\"row align-middle align-center\"  id=\"row-194118125\">\n\n\n\t<div id=\"col-1917149319\" class=\"col small-12 large-12\"  >\n\t\t\t\t<div class=\"col-inner text-center\"  >\n\t\t\t\n\t\t\t\n\n\t<div class=\"img has-hover x md-x lg-x y md-y lg-y\" id=\"image_2136735643\">\n\t\t\t\t\t\t\t\t<div class=\"img-inner dark\" >\n\t\t\t<img loading=\"lazy\" decoding=\"async\" width=\"325\" height=\"263\" src=\"https:\/\/gboetrack.com\/wp-content\/uploads\/2022\/05\/mapa-tesouro.png\" class=\"attachment-large size-large\" alt=\"mapa tesouro\" srcset=\"https:\/\/gboetrack.com\/wp-content\/uploads\/2022\/05\/mapa-tesouro.png 325w, https:\/\/gboetrack.com\/wp-content\/uploads\/2022\/05\/mapa-tesouro-15x12.png 15w\" sizes=\"auto, (max-width: 325px) 100vw, 325px\" \/>\t\t\t\t\t\t\n\t\t\t\t\t<\/div>\n\t\t\t\t\t\t\t\t\n<style>\n#image_2136735643 {\n  width: 20%;\n}\n<\/style>\n\t<\/div>\n\t\n\n\n\t\t<\/div>\n\t\t\t\t\t<\/div>\n\n\t\n\n\n<style>\n#row-194118125 > .col > .col-inner {\n  padding: 60px 0px 0px 0px;\n}\n<\/style>\n<\/div>\n\t<div id=\"text-518969407\" class=\"text\">\n\t\t\n\n<h3>Por favor, aguarde um momento!<\/h3>\n<p>Em breve voc\u00ea poder\u00e1 continuar na ca\u00e7a ao tesouro.\n<\/p>\n\n\t\t\n<style>\n#text-518969407 {\n  text-align: center;\n}\n<\/style>\n\t<\/div>\n\t\n<div class=\"row\"  id=\"row-1339905969\">\n\n\n\t<div id=\"col-2012896383\" class=\"col small-12 large-12\"  >\n\t\t\t\t<div class=\"col-inner\"  >\n\t\t\t\n\t\t\t\n\n\t<div id=\"text-3234885508\" class=\"text\">\n\t\t\n\n<\/p>\n\t\t\n<style>\n#text-3234885508 {\n  text-align: center;\n}\n<\/style>\n\t<\/div>\n\t\n\n\t\t<\/div>\n\t\t\t\t\t<\/div>\n\n\t\n\n<\/div>\n\t<div id=\"gap-1537583146\" class=\"gap-element clearfix\" style=\"display:block; height:auto;\">\n\t\t\n<style>\n#gap-1537583146 {\n  padding-top: 10px;\n}\n<\/style>\n\t<\/div>\n\t\n\n<div class=\"row\"  id=\"row-1263014566\">\n\n\n\t<div id=\"col-68682146\" class=\"col small-12 large-12\"  >\n\t\t\t\t<div class=\"col-inner\"  >\n\t\t\t\n\t\t\t\n\n<div class=\"text-center\"><div class=\"is-divider divider clearfix\" style=\"max-width:70%;height:1px;\"><\/div><\/div>\n\n<div class=\"row\"  id=\"row-611453929\">\n\n\n\t<div id=\"col-337772937\" class=\"col medium-3 small-12 large-3\"  >\n\t\t\t\t<div class=\"col-inner\"  >\n\t\t\t\n\t\t\t\n\n\n\t\t<\/div>\n\t\t\t\t\t<\/div>\n\n\t\n\n\t<div id=\"col-2021094486\" class=\"col medium-6 small-12 large-6\"  >\n\t\t\t\t<div class=\"col-inner\"  >\n\t\t\t\n\t\t\t\n\n\n\t\t<\/div>\n\t\t\t\t\t<\/div>\n\n\t\n\n\t<div id=\"col-1670906069\" class=\"col medium-3 small-12 large-3\"  >\n\t\t\t\t<div class=\"col-inner\"  >\n\t\t\t\n\t\t\t\n\n\n\t\t<\/div>\n\t\t\t\t\t<\/div>\n\n\t\n\n<\/div>\n\n\t\t<\/div>\n\t\t\t\t\t<\/div>\n\n\t\n\n<\/div>\n<div class=\"row\"  id=\"row-1892748036\">\n\n\n\t<div id=\"col-561263251\" class=\"col small-12 large-12\"  >\n\t\t\t\t<div class=\"col-inner text-center\"  >\n\t\t\t\n\t\t\t\n\n\t<div id=\"gap-1261826842\" class=\"gap-element clearfix\" style=\"display:block; height:auto;\">\n\t\t\n<style>\n#gap-1261826842 {\n  padding-top: 300px;\n}\n<\/style>\n\t<\/div>\n\t\n\n\n\t\t<\/div>\n\t\t\t\t\t<\/div>\n\n\t\n\n<\/div>","protected":false},"excerpt":{"rendered":"","protected":false},"author":2,"featured_media":0,"parent":0,"menu_order":0,"comment_status":"closed","ping_status":"closed","template":"page-blank-landingpage.php","meta":{"footnotes":""},"class_list":["post-2848","page","type-page","status-publish","hentry"],"aioseo_notices":[],"acf":[],"_links":{"self":[{"href":"https:\/\/gboetrack.com\/de\/wp-json\/wp\/v2\/pages\/2848","targetHints":{"allow":["GET"]}}],"collection":[{"href":"https:\/\/gboetrack.com\/de\/wp-json\/wp\/v2\/pages"}],"about":[{"href":"https:\/\/gboetrack.com\/de\/wp-json\/wp\/v2\/types\/page"}],"author":[{"embeddable":true,"href":"https:\/\/gboetrack.com\/de\/wp-json\/wp\/v2\/users\/2"}],"replies":[{"embeddable":true,"href":"https:\/\/gboetrack.com\/de\/wp-json\/wp\/v2\/comments?post=2848"}],"version-history":[{"count":0,"href":"https:\/\/gboetrack.com\/de\/wp-json\/wp\/v2\/pages\/2848\/revisions"}],"wp:attachment":[{"href":"https:\/\/gboetrack.com\/de\/wp-json\/wp\/v2\/media?parent=2848"}],"curies":[{"name":"wp","href":"https:\/\/api.w.org\/{rel}","templated":true}]}}