{"id":2789,"date":"2022-05-27T10:10:46","date_gmt":"2022-05-27T13:10:46","guid":{"rendered":"https:\/\/gboetrack.com\/?page_id=2789"},"modified":"2022-05-31T08:56:49","modified_gmt":"2022-05-31T11:56:49","slug":"pista4","status":"publish","type":"page","link":"https:\/\/gboetrack.com\/de\/pista4\/","title":{"rendered":"Pista4"},"content":{"rendered":"<div class=\"row align-middle align-center\"  id=\"row-786547236\">\n\n\n\t<div id=\"col-477226405\" class=\"col medium-4 small-12 large-4\"  >\n\t\t\t\t<div class=\"col-inner text-center\"  >\n\t\t\t\n\t\t\t\n\n\t<div class=\"img has-hover x md-x lg-x y md-y lg-y\" id=\"image_1137284600\">\n\t\t\t\t\t\t\t\t<div class=\"img-inner dark\" >\n\t\t\t<img loading=\"lazy\" decoding=\"async\" width=\"325\" height=\"263\" src=\"https:\/\/gboetrack.com\/wp-content\/uploads\/2022\/05\/mapa-tesouro.png\" class=\"attachment-large size-large\" alt=\"mapa tesouro\" srcset=\"https:\/\/gboetrack.com\/wp-content\/uploads\/2022\/05\/mapa-tesouro.png 325w, https:\/\/gboetrack.com\/wp-content\/uploads\/2022\/05\/mapa-tesouro-15x12.png 15w\" sizes=\"auto, (max-width: 325px) 100vw, 325px\" \/>\t\t\t\t\t\t\n\t\t\t\t\t<\/div>\n\t\t\t\t\t\t\t\t\n<style>\n#image_1137284600 {\n  width: 50%;\n}\n<\/style>\n\t<\/div>\n\t\n\n\n\t\t<\/div>\n\t\t\t\t\t<\/div>\n\n\t\n\n\n<style>\n#row-786547236 > .col > .col-inner {\n  padding: 60px 0px 0px 0px;\n}\n<\/style>\n<\/div>\n<div class=\"row\"  id=\"row-1481484235\">\n\n\n\t<div id=\"col-622136430\" class=\"col small-12 large-12\"  >\n\t\t\t\t<div class=\"col-inner\"  >\n\t\t\t\n\t\t\t\n\n\t<div id=\"text-2051799305\" class=\"text\">\n\t\t\n\n<h1 style=\"color: #009fe3\" ;=\"\">PISTA 4<\/h1>\n<p>Somos respons\u00e1veis pelo desenvolvimento do primeiro sistema de coleta de sangue a v\u00e1cuo feito de pl\u00e1stico PET, mundialmente conhecido atrav\u00e9s da marca VACUETTE\u00ae.<\/p>\n<p>Os nossos valores corporativos s\u00e3o: <\/p>\n<p>&#10003; Qualidade<br \/>\n&#10003; Presen\u00e7a Global<br \/> &#10003; Foco no cliente<br \/>\n&#10003; Conhecimento especializado<br \/>\n&#10003; Efici\u00eancia<\/p>\n<p>Preocupados com o futuro sustent\u00e1vel, reduziremos nossas emiss\u00f5es de CO2 em mais de 50% at\u00e9 2030, produzindo produtos utilizando energia limpa e renov\u00e1vel. A energia recuperada durante a produ\u00e7\u00e3o de nossos produtos \u00e9 usada para aquecer nossos edif\u00edcios.<\/p>\n<p>Estamos lan\u00e7ando um aplicativo focado em rastreabilidade dos insumos utilizados na etapa pr\u00e9 anal\u00edtica, gerando indicadores que auxiliam os laborat\u00f3rios e hospitais.<\/p>\n<p>Venha conhecer o <strong>Greiner Bio-One eTrack<\/strong> e vivenciar o que \u00e9 sa\u00fade 4.0.<\/p>\n\n\t\t\n<style>\n#text-2051799305 {\n  font-size: 1.3rem;\n  text-align: center;\n}\n<\/style>\n\t<\/div>\n\t\n\n\t\t<\/div>\n\t\t\t\t\t<\/div>\n\n\t\n\n<\/div>\n\t<div id=\"gap-417690133\" class=\"gap-element clearfix\" style=\"display:block; height:auto;\">\n\t\t\n<style>\n#gap-417690133 {\n  padding-top: 10px;\n}\n<\/style>\n\t<\/div>","protected":false},"excerpt":{"rendered":"","protected":false},"author":2,"featured_media":0,"parent":0,"menu_order":0,"comment_status":"closed","ping_status":"closed","template":"page-blank-landingpage.php","meta":{"footnotes":""},"class_list":["post-2789","page","type-page","status-publish","hentry"],"aioseo_notices":[],"acf":[],"_links":{"self":[{"href":"https:\/\/gboetrack.com\/de\/wp-json\/wp\/v2\/pages\/2789","targetHints":{"allow":["GET"]}}],"collection":[{"href":"https:\/\/gboetrack.com\/de\/wp-json\/wp\/v2\/pages"}],"about":[{"href":"https:\/\/gboetrack.com\/de\/wp-json\/wp\/v2\/types\/page"}],"author":[{"embeddable":true,"href":"https:\/\/gboetrack.com\/de\/wp-json\/wp\/v2\/users\/2"}],"replies":[{"embeddable":true,"href":"https:\/\/gboetrack.com\/de\/wp-json\/wp\/v2\/comments?post=2789"}],"version-history":[{"count":0,"href":"https:\/\/gboetrack.com\/de\/wp-json\/wp\/v2\/pages\/2789\/revisions"}],"wp:attachment":[{"href":"https:\/\/gboetrack.com\/de\/wp-json\/wp\/v2\/media?parent=2789"}],"curies":[{"name":"wp","href":"https:\/\/api.w.org\/{rel}","templated":true}]}}