{"id":2782,"date":"2022-05-27T09:55:12","date_gmt":"2022-05-27T12:55:12","guid":{"rendered":"https:\/\/gboetrack.com\/?page_id=2782"},"modified":"2022-06-01T16:42:19","modified_gmt":"2022-06-01T19:42:19","slug":"pista3","status":"publish","type":"page","link":"https:\/\/gboetrack.com\/de\/pista3\/","title":{"rendered":"Pista3"},"content":{"rendered":"<div class=\"row align-center\"  id=\"row-985397994\">\n\n\n\t<div id=\"col-517554512\" class=\"col medium-4 small-12 large-4\"  >\n\t\t\t\t<div class=\"col-inner text-center\"  >\n\t\t\t\n\t\t\t\n\n\t<div class=\"img has-hover x md-x lg-x y md-y lg-y\" id=\"image_1899762133\">\n\t\t\t\t\t\t\t\t<div class=\"img-inner dark\" >\n\t\t\t<img loading=\"lazy\" decoding=\"async\" width=\"280\" height=\"276\" src=\"https:\/\/gboetrack.com\/wp-content\/uploads\/2022\/05\/mapa2-tesouro.png\" class=\"attachment-large size-large\" alt=\"mapa ca\u00e7a ao tesouro\" srcset=\"https:\/\/gboetrack.com\/wp-content\/uploads\/2022\/05\/mapa2-tesouro.png 280w, https:\/\/gboetrack.com\/wp-content\/uploads\/2022\/05\/mapa2-tesouro-12x12.png 12w, https:\/\/gboetrack.com\/wp-content\/uploads\/2022\/05\/mapa2-tesouro-100x100.png 100w\" sizes=\"auto, (max-width: 280px) 100vw, 280px\" \/>\t\t\t\t\t\t\n\t\t\t\t\t<\/div>\n\t\t\t\t\t\t\t\t\n<style>\n#image_1899762133 {\n  width: 50%;\n}\n<\/style>\n\t<\/div>\n\t\n\n\n\t\t<\/div>\n\t\t\t\t\t<\/div>\n\n\t\n\n\t<div id=\"col-782740791\" class=\"col small-12 large-12\"  >\n\t\t\t\t<div class=\"col-inner\"  >\n\t\t\t\n\t\t\t\n\n\t<div id=\"text-2020934019\" class=\"text\">\n\t\t\n\n<h1 style=\"color: #009fe3\" ;=\"\">PISTA 3<\/h1>\n<p>Sou uma empresa que proporciona o interfaceamento com equipamentos de laborat\u00f3rio com rapidez e seguran\u00e7a nas an\u00e1lises e resultados de exames.<\/p>\n<p>Me integro a diversos sistemas, desde hospitalares at\u00e9 laborat\u00f3rios de apoio e operadoras.<\/p>\n<p>Trabalhamos com a tecnologia de Cloud para armazenamento de dados.<\/p>\n<p>Meu nome \u00e9 uma das principais teclas em seu computador!<\/p>\n\t\t\n<style>\n#text-2020934019 {\n  font-size: 1.3rem;\n  text-align: center;\n}\n<\/style>\n\t<\/div>\n\t\n\n\t\t<\/div>\n\t\t\t\t\t<\/div>\n\n\t\n\n<\/div>\n\t<div id=\"gap-323139751\" class=\"gap-element clearfix\" style=\"display:block; height:auto;\">\n\t\t\n<style>\n#gap-323139751 {\n  padding-top: 100px;\n}\n<\/style>\n\t<\/div>","protected":false},"excerpt":{"rendered":"","protected":false},"author":2,"featured_media":0,"parent":0,"menu_order":0,"comment_status":"closed","ping_status":"closed","template":"page-blank-landingpage.php","meta":{"footnotes":""},"class_list":["post-2782","page","type-page","status-publish","hentry"],"aioseo_notices":[],"acf":[],"_links":{"self":[{"href":"https:\/\/gboetrack.com\/de\/wp-json\/wp\/v2\/pages\/2782","targetHints":{"allow":["GET"]}}],"collection":[{"href":"https:\/\/gboetrack.com\/de\/wp-json\/wp\/v2\/pages"}],"about":[{"href":"https:\/\/gboetrack.com\/de\/wp-json\/wp\/v2\/types\/page"}],"author":[{"embeddable":true,"href":"https:\/\/gboetrack.com\/de\/wp-json\/wp\/v2\/users\/2"}],"replies":[{"embeddable":true,"href":"https:\/\/gboetrack.com\/de\/wp-json\/wp\/v2\/comments?post=2782"}],"version-history":[{"count":0,"href":"https:\/\/gboetrack.com\/de\/wp-json\/wp\/v2\/pages\/2782\/revisions"}],"wp:attachment":[{"href":"https:\/\/gboetrack.com\/de\/wp-json\/wp\/v2\/media?parent=2782"}],"curies":[{"name":"wp","href":"https:\/\/api.w.org\/{rel}","templated":true}]}}