{"id":2734,"date":"2022-05-25T09:35:11","date_gmt":"2022-05-25T12:35:11","guid":{"rendered":"https:\/\/gboetrack.com\/?page_id=2734"},"modified":"2022-06-21T15:08:16","modified_gmt":"2022-06-21T18:08:16","slug":"inicio-old","status":"publish","type":"page","link":"https:\/\/gboetrack.com\/de\/inicio-old\/","title":{"rendered":"In\u00edcio"},"content":{"rendered":"<div class=\"row align-middle align-center\"  id=\"row-1574454443\">\n\n\n\t<div id=\"col-1614144574\" class=\"col small-12 large-12\"  >\n\t\t\t\t<div class=\"col-inner text-center\"  >\n\t\t\t\n\t\t\t\n\n\t<div class=\"img has-hover x md-x lg-x y md-y lg-y\" id=\"image_1504643116\">\n\t\t\t\t\t\t\t\t<div class=\"img-inner dark\" >\n\t\t\t<img loading=\"lazy\" decoding=\"async\" width=\"280\" height=\"276\" src=\"https:\/\/gboetrack.com\/wp-content\/uploads\/2022\/05\/mapa2-tesouro.png\" class=\"attachment-large size-large\" alt=\"mapa ca\u00e7a ao tesouro\" srcset=\"https:\/\/gboetrack.com\/wp-content\/uploads\/2022\/05\/mapa2-tesouro.png 280w, https:\/\/gboetrack.com\/wp-content\/uploads\/2022\/05\/mapa2-tesouro-12x12.png 12w, https:\/\/gboetrack.com\/wp-content\/uploads\/2022\/05\/mapa2-tesouro-100x100.png 100w\" sizes=\"auto, (max-width: 280px) 100vw, 280px\" \/>\t\t\t\t\t\t\n\t\t\t\t\t<\/div>\n\t\t\t\t\t\t\t\t\n<style>\n#image_1504643116 {\n  width: 50%;\n}\n@media (min-width:550px) {\n  #image_1504643116 {\n    width: 20%;\n  }\n}\n<\/style>\n\t<\/div>\n\t\n\n\n\t\t<\/div>\n\t\t\t\t\t<\/div>\n\n\t\n\n\n<style>\n#row-1574454443 > .col > .col-inner {\n  padding: 60px 0px 0px 0px;\n}\n<\/style>\n<\/div>\n\t<div id=\"text-1934011987\" class=\"text\">\n\t\t\n\n<h1>CA\u00c7A AO TESOURO<\/h1>\n\t\t\n<style>\n#text-1934011987 {\n  font-size: 1.75rem;\n  text-align: center;\n  color: #009fe3;\n}\n#text-1934011987 > * {\n  color: #009fe3;\n}\n<\/style>\n\t<\/div>\n\t\n<div class=\"row\"  id=\"row-1573189631\">\n\n\n\t<div id=\"col-1132049819\" class=\"col small-12 large-12\"  >\n\t\t\t\t<div class=\"col-inner\"  >\n\t\t\t\n\t\t\t\n\n\t<div id=\"text-1368098489\" class=\"text\">\n\t\t\n\n<p>A <span style=\"color: #009fe3; font-weight: 700;\">RASTREABILIDADE <\/span>dos insumos \u00e9 um importante elemento para a seguran\u00e7a e qualidade dos processos da fase pr\u00e9-anal\u00edtica. <\/p>\n<p>Agora a rastreabilidade vai te dar <span style=\"color: #009fe3; font-weight: 700;\";>BRINDES<\/span>!<\/p>\n<p>Nesta <span style=\"color: #009fe3; font-weight: 700;\">CA\u00c7A AO TESOURO<\/span>, utilize os QR Codes que est\u00e3o distribu\u00eddos em pontos estrat\u00e9gicos para descobrir onde voc\u00ea pode encontrar a pr\u00f3xima pista. \u00c9 s\u00f3 apontar a c\u00e2mera do seu celular e abrir a p\u00e1gina no seu navegador de internet. <\/p>\n<p>Desvende o enigma e dirija-se ao local para encontrar o QR Code para a pr\u00f3xima pista.<\/p>\n\t\t\n<style>\n#text-1368098489 {\n  font-size: 1.3rem;\n  text-align: center;\n}\n<\/style>\n\t<\/div>\n\t\n\n\t\t<\/div>\n\t\t\t\t\t<\/div>\n\n\t\n\n<\/div>\n\t<div id=\"gap-1415865217\" class=\"gap-element clearfix\" style=\"display:block; height:auto;\">\n\t\t\n<style>\n#gap-1415865217 {\n  padding-top: 10px;\n}\n<\/style>\n\t<\/div>\n\t\n\n<div class=\"row\"  id=\"row-660315866\">\n\n\n\t<div id=\"col-1535808682\" class=\"col small-12 large-12\"  >\n\t\t\t\t<div class=\"col-inner text-center\"  >\n\t\t\t\n\t\t\t\n\n<a href=\"https:\/\/gboetrack.com\/de\/pista1\/\" class=\"button primary\" style=\"border-radius:10px;\">\n\t\t<span>Ir para pista 1<\/span>\n\t<\/a>\n\n\n\n\t\t<\/div>\n\t\t\t\t\t<\/div>\n\n\t\n\n<\/div>","protected":false},"excerpt":{"rendered":"","protected":false},"author":2,"featured_media":0,"parent":0,"menu_order":0,"comment_status":"closed","ping_status":"closed","template":"page-blank-landingpage.php","meta":{"footnotes":""},"class_list":["post-2734","page","type-page","status-publish","hentry"],"aioseo_notices":[],"acf":[],"_links":{"self":[{"href":"https:\/\/gboetrack.com\/de\/wp-json\/wp\/v2\/pages\/2734","targetHints":{"allow":["GET"]}}],"collection":[{"href":"https:\/\/gboetrack.com\/de\/wp-json\/wp\/v2\/pages"}],"about":[{"href":"https:\/\/gboetrack.com\/de\/wp-json\/wp\/v2\/types\/page"}],"author":[{"embeddable":true,"href":"https:\/\/gboetrack.com\/de\/wp-json\/wp\/v2\/users\/2"}],"replies":[{"embeddable":true,"href":"https:\/\/gboetrack.com\/de\/wp-json\/wp\/v2\/comments?post=2734"}],"version-history":[{"count":0,"href":"https:\/\/gboetrack.com\/de\/wp-json\/wp\/v2\/pages\/2734\/revisions"}],"wp:attachment":[{"href":"https:\/\/gboetrack.com\/de\/wp-json\/wp\/v2\/media?parent=2734"}],"curies":[{"name":"wp","href":"https:\/\/api.w.org\/{rel}","templated":true}]}}