{"id":1032,"date":"2021-03-22T14:46:30","date_gmt":"2021-03-22T17:46:30","guid":{"rendered":"https:\/\/gboetrack.com\/?page_id=1032"},"modified":"2024-12-05T17:14:42","modified_gmt":"2024-12-05T20:14:42","slug":"manual-etrack","status":"publish","type":"page","link":"https:\/\/gboetrack.com\/de\/manual-etrack\/","title":{"rendered":"eTrack-Handbuch"},"content":{"rendered":"<div class=\"row\"  id=\"row-1926352732\">\n\n\n\t<div id=\"col-1264771539\" class=\"col small-12 large-12\"  >\n\t\t\t\t<div class=\"col-inner text-center\"  >\n\t\t\t\n\t\t\t\n\n\t<div class=\"img has-hover x md-x lg-x y md-y lg-y\" id=\"image_1521253827\">\n\t\t\t\t\t\t\t\t<div class=\"img-inner dark\" >\n\t\t\t<img loading=\"lazy\" decoding=\"async\" width=\"500\" height=\"124\" src=\"https:\/\/gboetrack.com\/wp-content\/uploads\/2021\/01\/logo-gbo-bio-one-etrack.png\" class=\"attachment-large size-large\" alt=\"logo Greiner Bio-One eTrack\" \/>\t\t\t\t\t\t\n\t\t\t\t\t<\/div>\n\t\t\t\t\t\t\t\t\n<style>\n#image_1521253827 {\n  width: 46%;\n}\n@media (min-width:550px) {\n  #image_1521253827 {\n    width: 20%;\n  }\n}\n<\/style>\n\t<\/div>\n\t\n\n\n\t\t<\/div>\n\t\t\t\t\t<\/div>\n\n\t\n\n<\/div>\n\t<div id=\"gap-1930831963\" class=\"gap-element clearfix\" style=\"display:block; height:auto;\">\n\t\t\n<style>\n#gap-1930831963 {\n  padding-top: 50px;\n}\n<\/style>\n\t<\/div>\n\t\n\n<div class=\"row\"  id=\"row-232629782\">\n\n\n\t<div id=\"col-2088634890\" class=\"col medium-6 small-12 large-6\"  >\n\t\t\t\t<div class=\"col-inner text-center\"  >\n\t\t\t\n\t\t\t\n\n\t<div id=\"text-1293228724\" class=\"text\">\n\t\t\n\n<h2>Guia do eTrack &#8211; plano <\/h2>\n<p>Clique na imagem abaixo para acessar a <strong>vers\u00e3o Mobile<\/strong><\/p>\n\n\t\t\n<style>\n#text-1293228724 {\n  text-align: center;\n}\n<\/style>\n\t<\/div>\n\t\n<div class=\"row\"  id=\"row-1297951764\">\n\n\n\t<div id=\"col-1178682444\" class=\"col planoTrial medium-4 small-12 large-4\"  >\n\t\t\t\t<div class=\"col-inner text-center\"  >\n\t\t\t\n\t\t\t\n\n\t<div class=\"img has-hover x md-x lg-x y md-y lg-y\" id=\"image_1703216504\">\n\t\t<a class=\"\" href=\"https:\/\/gboetrack.com\/wp-content\/uploads\/2022\/05\/Guia-do-usuario-versao-Mobile-Trial-Configuracoes-Rev.05.pdf\" target=\"_blank\" rel=\"noopener\" >\t\t\t\t\t\t<div class=\"img-inner dark\" >\n\t\t\t<img loading=\"lazy\" decoding=\"async\" width=\"128\" height=\"128\" src=\"https:\/\/gboetrack.com\/wp-content\/uploads\/2021\/11\/guia-rapido-etrack.png\" class=\"attachment-original size-original\" alt=\"Imagem do guia do usu\u00e1rio etrack\" srcset=\"https:\/\/gboetrack.com\/wp-content\/uploads\/2021\/11\/guia-rapido-etrack.png 128w, https:\/\/gboetrack.com\/wp-content\/uploads\/2021\/11\/guia-rapido-etrack-12x12.png 12w, https:\/\/gboetrack.com\/wp-content\/uploads\/2021\/11\/guia-rapido-etrack-100x100.png 100w\" sizes=\"auto, (max-width: 128px) 100vw, 128px\" \/>\t\t\t\t\t\t\n\t\t\t\t\t<\/div>\n\t\t\t\t\t\t<\/a>\t\t\n<style>\n#image_1703216504 {\n  width: 30%;\n}\n@media (min-width:550px) {\n  #image_1703216504 {\n    width: 70%;\n  }\n}\n<\/style>\n\t<\/div>\n\t\n\n<p>Mobile-Version<\/p>\n\n\t\t<\/div>\n\t\t\t\t\t<\/div>\n\n\t\n\n\t<div id=\"col-862992864\" class=\"col planoBronzeSilver medium-4 small-12 large-4\"  >\n\t\t\t\t<div class=\"col-inner text-center\"  >\n\t\t\t\n\t\t\t\n\n\t<div class=\"img has-hover x md-x lg-x y md-y lg-y\" id=\"image_1022711667\">\n\t\t<a class=\"\" href=\"https:\/\/gboetrack.com\/wp-content\/uploads\/2022\/05\/Guia-do-usuario-versoes-Mobile-Bronze-e-Silver-Configuracoes-Rev.05.pdf\" target=\"_blank\" rel=\"noopener\" >\t\t\t\t\t\t<div class=\"img-inner dark\" >\n\t\t\t<img loading=\"lazy\" decoding=\"async\" width=\"128\" height=\"128\" src=\"https:\/\/gboetrack.com\/wp-content\/uploads\/2021\/11\/guia-rapido-etrack.png\" class=\"attachment-large size-large\" alt=\"Imagem do guia do usu\u00e1rio etrack\" srcset=\"https:\/\/gboetrack.com\/wp-content\/uploads\/2021\/11\/guia-rapido-etrack.png 128w, https:\/\/gboetrack.com\/wp-content\/uploads\/2021\/11\/guia-rapido-etrack-12x12.png 12w, https:\/\/gboetrack.com\/wp-content\/uploads\/2021\/11\/guia-rapido-etrack-100x100.png 100w\" sizes=\"auto, (max-width: 128px) 100vw, 128px\" \/>\t\t\t\t\t\t\n\t\t\t\t\t<\/div>\n\t\t\t\t\t\t<\/a>\t\t\n<style>\n#image_1022711667 {\n  width: 30%;\n}\n@media (min-width:550px) {\n  #image_1022711667 {\n    width: 70%;\n  }\n}\n<\/style>\n\t<\/div>\n\t\n\n<p>Mobile-Version<\/p>\n\n\t\t<\/div>\n\t\t\t\t\t<\/div>\n\n\t\n\n\t<div id=\"col-932850236\" class=\"col planoGold medium-4 small-12 large-4\"  >\n\t\t\t\t<div class=\"col-inner text-center\"  >\n\t\t\t\n\t\t\t\n\n\t<div class=\"img has-hover x md-x lg-x y md-y lg-y\" id=\"image_1310936712\">\n\t\t<a class=\"\" href=\"https:\/\/gboetrack.com\/wp-content\/uploads\/2022\/05\/Guia-do-usuario-versao-Mobile-Gold-Configuracoes-Rev.05.pdf\" target=\"_blank\" rel=\"noopener\" >\t\t\t\t\t\t<div class=\"img-inner dark\" >\n\t\t\t<img loading=\"lazy\" decoding=\"async\" width=\"128\" height=\"128\" src=\"https:\/\/gboetrack.com\/wp-content\/uploads\/2021\/11\/guia-rapido-etrack.png\" class=\"attachment-large size-large\" alt=\"Imagem do guia do usu\u00e1rio etrack\" srcset=\"https:\/\/gboetrack.com\/wp-content\/uploads\/2021\/11\/guia-rapido-etrack.png 128w, https:\/\/gboetrack.com\/wp-content\/uploads\/2021\/11\/guia-rapido-etrack-12x12.png 12w, https:\/\/gboetrack.com\/wp-content\/uploads\/2021\/11\/guia-rapido-etrack-100x100.png 100w\" sizes=\"auto, (max-width: 128px) 100vw, 128px\" \/>\t\t\t\t\t\t\n\t\t\t\t\t<\/div>\n\t\t\t\t\t\t<\/a>\t\t\n<style>\n#image_1310936712 {\n  width: 30%;\n}\n@media (min-width:550px) {\n  #image_1310936712 {\n    width: 70%;\n  }\n}\n<\/style>\n\t<\/div>\n\t\n\n<p>Mobile-Version<\/p>\n\n\t\t<\/div>\n\t\t\t\t\t<\/div>\n\n\t\n\n<\/div>\n\n\t\t<\/div>\n\t\t\t\t\t<\/div>\n\n\t\n\n\t<div id=\"col-438651168\" class=\"col medium-6 small-12 large-6\"  >\n\t\t\t\t<div class=\"col-inner text-center\"  >\n\t\t\t\n\t\t\t\n\n\t<div id=\"text-4170787443\" class=\"text\">\n\t\t\n\n<h2>Guia do eTrack &#8211; plano <\/h2>\n<p>Clique na imagem abaixo para acessar a <strong>vers\u00e3o Web<\/strong><\/p>\n\n\t\t\n<style>\n#text-4170787443 {\n  text-align: center;\n}\n<\/style>\n\t<\/div>\n\t\n<div class=\"row\"  id=\"row-479114762\">\n\n\n\t<div id=\"col-1356746800\" class=\"col planoTrial medium-4 small-12 large-4\"  >\n\t\t\t\t<div class=\"col-inner text-center\"  >\n\t\t\t\n\t\t\t\n\n\t<div class=\"img has-hover x md-x lg-x y md-y lg-y\" id=\"image_536715897\">\n\t\t<a class=\"\" href=\"https:\/\/gboetrack.com\/wp-content\/uploads\/2022\/05\/Guia-do-usuario-versao-Web-Trial-Configuracoes-Rev.05.pdf\" target=\"_blank\" rel=\"noopener\" >\t\t\t\t\t\t<div class=\"img-inner dark\" >\n\t\t\t<img loading=\"lazy\" decoding=\"async\" width=\"128\" height=\"128\" src=\"https:\/\/gboetrack.com\/wp-content\/uploads\/2021\/11\/guia-rapido-etrack.png\" class=\"attachment-original size-original\" alt=\"Imagem do guia do usu\u00e1rio etrack\" srcset=\"https:\/\/gboetrack.com\/wp-content\/uploads\/2021\/11\/guia-rapido-etrack.png 128w, https:\/\/gboetrack.com\/wp-content\/uploads\/2021\/11\/guia-rapido-etrack-12x12.png 12w, https:\/\/gboetrack.com\/wp-content\/uploads\/2021\/11\/guia-rapido-etrack-100x100.png 100w\" sizes=\"auto, (max-width: 128px) 100vw, 128px\" \/>\t\t\t\t\t\t\n\t\t\t\t\t<\/div>\n\t\t\t\t\t\t<\/a>\t\t\n<style>\n#image_536715897 {\n  width: 30%;\n}\n@media (min-width:550px) {\n  #image_536715897 {\n    width: 70%;\n  }\n}\n<\/style>\n\t<\/div>\n\t\n\n<p>Web-Version<\/p>\n\n\t\t<\/div>\n\t\t\t\t\t<\/div>\n\n\t\n\n\t<div id=\"col-358218379\" class=\"col planoBronzeSilver medium-4 small-12 large-4\"  >\n\t\t\t\t<div class=\"col-inner text-center\"  >\n\t\t\t\n\t\t\t\n\n\t<div class=\"img has-hover x md-x lg-x y md-y lg-y\" id=\"image_223725442\">\n\t\t<a class=\"\" href=\"https:\/\/gboetrack.com\/wp-content\/uploads\/2022\/05\/Guia-do-usuario-versoes-Web-Bronze-e-Silver-Configuracoes-Rev.05.pdf\" target=\"_blank\" rel=\"noopener\" >\t\t\t\t\t\t<div class=\"img-inner dark\" >\n\t\t\t<img loading=\"lazy\" decoding=\"async\" width=\"128\" height=\"128\" src=\"https:\/\/gboetrack.com\/wp-content\/uploads\/2021\/11\/guia-rapido-etrack.png\" class=\"attachment-large size-large\" alt=\"Imagem do guia do usu\u00e1rio etrack\" srcset=\"https:\/\/gboetrack.com\/wp-content\/uploads\/2021\/11\/guia-rapido-etrack.png 128w, https:\/\/gboetrack.com\/wp-content\/uploads\/2021\/11\/guia-rapido-etrack-12x12.png 12w, https:\/\/gboetrack.com\/wp-content\/uploads\/2021\/11\/guia-rapido-etrack-100x100.png 100w\" sizes=\"auto, (max-width: 128px) 100vw, 128px\" \/>\t\t\t\t\t\t\n\t\t\t\t\t<\/div>\n\t\t\t\t\t\t<\/a>\t\t\n<style>\n#image_223725442 {\n  width: 30%;\n}\n@media (min-width:550px) {\n  #image_223725442 {\n    width: 70%;\n  }\n}\n<\/style>\n\t<\/div>\n\t\n\n<p>Web-Version<\/p>\n\n\t\t<\/div>\n\t\t\t\t\t<\/div>\n\n\t\n\n\t<div id=\"col-1650856522\" class=\"col planoGold medium-4 small-12 large-4\"  >\n\t\t\t\t<div class=\"col-inner text-center\"  >\n\t\t\t\n\t\t\t\n\n\t<div class=\"img has-hover x md-x lg-x y md-y lg-y\" id=\"image_2117633583\">\n\t\t<a class=\"\" href=\"https:\/\/gboetrack.com\/wp-content\/uploads\/2022\/05\/Guia-do-usuario-versao-Web-Gold-Configuracoes-Rev.05.pdf\" target=\"_blank\" rel=\"noopener\" >\t\t\t\t\t\t<div class=\"img-inner dark\" >\n\t\t\t<img loading=\"lazy\" decoding=\"async\" width=\"128\" height=\"128\" src=\"https:\/\/gboetrack.com\/wp-content\/uploads\/2021\/11\/guia-rapido-etrack.png\" class=\"attachment-large size-large\" alt=\"Imagem do guia do usu\u00e1rio etrack\" srcset=\"https:\/\/gboetrack.com\/wp-content\/uploads\/2021\/11\/guia-rapido-etrack.png 128w, https:\/\/gboetrack.com\/wp-content\/uploads\/2021\/11\/guia-rapido-etrack-12x12.png 12w, https:\/\/gboetrack.com\/wp-content\/uploads\/2021\/11\/guia-rapido-etrack-100x100.png 100w\" sizes=\"auto, (max-width: 128px) 100vw, 128px\" \/>\t\t\t\t\t\t\n\t\t\t\t\t<\/div>\n\t\t\t\t\t\t<\/a>\t\t\n<style>\n#image_2117633583 {\n  width: 30%;\n}\n@media (min-width:550px) {\n  #image_2117633583 {\n    width: 70%;\n  }\n}\n<\/style>\n\t<\/div>\n\t\n\n<p>Web-Version<\/p>\n\n\t\t<\/div>\n\t\t\t\t\t<\/div>\n\n\t\n\n<\/div>\n\n\t\t<\/div>\n\t\t\t\t\t<\/div>\n\n\t\n\n\n\t<div id=\"col-1788673919\" class=\"col medium-6 small-12 large-6\"  >\n\t\t\t\t<div class=\"col-inner text-center\"  >\n\t\t\t\n\t\t\t\n\n\t<div id=\"text-1197071402\" class=\"text\">\n\t\t\n\n<h2>Guia r\u00e1pido de instru\u00e7\u00f5es <\/h2>\n<p>Clique na imagem abaixo para acessar o Guia  GBO eTrack<\/p>\n\n\t\t\n<style>\n#text-1197071402 {\n  text-align: center;\n}\n<\/style>\n\t<\/div>\n\t\n<div class=\"row\"  id=\"row-320176380\">\n\n\n\t<div id=\"col-2030132828\" class=\"col medium-4 small-12 large-4\"  >\n\t\t\t\t<div class=\"col-inner\"  >\n\t\t\t\n\t\t\t\n\n\n\t\t<\/div>\n\t\t\t\t\t<\/div>\n\n\t\n\n\t<div id=\"col-478985666\" class=\"col medium-4 small-12 large-4\"  >\n\t\t\t\t<div class=\"col-inner text-center\"  >\n\t\t\t\n\t\t\t\n\n\t<div class=\"img has-hover x md-x lg-x y md-y lg-y\" id=\"image_1507576123\">\n\t\t<a class=\"\" href=\"https:\/\/gboetrack.com\/wp-content\/uploads\/2024\/12\/Guia-Instrucoes-GBO-eTrack-Dez2024.pdf\" target=\"_blank\" rel=\"noopener\" >\t\t\t\t\t\t<div class=\"img-inner dark\" >\n\t\t\t<img loading=\"lazy\" decoding=\"async\" width=\"128\" height=\"128\" src=\"https:\/\/gboetrack.com\/wp-content\/uploads\/2021\/11\/guia-rapido-etrack.png\" class=\"attachment-large size-large\" alt=\"Imagem do guia do usu\u00e1rio etrack\" srcset=\"https:\/\/gboetrack.com\/wp-content\/uploads\/2021\/11\/guia-rapido-etrack.png 128w, https:\/\/gboetrack.com\/wp-content\/uploads\/2021\/11\/guia-rapido-etrack-12x12.png 12w, https:\/\/gboetrack.com\/wp-content\/uploads\/2021\/11\/guia-rapido-etrack-100x100.png 100w\" sizes=\"auto, (max-width: 128px) 100vw, 128px\" \/>\t\t\t\t\t\t\n\t\t\t\t\t<\/div>\n\t\t\t\t\t\t<\/a>\t\t\n<style>\n#image_1507576123 {\n  width: 30%;\n}\n@media (min-width:550px) {\n  #image_1507576123 {\n    width: 70%;\n  }\n}\n<\/style>\n\t<\/div>\n\t\n\n\n\t\t<\/div>\n\t\t\t\t\t<\/div>\n\n\t\n\n\t<div id=\"col-277797671\" class=\"col medium-4 small-12 large-4\"  >\n\t\t\t\t<div class=\"col-inner\"  >\n\t\t\t\n\t\t\t\n\n\n\t\t<\/div>\n\t\t\t\t\t<\/div>\n\n\t\n\n<\/div>\n\n\t\t<\/div>\n\t\t\t\t\t<\/div>\n\n\t\n\n<\/div>","protected":false},"excerpt":{"rendered":"","protected":false},"author":2,"featured_media":0,"parent":0,"menu_order":0,"comment_status":"closed","ping_status":"closed","template":"","meta":{"footnotes":""},"class_list":["post-1032","page","type-page","status-publish","hentry"],"aioseo_notices":[],"acf":[],"_links":{"self":[{"href":"https:\/\/gboetrack.com\/de\/wp-json\/wp\/v2\/pages\/1032","targetHints":{"allow":["GET"]}}],"collection":[{"href":"https:\/\/gboetrack.com\/de\/wp-json\/wp\/v2\/pages"}],"about":[{"href":"https:\/\/gboetrack.com\/de\/wp-json\/wp\/v2\/types\/page"}],"author":[{"embeddable":true,"href":"https:\/\/gboetrack.com\/de\/wp-json\/wp\/v2\/users\/2"}],"replies":[{"embeddable":true,"href":"https:\/\/gboetrack.com\/de\/wp-json\/wp\/v2\/comments?post=1032"}],"version-history":[{"count":0,"href":"https:\/\/gboetrack.com\/de\/wp-json\/wp\/v2\/pages\/1032\/revisions"}],"wp:attachment":[{"href":"https:\/\/gboetrack.com\/de\/wp-json\/wp\/v2\/media?parent=1032"}],"curies":[{"name":"wp","href":"https:\/\/api.w.org\/{rel}","templated":true}]}}